{"id":976,"date":"2020-04-21T23:57:31","date_gmt":"2020-04-22T02:57:31","guid":{"rendered":"https:\/\/pgbv.uenf.br\/?page_id=976"},"modified":"2024-12-04T15:02:04","modified_gmt":"2024-12-04T18:02:04","slug":"instrucoes-para-defesa","status":"publish","type":"page","link":"https:\/\/pgbv.uenf.br\/es\/instrucoes-para-defesa\/","title":{"rendered":"Instrucciones para la defensa - Disertaci\u00f3n\/Tesis"},"content":{"rendered":"<p style=\"font-weight: 400;\"><strong>PREPARACI\u00d3N DE LA TESINA\/TESIS:<\/strong><br \/>\nLa disertaci\u00f3n y\/o tesis deber\u00e1 redactarse de acuerdo con las directrices de redacci\u00f3n de disertaciones y tesis del PPGBV.\u00a0<strong>(<a href=\"https:\/\/pgbv.uenf.br\/wp-content\/uploads\/2024\/12\/Normas_Dissertacao-Tese_PPGBV_2024.pdf\">pulse aqu\u00ed<\/a>).<\/strong><\/p>\n<p>&nbsp;<\/p>\n<p style=\"font-weight: 400;\"><strong>PROGRAMAR LA DEFENSA:<\/strong><\/p>\n<p>&nbsp;<\/p>\n<p style=\"font-weight: 400;\">El supervisor debe enviar un correo electr\u00f3nico a la Coordinaci\u00f3n de PPGBV, con <strong>con al menos 15 (quince) d\u00edas de antelaci\u00f3n<\/strong>\u00a0de la fecha fijada para la defensa, los siguientes documentos para programar la defensa:<\/p>\n<ol>\n<li style=\"font-weight: 400;\"><strong> Formulario de nombramiento (<\/strong><a href=\"https:\/\/pgbv.uenf.br\/es\/formularios\/\" data-saferedirecturl=\"https:\/\/www.google.com\/url?q=https:\/\/pgbv.uenf.br\/formularios\/&amp;source=gmail&amp;ust=1733315520995000&amp;usg=AOvVaw1jGtGec9X675PwRRxoKEML\"><strong>Pulse aqu\u00ed<\/strong><\/a>) firmada por el supervisor indicando los miembros titulares y suplentes con todos los dem\u00e1s datos cumplimentados.<\/li>\n<li style=\"font-weight: 400;\"><strong> Expediente acad\u00e9mico <\/strong>del estudiante de posgrado;<\/li>\n<li style=\"font-weight: 400;\">Declaraci\u00f3n de no constancia de nada\u00a0<strong>publicado por la Secretar\u00eda Acad\u00e9mica<\/strong>;<\/li>\n<li style=\"font-weight: 400;\"><strong> Curr\u00edculum v\u00edtae del miembro del Comit\u00e9 Externo<\/strong>(con informaci\u00f3n del CPF).<\/li>\n<\/ol>\n<p style=\"font-weight: 400;\"><strong>COMPOSICI\u00d3N DEL TRIBUNAL DE DEFENSA DE LA TESINA\/TESIS:<\/strong><\/p>\n<p style=\"font-weight: 400;\"><strong>\u00a0\u00a0\u00a0\u00a0\u00a0\u00a0\u00a0\u00a0\u00a0\u00a0\u00a0\u00a0\u00a0\u00a0\u00a0<\/strong>La composici\u00f3n del tribunal ser\u00e1 evaluada por el Comit\u00e9 de Coordinaci\u00f3n del PPGBV.  El tribunal para la defensa de la tesina y\/o tesis deber\u00e1 estar compuesto por:<\/p>\n<p style=\"font-weight: 400;\"><strong>MA:<\/strong><\/p>\n<p style=\"font-weight: 400;\"><strong>Miembros de pleno derecho:<\/strong><\/p>\n<ol>\n<li style=\"font-weight: 400;\">Asesor - Presidente<\/li>\n<li style=\"font-weight: 400;\">Dos miembros internos - profesores\/investigadores vinculados a la UENF y\/o a la UVV<\/li>\n<li style=\"font-weight: 400;\">Un miembro externo - profesor\/investigador doctoral vinculado a otra IES<\/li>\n<\/ol>\n<p style=\"font-weight: 400;\"><strong>Miembros suplentes (2):<\/strong><\/p>\n<ol>\n<li style=\"font-weight: 400;\">Suplente interno - profesor\/investigador doctor vinculado a la UENF y\/o a la UVV<\/li>\n<li style=\"font-weight: 400;\">Suplente externo - profesor\/investigador doctoral vinculado a otra IES<strong>\u00a0<\/strong><\/li>\n<\/ol>\n<p style=\"font-weight: 400;\"><strong>DOCTORADO:<\/strong><\/p>\n<p style=\"font-weight: 400;\"><strong>Miembros de pleno derecho:<\/strong><\/p>\n<ol>\n<li style=\"font-weight: 400;\">Asesor - Presidente<\/li>\n<li style=\"font-weight: 400;\">Dos miembros internos - profesores\/investigadores doctorales vinculados a la UENF y\/o a la UVV<\/li>\n<li style=\"font-weight: 400;\">Miembro externo - profesor\/investigador doctoral vinculado a otra IES<\/li>\n<\/ol>\n<p style=\"font-weight: 400;\"><strong>\u00a0<\/strong><\/p>\n<p style=\"font-weight: 400;\"><strong>Miembros suplentes (2):<\/strong><\/p>\n<ol>\n<li style=\"font-weight: 400;\">Suplente interno - profesores\/investigadores doctorales vinculados a la UENF y\/o a la UVV<\/li>\n<li style=\"font-weight: 400;\">Suplente externo - profesores\/investigadores doctorales vinculados a otra IES<\/li>\n<\/ol>\n<p style=\"font-weight: 400;\"><strong>\u00a0<\/strong><\/p>\n<p style=\"font-weight: 400;\"><strong>FIRMA DEL ACTA DE DEFENSA Y DE LA HOJA DE APROBACI\u00d3N DE LA TESINA\/TESIS<\/strong><\/p>\n<p style=\"font-weight: 400;\">Seg\u00fan\u00a0<a href=\"https:\/\/uenf.br\/posgraduacao\/wp-content\/uploads\/2024\/03\/06_03_24_p35_Resolucao_COLAC_no_33_2024_revoga_Resol._COLAC_no_28_2023_e_estabelece_novos_proced._para_assinatura_de_ata_de_aprovacao.pdf\" data-saferedirecturl=\"https:\/\/www.google.com\/url?q=https:\/\/uenf.br\/posgraduacao\/wp-content\/uploads\/2024\/03\/06_03_24_p35_Resolucao_COLAC_no_33_2024_revoga_Resol._COLAC_no_28_2023_e_estabelece_novos_proced._para_assinatura_de_ata_de_aprovacao.pdf&amp;source=gmail&amp;ust=1733315520995000&amp;usg=AOvVaw2JR4Wh8yM_T_HBOVf72w8Q\">Resoluci\u00f3n COLAC 033\/2024<\/a>La firma de los miembros del tribunal en el acta de aprobaci\u00f3n y en la hoja de aprobaci\u00f3n de la tesina y\/o tesis podr\u00e1 realizarse mediante firma electr\u00f3nica a trav\u00e9s de plataformas:<\/p>\n<p style=\"font-weight: 400;\">I - Certificado ICPEdu, expedido a los miembros de la comunidad universitaria de la UENF con acceso al Sistema Acad\u00e9mico;<\/p>\n<p style=\"font-weight: 400;\">II - Firma electr\u00f3nica Gov.BR, emitida por el Portal de Firma Electr\u00f3nica Gov.BR. Art.<\/p>\n<p style=\"font-weight: 400;\"><strong>ATENCI\u00d3N:<\/strong>\u00a0Si al miembro del consejo le resulta imposible firmar electr\u00f3nicamente a trav\u00e9s de Gov.BR o ICPEdu,\u00a0<strong>el presidente del consejo emitir\u00e1 una declaraci\u00f3n utilizando el sistema SEI.<\/strong><\/p>\n<p style=\"font-weight: 400;\"><strong>\u00a01- Para las ACTAS DE DEFENSA, el presidente del consejo deber\u00e1 emitir una declaraci\u00f3n en SEI, que contenga el siguiente texto:<\/strong><\/p>\n<p style=\"font-weight: 400;\">\"Por la presente declaro que el acta de la defensa de (nombre del estudiante), nivel (m\u00e1ster o doctorado), titulada (t\u00edtulo de la disertaci\u00f3n o tesis) fue aprobada en la defensa celebrada el ___\/___\/_____ por el\/los miembro(s) (mencionar el nombre completo de cada miembro) del comit\u00e9 incapaz de firmar el documento\".<\/p>\n<p style=\"font-weight: 400;\"><strong>OBS.\u00a0<\/strong>Esta declaraci\u00f3n debe adjuntarse al acta de defensa impresa y\/o digital (formulario 10).<\/p>\n<p style=\"font-weight: 400;\"><strong>2 - Para la HOJA DE APROBACI\u00d3N de la versi\u00f3n final de las tesinas y tesis, el presidente del tribunal deber\u00e1 emitir una declaraci\u00f3n en SEI que contenga el siguiente texto:<\/strong><\/p>\n<p style=\"font-weight: 400;\">\"Por la presente declaro que la versi\u00f3n final de la disertaci\u00f3n de (nombre del estudiante), de nivel (m\u00e1ster o doctorado), titulada (t\u00edtulo de la disertaci\u00f3n o tesis) fue aprobada en la defensa celebrada el ___\/___\/_____ por el\/los miembro(s) (mencionar el nombre completo de cada miembro) del comit\u00e9 que no puede firmar el documento.\"<\/p>\n<p style=\"font-weight: 400;\"><strong>OBS.<\/strong>\u00a0Esta declaraci\u00f3n debe adjuntarse a la versi\u00f3n final impresa y\/o digital de la Disertaci\u00f3n y\/o Tesis.<\/p>\n<p style=\"font-weight: 400;\"><strong>\u00a0<\/strong><\/p>\n<p style=\"font-weight: 400;\"><strong>PR\u00d3RROGA DEL PLAZO DE DEFENSA DE LA TESINA\/TESIS:<\/strong><\/p>\n<p style=\"font-weight: 400;\">Seg\u00fan\u00a0<strong>Reglamento General de Postgrado - Stricto Sensu, en vigor:<\/strong><\/p>\n<p style=\"font-weight: 400;\"><strong>Art. 3<\/strong>\u00a0- El M\u00e1ster tendr\u00e1 una duraci\u00f3n m\u00ednima de 12 (doce) meses y m\u00e1xima de 24 (veinticuatro) meses y el Doctorado tendr\u00e1 una duraci\u00f3n m\u00ednima de 24 (veinticuatro) meses y m\u00e1xima de 48 (cuarenta y ocho) meses a partir de la fecha de admisi\u00f3n al Programa.<\/p>\n<ul>\n<li style=\"font-weight: 400;\"><strong> 1\u00ba<\/strong>- El estudiante de posgrado podr\u00e1 solicitar al Comit\u00e9 Coordinador del Programa (CCP) una pr\u00f3rroga de hasta 6 (seis) meses m\u00e1s. Si el CCP aprueba la solicitud, deber\u00e1 informar al Decano de Investigaci\u00f3n y Posgrado (PROPPG) y a la Secretar\u00eda Acad\u00e9mica (SECACAD).<\/li>\n<li style=\"font-weight: 400;\"><strong> 2\u00ba<\/strong>- En casos excepcionales, el estudiante de posgrado podr\u00e1 solicitar una pr\u00f3rroga de hasta 6 (seis) meses (segunda pr\u00f3rroga). Para ello, deber\u00e1 presentar la solicitud de pr\u00f3rroga al Comit\u00e9 de Coordinaci\u00f3n del Programa por lo menos tres (3) meses antes de la fecha l\u00edmite, acompa\u00f1ada de los siguientes documentos: justificaci\u00f3n de la solicitud, opini\u00f3n del supervisor, informe de actividades con el respectivo cronograma y versi\u00f3n preliminar de la disertaci\u00f3n o tesis. El alumno deber\u00e1 haber cumplido todos los requisitos exigidos en el reglamento, excepto el de la defensa. La falta de alguno de estos documentos impedir\u00e1 que sea considerado por el Comit\u00e9 Coordinador del Programa.  Una vez aprobada la solicitud, el Comit\u00e9 de Coordinaci\u00f3n la remitir\u00e1 al Consejo de Investigaci\u00f3n y Postgrado (CPPG) para su evaluaci\u00f3n.<\/li>\n<li style=\"font-weight: 400;\"><strong> 3\u00ba<\/strong>- Para el c\u00e1lculo de la duraci\u00f3n m\u00e1xima se tendr\u00e1n en cuenta los periodos durante los cuales el estudiante est\u00e9 ausente de la Universidad, a excepci\u00f3n de las ausencias por problemas de salud y la baja por maternidad.<\/li>\n<li style=\"font-weight: 400;\"><strong> 4\u00ba<\/strong>- La pr\u00f3rroga s\u00f3lo se conceder\u00e1 a los postgraduados en cuyo expediente acad\u00e9mico no conste ning\u00fan suspenso en ninguna de las asignaturas del Programa.<\/li>\n<\/ul>\n<p style=\"font-weight: 400;\">","protected":false},"excerpt":{"rendered":"<p>ELABORA\u00c7\u00c3O DA DISSERTA\u00c7\u00c3O\/TESE: A Disserta\u00e7\u00e3o e\/ou Tese deve ser elaborada de acordo com as Normas de reda\u00e7\u00e3o de Disserta\u00e7\u00f5es e Teses do PPGBV\u00a0(clique aqui). &nbsp; AGENDAMENTO DA DEFESA: &nbsp; O orientador dever\u00e1 enviar via e-mail \u00e0 Coordena\u00e7\u00e3o do PPGBV, com anteced\u00eancia m\u00ednima de 15 (quinze) dias\u00a0da data prevista para a defesa, os seguintes Documentos para [&hellip;]<\/p>\n","protected":false},"author":1,"featured_media":0,"parent":0,"menu_order":0,"comment_status":"closed","ping_status":"closed","template":"","meta":{"footnotes":""},"class_list":["post-976","page","type-page","status-publish","hentry"],"_links":{"self":[{"href":"https:\/\/pgbv.uenf.br\/es\/wp-json\/wp\/v2\/pages\/976","targetHints":{"allow":["GET"]}}],"collection":[{"href":"https:\/\/pgbv.uenf.br\/es\/wp-json\/wp\/v2\/pages"}],"about":[{"href":"https:\/\/pgbv.uenf.br\/es\/wp-json\/wp\/v2\/types\/page"}],"author":[{"embeddable":true,"href":"https:\/\/pgbv.uenf.br\/es\/wp-json\/wp\/v2\/users\/1"}],"replies":[{"embeddable":true,"href":"https:\/\/pgbv.uenf.br\/es\/wp-json\/wp\/v2\/comments?post=976"}],"version-history":[{"count":51,"href":"https:\/\/pgbv.uenf.br\/es\/wp-json\/wp\/v2\/pages\/976\/revisions"}],"predecessor-version":[{"id":4738,"href":"https:\/\/pgbv.uenf.br\/es\/wp-json\/wp\/v2\/pages\/976\/revisions\/4738"}],"wp:attachment":[{"href":"https:\/\/pgbv.uenf.br\/es\/wp-json\/wp\/v2\/media?parent=976"}],"curies":[{"name":"wp","href":"https:\/\/api.w.org\/{rel}","templated":true}]}}