{"id":946,"date":"2020-04-21T20:37:24","date_gmt":"2020-04-21T23:37:24","guid":{"rendered":"https:\/\/pgbv.uenf.br\/?page_id=946"},"modified":"2025-04-09T11:36:50","modified_gmt":"2025-04-09T14:36:50","slug":"regimento-resolucoes-e-normas","status":"publish","type":"page","link":"https:\/\/pgbv.uenf.br\/es\/regimento-resolucoes-e-normas\/","title":{"rendered":"Reglamento, resoluciones, normas y planificaci\u00f3n estrat\u00e9gica"},"content":{"rendered":"<p><\/p>\n\n\n<p style=\"font-weight: 400;\"><strong>Reglamento, resoluciones, normas y planificaci\u00f3n estrat\u00e9gica<\/strong><\/p>\n<p style=\"font-weight: 400;\"><strong>\u00a0<\/strong><strong>REGIMIENTO DEL PROGRAMA DE POSGRADO EN BIOTECNOLOG\u00cdA VEGETAL SENSU ESTRICTO<\/strong><\/p>\n<p style=\"font-weight: 400;\"><a href=\"https:\/\/pgbv.uenf.br\/wp-content\/uploads\/2021\/04\/regimento-ppgbv_abr2021.pdf\" data-saferedirecturl=\"https:\/\/www.google.com\/url?q=https:\/\/pgbv.uenf.br\/wp-content\/uploads\/2021\/04\/regimento-ppgbv_abr2021.pdf&amp;source=gmail&amp;ust=1733315521476000&amp;usg=AOvVaw3EGCakB0z9Z_a1acABMpdd\"><strong>Pulse aqu\u00ed<\/strong><\/a><\/p>\n<p><strong>REGLAMENTO DE LA C\u00c1MARA DE INVESTIGACI\u00d3N Y POSTGRADO<\/strong><\/p>\n<p><a href=\"https:\/\/pgbv.uenf.br\/wp-content\/uploads\/2025\/04\/Regimento_CPPG__ebook-2.pdf\"><strong>Pulse aqu\u00ed<\/strong><\/a><\/p>\n<p style=\"font-weight: 400;\"><strong> NORMAS PARA LA REDACCI\u00d3N DE DISERTACIONES Y TESIS<\/strong><\/p>\n<p><a href=\"https:\/\/pgbv.uenf.br\/wp-content\/uploads\/2025\/04\/Normas_Dissertacao-Tese_PPGBV_2024.pdf\"><strong>Pulse aqu\u00ed<\/strong><\/a><\/p>\n<p style=\"font-weight: 400;\"><strong>REGLAMENTO GENERAL DE POSGRADO - STRICTO SENSU\u00a0<br \/><\/strong><\/p>\n<p style=\"font-weight: 400;\"><a href=\"https:\/\/pgbv.uenf.br\/wp-content\/uploads\/2025\/04\/Normas_de_Pos_Graduacao_Strictu_Senso_ebook-1.pdf\"><strong>Pulse aqu\u00ed<\/strong><\/a><\/p>\n<p style=\"font-weight: 400;\"><strong>VARIAS RESOLUCIONES:<\/strong><\/p>\n<p><strong><a href=\"https:\/\/pgbv.uenf.br\/wp-content\/uploads\/2024\/12\/Resolucao-no-01_2024_Acumulo_de_Bolsa_PPGBV_UENF_RJ-e-UVV_ES.pdf\">Resoluci\u00f3n n\u00ba 01\/2024 - Dispone la concesi\u00f3n y acumulaci\u00f3n de becas<\/a><\/strong><\/p>\n<p style=\"font-weight: 400;\"><a href=\"http:\/\/uenf.br\/posgraduacao\/wp-content\/uploads\/2024\/10\/SEI_85069108_Resolucao___NI_COLAC_No_40.pdf\" data-saferedirecturl=\"https:\/\/www.google.com\/url?q=http:\/\/uenf.br\/posgraduacao\/wp-content\/uploads\/2024\/10\/SEI_85069108_Resolucao___NI_COLAC_No_40.pdf&amp;source=gmail&amp;ust=1733315521476000&amp;usg=AOvVaw26ltIXW2xLuMfS1Hk3a0te\"><strong>RESOLUCI\u00d3N UENF\/COLAC No. 40\/2024 - Establece Nuevas Directrices para el Programa de Pasant\u00eda Postdoctoral (Pepd) de la Universidad Estatal del Norte de R\u00edo de Janeiro Darcy Ribeiro y Deroga las Resoluciones Colac 004\/2008, 005\/2008, 18\/2022 y 36\/2024<\/strong><\/a><strong>\u00a0(SEI-260002\/001914\/2024) (<\/strong><a href=\"http:\/\/uenf.br\/posgraduacao\/wp-content\/uploads\/2024\/10\/15_10_24_p19_Resolucao_COLAC_no_40_estabelece_novas_diretrizes_programa_de_estagio_pos_doutoral_PEPD.pdf\" data-saferedirecturl=\"https:\/\/www.google.com\/url?q=http:\/\/uenf.br\/posgraduacao\/wp-content\/uploads\/2024\/10\/15_10_24_p19_Resolucao_COLAC_no_40_estabelece_novas_diretrizes_programa_de_estagio_pos_doutoral_PEPD.pdf&amp;source=gmail&amp;ust=1733315521476000&amp;usg=AOvVaw2zjie9S-7Urh9b_wzU83uW\"><strong>DO<\/strong><\/a><strong>)<\/strong><\/p>\n<p style=\"font-weight: 400;\"><a href=\"https:\/\/uenf.br\/posgraduacao\/wp-content\/uploads\/2024\/03\/25-03-24-p19-e-20-Resolucao-COLAC-no-34-2024-dispoe-sobre-implementacao-inicial-e-acumulo-de-bolsas-de-mestrado-e-doutorado.pdf\" data-saferedirecturl=\"https:\/\/www.google.com\/url?q=https:\/\/uenf.br\/posgraduacao\/wp-content\/uploads\/2024\/03\/25-03-24-p19-e-20-Resolucao-COLAC-no-34-2024-dispoe-sobre-implementacao-inicial-e-acumulo-de-bolsas-de-mestrado-e-doutorado.pdf&amp;source=gmail&amp;ust=1733315521476000&amp;usg=AOvVaw3UfK8imAu2zGmKmYK1poZL\"><strong>Resoluci\u00f3n COLAC n\u00ba 034\/2024 - Dispone la implantaci\u00f3n inicial y la acumulaci\u00f3n de becas de maestr\u00eda y doctorado concedidas por la CAPES en el \u00e1mbito de la UENF.<\/strong><\/a><\/p>\n<p style=\"font-weight: 400;\"><strong><a href=\"https:\/\/uenf.br\/posgraduacao\/wp-content\/uploads\/2024\/03\/06_03_24_p35_Resolucao_COLAC_no_33_2024_revoga_Resol._COLAC_no_28_2023_e_estabelece_novos_proced._para_assinatura_de_ata_de_aprovacao.pdf\" data-saferedirecturl=\"https:\/\/www.google.com\/url?q=https:\/\/uenf.br\/posgraduacao\/wp-content\/uploads\/2024\/03\/06_03_24_p35_Resolucao_COLAC_no_33_2024_revoga_Resol._COLAC_no_28_2023_e_estabelece_novos_proced._para_assinatura_de_ata_de_aprovacao.pdf&amp;source=gmail&amp;ust=1733315521476000&amp;usg=AOvVaw1Y3AeGh_BzcoXQPSCef3by\">Resoluci\u00f3n COLAC 33\/2024 - Deroga la RESOLUCI\u00d3N COLAC n\u00ba 28\/2023 Y ESTABLECE NUEVOS PROCEDIMIENTOS PARA LA FIRMA DE LAS ACTAS DE APROBACI\u00d3N Y LAS FICHAS DE APROBACI\u00d3N DE DISERTACIONES Y TESIS Y ADOPTA OTRAS DISPOSICIONES.<\/a><\/strong><\/p>\n<p style=\"font-weight: 400;\"><a href=\"https:\/\/uenf.br\/reitoria\/wp-content\/uploads\/2023\/08\/Resolucao-COLAC-28-2023-Estabelece-procedimentos-para-assinatura-de-ata-de-aprovacao-dissertacao-e-tese.pdf\" data-saferedirecturl=\"https:\/\/www.google.com\/url?q=https:\/\/uenf.br\/reitoria\/wp-content\/uploads\/2023\/08\/Resolucao-COLAC-28-2023-Estabelece-procedimentos-para-assinatura-de-ata-de-aprovacao-dissertacao-e-tese.pdf&amp;source=gmail&amp;ust=1733315521476000&amp;usg=AOvVaw1ee7Aj62ZP7yW0GkIKE6Qk\"><strong>Resoluci\u00f3n COLAC n\u00ba 028\/2023 - Establece procedimientos para la firma de actas de aprobaci\u00f3n de disertaciones y tesis<\/strong><\/a><\/p>\n<p style=\"font-weight: 400;\"><a href=\"https:\/\/uenf.br\/posgraduacao\/wp-content\/uploads\/2024\/08\/SEI_78247241_Resolucao-CPPG-001-2024.pdf\" data-saferedirecturl=\"https:\/\/www.google.com\/url?q=https:\/\/uenf.br\/posgraduacao\/wp-content\/uploads\/2024\/08\/SEI_78247241_Resolucao-CPPG-001-2024.pdf&amp;source=gmail&amp;ust=1733315521476000&amp;usg=AOvVaw1VmzhvJs3zXxdK06mz5c1b\"><strong>La Resoluci\u00f3n 01\/2024 del CPPG establece nuevas directrices para la participaci\u00f3n de los miembros de los tribunales de examen y la forma de presentaci\u00f3n de la disertaci\u00f3n o tesis, proyecto o examen de calificaci\u00f3n y deroga la Resoluci\u00f3n 01\/2016 del CPPG.<\/strong><\/a><\/p>\n<p style=\"font-weight: 400;\"><a href=\"https:\/\/uenf.br\/posgraduacao\/wp-content\/uploads\/2022\/02\/Resolucao-CPPG-01-2022.pdf\" data-saferedirecturl=\"https:\/\/www.google.com\/url?q=https:\/\/uenf.br\/posgraduacao\/wp-content\/uploads\/2022\/02\/Resolucao-CPPG-01-2022.pdf&amp;source=gmail&amp;ust=1733315521476000&amp;usg=AOvVaw0vifG7o9L5pW4uZLhPHo0C\"><strong>Resoluci\u00f3n CPPG n\u00ba 001, de 26 de enero de 2022 - Regulaci\u00f3n de la renuncia al t\u00edtulo de m\u00e1ster estipulado en el art. 18 del reglamento general de postgrado - stricto sensu<\/strong><\/a><\/p>\n<p style=\"font-weight: 400;\"><a href=\"https:\/\/uenf.br\/posgraduacao\/wp-content\/uploads\/2021\/05\/Resolucao-CPPG-No-002-2021-SEI_SEI_260009_001240_2021.pdf\" data-saferedirecturl=\"https:\/\/www.google.com\/url?q=https:\/\/uenf.br\/posgraduacao\/wp-content\/uploads\/2021\/05\/Resolucao-CPPG-No-002-2021-SEI_SEI_260009_001240_2021.pdf&amp;source=gmail&amp;ust=1733315521476000&amp;usg=AOvVaw131BUQRtRlQboRdsM2TMny\"><strong>Resoluci\u00f3n CPPG n\u00ba 002 de 28 de abril de 2021 - Regula la entrega de las versiones finales de los trabajos de defensa\/composici\u00f3n firmados en el \u00e1mbito de los Estudios de Postgrado.<\/strong><\/a><\/p>\n<p style=\"font-weight: 400;\"><a href=\"http:\/\/uenf.br\/posgraduacao\/wp-content\/uploads\/2020\/10\/Resolucao-CPPG-012016.pdf\" data-saferedirecturl=\"https:\/\/www.google.com\/url?q=http:\/\/uenf.br\/posgraduacao\/wp-content\/uploads\/2020\/10\/Resolucao-CPPG-012016.pdf&amp;source=gmail&amp;ust=1733315521476000&amp;usg=AOvVaw1ywYwGG0xMxmRILARoFoV3\"><strong>Resoluci\u00f3n CPPG n\u00ba 001 de 27 de enero de 2016 - Dispone sobre la participaci\u00f3n de los miembros de los tribunales de examen y la forma de presentaci\u00f3n de la disertaci\u00f3n o tesis.<\/strong><\/a><\/p>\n<p style=\"font-weight: 400;\"><strong>\u00a0<\/strong><a href=\"https:\/\/pgbv.uenf.br\/wp-content\/uploads\/2020\/04\/Resolu%C3%A7%C3%A3o-COLAC-001-2008-credenciamento.pdf\" data-saferedirecturl=\"https:\/\/www.google.com\/url?q=https:\/\/pgbv.uenf.br\/wp-content\/uploads\/2020\/04\/Resolu%25C3%25A7%25C3%25A3o-COLAC-001-2008-credenciamento.pdf&amp;source=gmail&amp;ust=1733315521476000&amp;usg=AOvVaw2iUG-KM8qE3p06tD2VBFCD\"><strong>Resoluci\u00f3n COLAC 001-2008<\/strong><\/a><strong>\u00a0\u2013\u00a0<\/strong><strong>Establece criterios m\u00ednimos para la acreditaci\u00f3n de profesores en los Programas de Postgrado de la UENF, para los niveles I y II, de acuerdo con el Reglamento de Postgrado (Art. 49, p\u00e1rrafo \u00fanico).<\/strong><\/p>\n<p style=\"font-weight: 400;\"><strong>\u00a0<\/strong><\/p>\n<p style=\"font-weight: 400;\"><strong>RESOLUCIONES DEL PROGRAMA:<\/strong><\/p>\n<p style=\"font-weight: 400;\"><strong>Reglamento del examen de aptitud -\u00a0<\/strong><a href=\"https:\/\/pgbv.uenf.br\/wp-content\/uploads\/2020\/08\/Resolu%C3%A7%C3%A3o-PGBV-n%C2%BA-66.201911-de-outubro-de-2019-Regras-de-Exame-de-Qualifica%C3%A7%C3%A3o-aprovado-pela-PROPPG-em-23.10.2019.pdf\" data-saferedirecturl=\"https:\/\/www.google.com\/url?q=https:\/\/pgbv.uenf.br\/wp-content\/uploads\/2020\/08\/Resolu%25C3%25A7%25C3%25A3o-PGBV-n%25C2%25BA-66.201911-de-outubro-de-2019-Regras-de-Exame-de-Qualifica%25C3%25A7%25C3%25A3o-aprovado-pela-PROPPG-em-23.10.2019.pdf&amp;source=gmail&amp;ust=1733315521476000&amp;usg=AOvVaw3qAQ1U65YrtXfGPB6i_wuE\"><strong>PGBV Resoluci\u00f3n n\u00ba 66\/2019 - 11 de octubre<\/strong><\/a><\/p>\n<p style=\"font-weight: 400;\"><strong>Resoluci\u00f3n de la beca CAPES PPGBV 01\/2024<\/strong><\/p>\n\n\n<p><strong>PLANIFICACI\u00d3N ESTRAT\u00c9GICA:<\/strong><\/p>\n\n\n\n<p><strong><a href=\"https:\/\/pgbv.uenf.br\/wp-content\/uploads\/2025\/04\/VF_Planejamento-Estrategico-2023-2028.pdf\">Pulse aqu\u00ed<\/a><\/strong><\/p>","protected":false},"excerpt":{"rendered":"<p>Regimento, Resolu\u00e7\u00f5es ,\u00a0 Normas e Planejamento Estrat\u00e9gico \u00a0REGIMENTO DO PROGRAMA DE P\u00d3S-GRADUA\u00c7\u00c3O STRICTO SENSU em BIOTECNOLOGIA VEGETAL Clique aqui REGIMENTO DA C\u00c2MARA DE PESQUISA E P\u00d3S GRADUA\u00c7\u00c3O Clique aqui NORMAS PARA A ELABORA\u00c7\u00c3O DE DISSERTA\u00c7\u00d5ES E TESES Clique aqui NORMAS GERAIS DE P\u00d3S-GRADUA\u00c7\u00c3O \u2013 STRICTO SENSU\u00a0 Clique aqui RESOLU\u00c7\u00d5ES DIVERSAS: Resolu\u00e7\u00e3o n\u00ba 01\/2024 &#8211; Disp\u00f5e [&hellip;]<\/p>\n","protected":false},"author":1,"featured_media":0,"parent":0,"menu_order":0,"comment_status":"closed","ping_status":"closed","template":"","meta":{"footnotes":""},"class_list":["post-946","page","type-page","status-publish","hentry"],"_links":{"self":[{"href":"https:\/\/pgbv.uenf.br\/es\/wp-json\/wp\/v2\/pages\/946","targetHints":{"allow":["GET"]}}],"collection":[{"href":"https:\/\/pgbv.uenf.br\/es\/wp-json\/wp\/v2\/pages"}],"about":[{"href":"https:\/\/pgbv.uenf.br\/es\/wp-json\/wp\/v2\/types\/page"}],"author":[{"embeddable":true,"href":"https:\/\/pgbv.uenf.br\/es\/wp-json\/wp\/v2\/users\/1"}],"replies":[{"embeddable":true,"href":"https:\/\/pgbv.uenf.br\/es\/wp-json\/wp\/v2\/comments?post=946"}],"version-history":[{"count":48,"href":"https:\/\/pgbv.uenf.br\/es\/wp-json\/wp\/v2\/pages\/946\/revisions"}],"predecessor-version":[{"id":5062,"href":"https:\/\/pgbv.uenf.br\/es\/wp-json\/wp\/v2\/pages\/946\/revisions\/5062"}],"wp:attachment":[{"href":"https:\/\/pgbv.uenf.br\/es\/wp-json\/wp\/v2\/media?parent=946"}],"curies":[{"name":"wp","href":"https:\/\/api.w.org\/{rel}","templated":true}]}}