{"id":920,"date":"2020-04-21T19:49:37","date_gmt":"2020-04-21T22:49:37","guid":{"rendered":"https:\/\/pgbv.uenf.br\/?page_id=920"},"modified":"2025-01-24T10:49:20","modified_gmt":"2025-01-24T13:49:20","slug":"bolsas-de-pesquisa","status":"publish","type":"page","link":"https:\/\/pgbv.uenf.br\/es\/bolsas-de-pesquisa\/","title":{"rendered":"Becas y ayudas"},"content":{"rendered":"<div class=\"container-fluid\" style=\"padding: 15px; text-align: justify;\">\n<div class=\"datagrid\" style=\"width: 95%; margin: auto;\">\n<p style=\"font-weight: 400;\">El PPGBV recibe becas para programas de m\u00e1ster y doctorado de las agencias de financiaci\u00f3n CAPES, CNPq, UENF y FAPERJ.  Las becas son administradas por los coordinadores del PPG-ERN y por el Decano de Investigaci\u00f3n y Postgrado de la UENF.  Las becas tienen una duraci\u00f3n regular de 24 meses para los programas de maestr\u00eda y de 48 meses para los programas de doctorado.<\/p>\n<p style=\"font-weight: 400;\">El estudiante recibe una beca en funci\u00f3n de sus m\u00e9ritos, seg\u00fan su clasificaci\u00f3n en el proceso de selecci\u00f3n para la admisi\u00f3n en el PPGERN. No obstante, la concesi\u00f3n de una beca est\u00e1 sujeta a la disponibilidad de la instituci\u00f3n y los organismos de financiaci\u00f3n y a las normas vigentes del Programa.<\/p>\n<p style=\"font-weight: 400;\">El PPGBV recibe financiaci\u00f3n anual de la CAPES (PROAP-CAPES), que se utiliza principalmente para las dietas de los estudiantes para eventos cient\u00edficos y actividades de campo.  Se anima a los estudiantes y a sus supervisores a buscar apoyo y financiaci\u00f3n para su proyecto de investigaci\u00f3n en fuentes externas.<\/p>\n<p style=\"font-weight: 400;\"><strong>\u00a0<\/strong><\/p>\n<p style=\"font-weight: 400;\"><strong>Los estudiantes que vayan a recibir becas de la FAPERJ y de la UENF deber\u00e1n cumplimentar el REGISTRO DE USUARIO EXTERNO SEI RJ (<a href=\"https:\/\/uenf.br\/graduacao\/usuario-sei-externo\/\">Pulse aqu\u00ed<\/a>) \u00a0<\/strong><\/p>\n<p style=\"font-weight: 400;\"><strong>BECA UENF<\/strong><\/p>\n<p style=\"font-weight: 400;\"><a href=\"https:\/\/uenf.br\/posgraduacao\/bolsas\/bolsa-uenf\/\" data-saferedirecturl=\"https:\/\/www.google.com\/url?q=https:\/\/uenf.br\/posgraduacao\/bolsas\/bolsa-uenf\/&amp;source=gmail&amp;ust=1733315521476000&amp;usg=AOvVaw0OyGbHjNc5H2BHrCvMwtU5\">Pulse aqu\u00ed\u00a0<\/a>para obtener orientaci\u00f3n sobre la aplicaci\u00f3n de la beca de la UENF.<\/p>\n<p style=\"font-weight: 400;\"><strong>\u00a0<\/strong><\/p>\n<p style=\"font-weight: 400;\"><strong>BECA FAPERJ<\/strong><\/p>\n<p style=\"font-weight: 400;\">La beca FAPERJ se implementa a trav\u00e9s de la plataforma SisFaperj. Para iniciar este proceso, el estudiante DEBE:<\/p>\n<p style=\"font-weight: 400;\">1-\u00a0<strong>REGISTRO DE USUARIO EXTERNO SEI RJ (<\/strong><a href=\"https:\/\/pge.rj.gov.br\/sei\/cadastro-de-usuario-externo-sei-rj\" data-saferedirecturl=\"https:\/\/www.google.com\/url?q=https:\/\/pge.rj.gov.br\/sei\/cadastro-de-usuario-externo-sei-rj&amp;source=gmail&amp;ust=1733315521476000&amp;usg=AOvVaw2iC6TeWRrvDxoUIWiJEf5O\"><strong>Pulse aqu\u00ed<\/strong><\/a><strong>);<\/strong><\/p>\n<p style=\"font-weight: 400;\">2- \u00a0<strong>registrarse en SisFaperj<\/strong>\u00a0(<a href=\"https:\/\/sisfaperj.faperj.br\/\" data-saferedirecturl=\"https:\/\/www.google.com\/url?q=https:\/\/sisfaperj.faperj.br\/&amp;source=gmail&amp;ust=1733315521476000&amp;usg=AOvVaw3RgIpeI4b8aIKUIlPPdxVN\">pulse aqu\u00ed<\/a>\u00a0- haga clic en \"Este es mi primer inicio de sesi\u00f3n\"). Rellene toda la informaci\u00f3n en la pesta\u00f1a \"mi registro\".<\/p>\n<p style=\"font-weight: 400;\"><strong>IMPORTANTE:<\/strong>\u00a0en \"mi inscripci\u00f3n\", al rellenar el enlace con la UENF, elija siempre \"Universidade Estadual do Norte Fluminense\" (NO DEBE elegir \"Universidade Estadual do Norte Fluminense Darcy Ribeiro\")<\/p>\n<p style=\"font-weight: 400;\">Despu\u00e9s de inscribirse, el estudiante debe enviar el n\u00famero de matr\u00edcula generado a la coordinaci\u00f3n por correo electr\u00f3nico\u00a0<a href=\"mailto:pgbv.secretaria@uenf.br\">pgbv.secretaria@uenf.br<\/a>\u00a0.<\/p>\n<p style=\"font-weight: 400;\"><strong>ATENCI\u00d3N: Al final de la beca FAPERJ,\u00a0<\/strong>Estudiante de PPGBV - UENF\u00a0<strong>El becario de la FAPERJ, deber\u00e1 presentar el \"Informe de Actividades de la Beca\" dentro de los 60 d\u00edas siguientes a la defensa de la disertaci\u00f3n\/tesis.  Este informe debe ser enviado por el ORIENTADOR a trav\u00e9s de\u00a0<\/strong><a href=\"https:\/\/sisfaperj.faperj.br\/\" data-saferedirecturl=\"https:\/\/www.google.com\/url?q=https:\/\/sisfaperj.faperj.br\/&amp;source=gmail&amp;ust=1733315521476000&amp;usg=AOvVaw3RgIpeI4b8aIKUIlPPdxVN\"><strong>SisFaperj<\/strong><\/a><strong>en FORMATO PDF (tama\u00f1o m\u00e1ximo 10 Mb), seg\u00fan\u00a0<\/strong><a href=\"https:\/\/www.faperj.br\/?id=100.5.6\" data-saferedirecturl=\"https:\/\/www.google.com\/url?q=https:\/\/www.faperj.br\/?id%3D100.5.6&amp;source=gmail&amp;ust=1733315521476000&amp;usg=AOvVaw2hRE0BmCsQTDiYX3CUEYa8\"><strong>Instrucciones para presentar los informes de actividad de las subvenciones FAPERJ<\/strong><\/a><strong>.<\/strong><\/p>\n<p style=\"font-weight: 400;\"><strong>\u00a0<\/strong><\/p>\n<p style=\"font-weight: 400;\"><strong>Circular n\u00ba 17\/2024 CBIP\/CGFIP\/DPB\/CAPES(07.01.2025)<\/strong>:<a href=\"https:\/\/pgbv.uenf.br\/wp-content\/uploads\/2025\/01\/SEI_CAPES-2503062-Oficio-Circular_novas-regras-p-prorrogacao_de_Bolsa_de_estudos_Licenca-Maternidade.pdf\"> Nuevas normas para prorrogar las becas durante el permiso de maternidad<\/a><\/p>\n<\/div>\n<\/div>\n\n\n<p><\/p>","protected":false},"excerpt":{"rendered":"<p>O PPGBV recebe bolsas de estudo para mestrado e doutorado pelas ag\u00eancias de fomento CAPES, CNPq, UENF e FAPERJ.\u00a0 As bolsas de estudo s\u00e3o administradas pela coordena\u00e7\u00e3o do PPG-ERN e pela Pr\u00f3-Reitoria de Pesquisa e P\u00f3s-Gradua\u00e7\u00e3o da UENF.\u00a0 As bolsas tem dura\u00e7\u00e3o regular de 24 meses para mestrado e de 48 meses para doutorado. O [&hellip;]<\/p>\n","protected":false},"author":1,"featured_media":0,"parent":0,"menu_order":0,"comment_status":"closed","ping_status":"closed","template":"","meta":{"footnotes":""},"class_list":["post-920","page","type-page","status-publish","hentry"],"_links":{"self":[{"href":"https:\/\/pgbv.uenf.br\/es\/wp-json\/wp\/v2\/pages\/920","targetHints":{"allow":["GET"]}}],"collection":[{"href":"https:\/\/pgbv.uenf.br\/es\/wp-json\/wp\/v2\/pages"}],"about":[{"href":"https:\/\/pgbv.uenf.br\/es\/wp-json\/wp\/v2\/types\/page"}],"author":[{"embeddable":true,"href":"https:\/\/pgbv.uenf.br\/es\/wp-json\/wp\/v2\/users\/1"}],"replies":[{"embeddable":true,"href":"https:\/\/pgbv.uenf.br\/es\/wp-json\/wp\/v2\/comments?post=920"}],"version-history":[{"count":31,"href":"https:\/\/pgbv.uenf.br\/es\/wp-json\/wp\/v2\/pages\/920\/revisions"}],"predecessor-version":[{"id":4803,"href":"https:\/\/pgbv.uenf.br\/es\/wp-json\/wp\/v2\/pages\/920\/revisions\/4803"}],"wp:attachment":[{"href":"https:\/\/pgbv.uenf.br\/es\/wp-json\/wp\/v2\/media?parent=920"}],"curies":[{"name":"wp","href":"https:\/\/api.w.org\/{rel}","templated":true}]}}