{"id":895,"date":"2020-04-21T16:57:08","date_gmt":"2020-04-21T19:57:08","guid":{"rendered":"https:\/\/pgbv.uenf.br\/?page_id=895"},"modified":"2024-11-01T15:37:08","modified_gmt":"2024-11-01T18:37:08","slug":"elaboracao-de-projeto","status":"publish","type":"page","link":"https:\/\/pgbv.uenf.br\/es\/elaboracao-de-projeto\/","title":{"rendered":"Preparaci\u00f3n del proyecto"},"content":{"rendered":"<div class=\"container-fluid\" style=\"text-align: center; font-size: 18px; padding-bottom: 15px;\"><strong>PROYECTO DE INVESTIGACI\u00d3N (M\u00c1STER\/DOCTORADO)<\/strong><\/div>\n<div id=\"inscricao\" class=\"container-fluid\" style=\"text-align: justify; text-indent: 50px;\">\n<hr class=\"botm-line5\" \/>\n<\/div>\n<div id=\"observacao\" class=\"container-fluid\" style=\"padding: 12px 12px; text-align: justify;\">\n<div style=\"text-indent: 5px; padding: 0px 15px;\">\n<p style=\"font-weight: 400;\"><strong>DESARROLLO DEL PROYECTO<\/strong><\/p>\n<p style=\"font-weight: 400;\">El proyecto de tesina y\/o de tesis deber\u00e1 elaborarse de conformidad con el\u00a0<a href=\"https:\/\/pgbv.uenf.br\/wp-content\/uploads\/2024\/11\/ROTEIRO-PARA-ELABORACAO-DE-PROJETO-DE-PESQUISA-EM-BIOTECNOLOGIA-VEGETAL-aprovado-revisado2024.docx\"><strong>GUI\u00d3N PARA PREPARAR UN PROYECTO DE INVESTIGACI\u00d3N EN BIOTECNOLOG\u00cdA VEGETAL<\/strong><\/a><\/p>\n<p style=\"font-weight: 400;\"><strong>\u00a0<\/strong><\/p>\n<p style=\"font-weight: 400;\"><strong>DEFENSA DEL PROYECTO<\/strong><\/p>\n<ol>\n<li style=\"font-weight: 400;\">a)La defensa del proyecto deber\u00e1 realizarse antes de la \u00faltima semana del segundo semestre del curso tras la inscripci\u00f3n;<\/li>\n<li style=\"font-weight: 400;\">b)La defensa tendr\u00e1 lugar ante un tribunal compuesto por:<\/li>\n<\/ol>\n<ul>\n<li style=\"font-weight: 400;\">M\u00e1ster: 2 profesores\/investigadores con doctorado;<\/li>\n<li style=\"font-weight: 400;\">Doctorado: 3 profesores\/investigadores con doctorado;<\/li>\n<\/ul>\n<ol>\n<li style=\"font-weight: 400;\"><strong>c) El supervisor designar\u00e1 a los miembros del panel y ser\u00e1 su presidente.<\/strong><\/li>\n<\/ol>\n<p style=\"font-weight: 400;\"><strong>PROGRAMAR LA DEFENSA:<\/strong><\/p>\n<ol>\n<li style=\"font-weight: 400;\">a) La defensa debe estar programada<strong>al menos 15 d\u00edas antes de la fecha prevista para la defensa<\/strong>;<\/li>\n<li style=\"font-weight: 400;\">b) Para concertar una cita, el supervisor deber\u00e1 enviar un correo electr\u00f3nico al Comit\u00e9 de Coordinaci\u00f3n del Programa adjuntando el<strong>formulario de reserva para la defensa del proyecto<\/strong>rellenado con toda la informaci\u00f3n;<\/li>\n<li style=\"font-weight: 400;\">c) El proyecto deber\u00e1 ser entregado por el alumno a los miembros del tribunal calificador con<strong>al menos 7 d\u00edas antes de la fecha prevista para la defensa.<\/strong><\/li>\n<\/ol>\n<p style=\"font-weight: 400;\">\n<\/div>\n<\/div>\n<div class=\"container-fluid\" style=\"padding: 15px; text-align: justify;\">\n<hr class=\"botm-line5\" \/>\n<p><strong>FORMULARIOS:<\/strong><\/p>\n<div class=\"datagrid\" style=\"width: 70%;\">\n<table id=\"tablepress-19\" class=\"tablepress tablepress-id-19\">\n<thead>\n<tr class=\"row-1\">\n\t<th class=\"column-1\">Documento<\/th><th class=\"column-2\">Descargar<\/th>\n<\/tr>\n<\/thead>\n<tbody class=\"row-striping row-hover\">\n<tr class=\"row-2\">\n\t<td class=\"column-1\">Formulario de defensa del proyecto<\/td><td class=\"column-2\"><a href=\"https:\/\/pgbv.uenf.br\/wp-content\/uploads\/2024\/11\/Formulario-Defesa-de-Projeto-3-rev-2024.doc\" rel=\"noopener noreferrer\" target=\"_blank\"><i class=\"fa fa-arrow-circle-o-down fa-4.x\"><\/i><\/a><\/td>\n<\/tr>\n<\/tbody>\n<\/table>\n<!-- #tablepress-19 from cache --><\/div>\n<\/div>","protected":false},"excerpt":{"rendered":"<p>PROJETO DE PESQUISA (MESTRADO\/DOUTORADO) ELABORA\u00c7\u00c3O DE PROJETO O projeto de Disserta\u00e7\u00f5es e\/ou Tese deve ser elaborado de acordo com o\u00a0ROTEIRO PARA ELABORA\u00c7\u00c3O DE PROJETO DE PESQUISA EM BIOTECNOLOGIA VEGETAL \u00a0 DEFESA DO PROJETO a)A defesa do Projeto deve ser realizada at\u00e9 a \u00faltima semana letiva do segundo semestre do curso ap\u00f3s a matr\u00edcula; b)A defesa [&hellip;]<\/p>\n","protected":false},"author":1,"featured_media":0,"parent":0,"menu_order":0,"comment_status":"closed","ping_status":"closed","template":"","meta":{"footnotes":""},"class_list":["post-895","page","type-page","status-publish","hentry"],"_links":{"self":[{"href":"https:\/\/pgbv.uenf.br\/es\/wp-json\/wp\/v2\/pages\/895","targetHints":{"allow":["GET"]}}],"collection":[{"href":"https:\/\/pgbv.uenf.br\/es\/wp-json\/wp\/v2\/pages"}],"about":[{"href":"https:\/\/pgbv.uenf.br\/es\/wp-json\/wp\/v2\/types\/page"}],"author":[{"embeddable":true,"href":"https:\/\/pgbv.uenf.br\/es\/wp-json\/wp\/v2\/users\/1"}],"replies":[{"embeddable":true,"href":"https:\/\/pgbv.uenf.br\/es\/wp-json\/wp\/v2\/comments?post=895"}],"version-history":[{"count":21,"href":"https:\/\/pgbv.uenf.br\/es\/wp-json\/wp\/v2\/pages\/895\/revisions"}],"predecessor-version":[{"id":4662,"href":"https:\/\/pgbv.uenf.br\/es\/wp-json\/wp\/v2\/pages\/895\/revisions\/4662"}],"wp:attachment":[{"href":"https:\/\/pgbv.uenf.br\/es\/wp-json\/wp\/v2\/media?parent=895"}],"curies":[{"name":"wp","href":"https:\/\/api.w.org\/{rel}","templated":true}]}}