{"id":873,"date":"2020-04-21T11:48:30","date_gmt":"2020-04-21T14:48:30","guid":{"rendered":"https:\/\/pgbv.uenf.br\/?page_id=873"},"modified":"2025-12-11T12:39:30","modified_gmt":"2025-12-11T15:39:30","slug":"calendario","status":"publish","type":"page","link":"https:\/\/pgbv.uenf.br\/es\/calendario\/","title":{"rendered":"Calendario"},"content":{"rendered":"<div id=\"Oferta do semestre-atual\">\n<h3 class=\"has-text-align-center\"><span style=\"color: #ff0000;\"><strong>Calendario de programas de posgrado<\/strong><\/span><\/h3>\n<\/div>\n\n\n<p class=\"has-text-align-center\"><strong> 1er y 2\u00ba SEMESTRE 2026<\/strong><\/p>\n\n\n\n<p class=\"has-text-align-center\">Haga clic en el panel de abajo para acceder al calendario acad\u00e9mico del semestre.<br><\/p>\n\n\n\n<iframe class=\"wonderplugin-pdf-iframe\" src=\"https:\/\/pgbv.uenf.br\/wp-content\/plugins\/wonderplugin-pdf-embed\/pdfjslight\/web\/viewer.html?v=2&file=https:\/\/pgbv.uenf.br\/wp-content\/uploads\/2025\/12\/CalendarioAcademico2026PROPPG.pdf\" width=\"100%\" height=\"600px\" style=\"border:0;\"><\/iframe>\n\n\n\n<p><\/p>","protected":false},"excerpt":{"rendered":"<p>Calend\u00e1rio da P\u00f3s-Gradua\u00e7\u00e3o 1\u00ba e 2\u00ba SEMESTRE DE 2026 Clique no painel abaixo, para acessar o calend\u00e1rio acad\u00eamico para o semestre.<\/p>","protected":false},"author":1,"featured_media":0,"parent":0,"menu_order":0,"comment_status":"closed","ping_status":"closed","template":"","meta":{"footnotes":""},"class_list":["post-873","page","type-page","status-publish","hentry"],"_links":{"self":[{"href":"https:\/\/pgbv.uenf.br\/es\/wp-json\/wp\/v2\/pages\/873","targetHints":{"allow":["GET"]}}],"collection":[{"href":"https:\/\/pgbv.uenf.br\/es\/wp-json\/wp\/v2\/pages"}],"about":[{"href":"https:\/\/pgbv.uenf.br\/es\/wp-json\/wp\/v2\/types\/page"}],"author":[{"embeddable":true,"href":"https:\/\/pgbv.uenf.br\/es\/wp-json\/wp\/v2\/users\/1"}],"replies":[{"embeddable":true,"href":"https:\/\/pgbv.uenf.br\/es\/wp-json\/wp\/v2\/comments?post=873"}],"version-history":[{"count":40,"href":"https:\/\/pgbv.uenf.br\/es\/wp-json\/wp\/v2\/pages\/873\/revisions"}],"predecessor-version":[{"id":5516,"href":"https:\/\/pgbv.uenf.br\/es\/wp-json\/wp\/v2\/pages\/873\/revisions\/5516"}],"wp:attachment":[{"href":"https:\/\/pgbv.uenf.br\/es\/wp-json\/wp\/v2\/media?parent=873"}],"curies":[{"name":"wp","href":"https:\/\/api.w.org\/{rel}","templated":true}]}}