{"id":830,"date":"2020-04-20T17:33:32","date_gmt":"2020-04-20T20:33:32","guid":{"rendered":"https:\/\/pgbv.uenf.br\/?page_id=830"},"modified":"2024-10-31T12:19:52","modified_gmt":"2024-10-31T15:19:52","slug":"aluno-especial","status":"publish","type":"page","link":"https:\/\/pgbv.uenf.br\/es\/aluno-especial\/","title":{"rendered":"Estudiante especial"},"content":{"rendered":"<p><\/p>\n\n\n\n<p><strong>Documentaci\u00f3n necesaria:<\/strong><br>- Formulario de solicitud (https:\/\/uenf.br\/posgraduacao\/wp-content\/uploads\/2019\/12\/Fomulario-inscricao-Processo-seletivo_PG-especial.pdf)<\/p>\n\n\n\n<p>- Copia de la Tarjeta de Identidad Civil, CPF, Registro Civil, T\u00edtulo Electoral y Documento Militar;<\/p>\n\n\n\n<p>- Copia de su t\u00edtulo universitario o equivalente;<\/p>\n\n\n\n<p>- Expediente acad\u00e9mico (final);<\/p>\n\n\n\n<p>- 1 foto digitalizada de 3\u00d74;<\/p>\n\n\n\n<p>- Curriculum Vitae;<\/p>\n\n\n\n<p><strong>Solicitud de inscripci\u00f3n:<\/strong> <a href=\"https:\/\/pgbv.uenf.br\/wp-content\/uploads\/2020\/04\/Formul\u00e1rio-de-Matr\u00edcula-de-aluno-Especial.doc\" target=\"_blank\" rel=\"noreferrer noopener\"><strong>Pulse aqu\u00ed<\/strong><\/a><\/p>\n\n\n\n<p><\/p>","protected":false},"excerpt":{"rendered":"<p>Documenta\u00e7\u00e3o Exigida:&#8211; Formul\u00e1rio de inscri\u00e7\u00e3o (https:\/\/uenf.br\/posgraduacao\/wp-content\/uploads\/2019\/12\/Fomulario-inscricao-Processo-seletivo_PG-especial.pdf) &#8211; C\u00f3pia da C\u00e9dula de Identidade Civil, CPF, Registro Civil, T\u00edtulo de Eleitor e Documento Militar; &#8211; C\u00f3pia do diploma do curso superior ou equivalente; &#8211; Hist\u00f3rico escolar (definitivo) do curso superior; &#8211; 1 foto 3&#215;4 digitalizada; &#8211; Curriculum Vitae; Requerimento de Matr\u00edcula: Clique aqui<\/p>","protected":false},"author":1,"featured_media":0,"parent":0,"menu_order":0,"comment_status":"closed","ping_status":"closed","template":"","meta":{"footnotes":""},"class_list":["post-830","page","type-page","status-publish","hentry"],"_links":{"self":[{"href":"https:\/\/pgbv.uenf.br\/es\/wp-json\/wp\/v2\/pages\/830","targetHints":{"allow":["GET"]}}],"collection":[{"href":"https:\/\/pgbv.uenf.br\/es\/wp-json\/wp\/v2\/pages"}],"about":[{"href":"https:\/\/pgbv.uenf.br\/es\/wp-json\/wp\/v2\/types\/page"}],"author":[{"embeddable":true,"href":"https:\/\/pgbv.uenf.br\/es\/wp-json\/wp\/v2\/users\/1"}],"replies":[{"embeddable":true,"href":"https:\/\/pgbv.uenf.br\/es\/wp-json\/wp\/v2\/comments?post=830"}],"version-history":[{"count":32,"href":"https:\/\/pgbv.uenf.br\/es\/wp-json\/wp\/v2\/pages\/830\/revisions"}],"predecessor-version":[{"id":4632,"href":"https:\/\/pgbv.uenf.br\/es\/wp-json\/wp\/v2\/pages\/830\/revisions\/4632"}],"wp:attachment":[{"href":"https:\/\/pgbv.uenf.br\/es\/wp-json\/wp\/v2\/media?parent=830"}],"curies":[{"name":"wp","href":"https:\/\/api.w.org\/{rel}","templated":true}]}}