{"id":805,"date":"2020-04-19T20:49:33","date_gmt":"2020-04-19T23:49:33","guid":{"rendered":"https:\/\/pgbv.uenf.br\/?page_id=805"},"modified":"2020-04-20T00:18:22","modified_gmt":"2020-04-20T03:18:22","slug":"editais-de-selecao","status":"publish","type":"page","link":"https:\/\/pgbv.uenf.br\/es\/editais-de-selecao\/","title":{"rendered":"Anuncios de selecci\u00f3n"},"content":{"rendered":"<div class=\"datagrid\" style=\"width: 70%;\">\n\n<table id=\"tablepress-14\" class=\"tablepress tablepress-id-14\">\n<thead>\n<tr class=\"row-1\">\n\t<th class=\"column-1\">Selecci\u00f3n de m\u00e1steres y doctorados<\/th><th class=\"column-2\">Resultados finales<\/th>\n<\/tr>\n<\/thead>\n<tbody class=\"row-striping row-hover\">\n<tr class=\"row-2\">\n\t<td class=\"column-1\"><a href=\"https:\/\/pgbv.uenf.br\/wp-content\/uploads\/2024\/09\/Edital-de-Selecao_PGBV_-2025_1-Portugues_Atualizado.pdf\" rel=\"noopener noreferrer\" target=\"_blank\">Anuncio de selecci\u00f3n 2025\/1 (versi\u00f3n portuguesa)<\/a><br \/>\n<a href=\"https:\/\/pgbv.uenf.br\/wp-content\/uploads\/2024\/09\/Edital-de-Selecao-PGBV-2025-1-ESPANOL-atualizado.pdf\" rel=\"noopener noreferrer\" target=\"_blank\">Anuncio de selecci\u00f3n 2025\/1 (versi\u00f3n espa\u00f1ola)<\/a><\/td><td class=\"column-2\"><a href=\"https:\/\/pgbv.uenf.br\/wp-content\/uploads\/2025\/07\/Resultado-final-definitivo_PGBV_2025.1.pdf\" rel=\"noopener noreferrer\" target=\"_blank\">Resultados del anuncio de selecci\u00f3n 2025\/1<\/a><\/td>\n<\/tr>\n<tr class=\"row-3\">\n\t<td class=\"column-1\"><a href=\"https:\/\/pgbv.uenf.br\/wp-content\/uploads\/2024\/05\/Edital-de-Selecao-PGBV-2024-2-ESPANOL.pdf\" rel=\"noopener noreferrer\" target=\"_blank\">Convocatoria de selecci\u00f3n 2024\/2 (versi\u00f3n espa\u00f1ola)<\/a><\/td><td class=\"column-2\"><a href=\"https:\/\/pgbv.uenf.br\/wp-content\/uploads\/2024\/08\/Resultado-Final-MS-e-DS-2024.2.pdf\" rel=\"noopener noreferrer\" target=\"_blank\">Resultados de la convocatoria de selecci\u00f3n 2024\/2<\/a><\/td>\n<\/tr>\n<tr class=\"row-4\">\n\t<td class=\"column-1\"><a href=\"https:\/\/pgbv.uenf.br\/wp-content\/uploads\/2024\/06\/Edital_RETIFICADO-de-Selecao-PGBV-2024_2.pdf\" rel=\"noopener noreferrer\" target=\"_blank\">Anuncio de selecci\u00f3n 2024\/2 (versi\u00f3n portuguesa rectificada)<\/a><br \/>\n<a href=\"https:\/\/pgbv.uenf.br\/wp-content\/uploads\/2024\/05\/Edital-de-Selecao-PGBV-2024-2-ESPANOL.pdf\" rel=\"noopener noreferrer\" target=\"_blank\">Convocatoria de selecci\u00f3n 2024\/2 (versi\u00f3n espa\u00f1ola)<\/a><\/td><td class=\"column-2\"><a href=\"https:\/\/pgbv.uenf.br\/wp-content\/uploads\/2024\/05\/Resultado-final-Mestrado_Doutorado-2024.1.pdf\" rel=\"noopener noreferrer\" target=\"_blank\">Resultados de la convocatoria de selecci\u00f3n 2024\/1<\/a><\/td>\n<\/tr>\n<tr class=\"row-5\">\n\t<td class=\"column-1\"><a href=\"https:\/\/pgbv.uenf.br\/wp-content\/uploads\/2023\/10\/Edital-de-Selecao-PGBV-2024_1_-RETIFICADO.pdf\" rel=\"noopener noreferrer\" target=\"_blank\">Anuncio de selecci\u00f3n 2024\/1 (versi\u00f3n portuguesa rectificada)<\/a><br \/>\n<a href=\"https:\/\/pgbv.uenf.br\/wp-content\/uploads\/2023\/10\/Edital-de-Selecao-PGBV-2024-1-ESPANOL_Retificado.pdf\" rel=\"noopener noreferrer\" target=\"_blank\">Convocatoria de selecci\u00f3n 2024\/1 (versi\u00f3n espa\u00f1ola rectificada)<\/a><\/td><td class=\"column-2\"><a href=\"https:\/\/pgbv.uenf.br\/wp-content\/uploads\/2023\/09\/Resultado_Final_Mestrado_Doutorado_2023.2.pdf\" rel=\"noopener noreferrer\" target=\"_blank\">Resultados de la convocatoria de selecci\u00f3n 2023\/2<\/a><\/td>\n<\/tr>\n<tr class=\"row-6\">\n\t<td class=\"column-1\"><a href=\"https:\/\/pgbv.uenf.br\/wp-content\/uploads\/2022\/10\/Edital-de-Selecao-PGBV-2023.1-2-atual-2.pdf\" rel=\"noopener noreferrer\" target=\"_blank\">Convocatoria de selecci\u00f3n 2023\/1<\/a><\/td><td class=\"column-2\"><a href=\"https:\/\/pgbv.uenf.br\/wp-content\/uploads\/2023\/04\/Resultado-final-Doutorado.-Mestrado-2023.1.pdf\" rel=\"noopener noreferrer\" target=\"_blank\">Resultados de la convocatoria de selecci\u00f3n 2023\/1<\/a><\/td>\n<\/tr>\n<tr class=\"row-7\">\n\t<td class=\"column-1\"><a href=\"https:\/\/pgbv.uenf.br\/wp-content\/uploads\/2022\/09\/Edital-de-Selecao-2022.2-Prorrogacao-das-inscricoes-ate-dia-03.07.22-alterada.pdf\" rel=\"noopener noreferrer\" target=\"_blank\">Anuncio de selecci\u00f3n 2022\/2<\/a><\/td><td class=\"column-2\"><a href=\"https:\/\/pgbv.uenf.br\/wp-content\/uploads\/2022\/07\/ResultadoMestrado-2022.2-atual-2-assinado.pdf\" rel=\"noopener noreferrer\" target=\"_blank\">Resultados del anuncio de selecci\u00f3n 2022\/2<\/a><\/td>\n<\/tr>\n<tr class=\"row-8\">\n\t<td class=\"column-1\"><a href=\"https:\/\/pgbv.uenf.br\/wp-content\/uploads\/2023\/04\/Edital-de-Selecao-2022.1-opcao-2-oficial.pdf\" rel=\"noopener noreferrer\" target=\"_blank\">Anuncio de selecci\u00f3n 2022\/1<\/a><\/td><td class=\"column-2\"><a href=\"https:\/\/pgbv.uenf.br\/wp-content\/uploads\/2023\/04\/Resultado-final-MS-e-DS-2022.1.pdf\" rel=\"noopener noreferrer\" target=\"_blank\">Resultados del anuncio de selecci\u00f3n 2022\/1<\/a><\/td>\n<\/tr>\n<tr class=\"row-9\">\n\t<td class=\"column-1\"><a href=\"https:\/\/pgbv.uenf.br\/wp-content\/uploads\/2021\/04\/Edital_de_Selecao_2021.2-2-1.pdf\" rel=\"noopener noreferrer\" target=\"_blank\">Convocatoria de selecci\u00f3n 2021\/2<\/a><\/td><td class=\"column-2\"><a href=\"https:\/\/pgbv.uenf.br\/wp-content\/uploads\/2021\/07\/Resultado-Final-definitivo-Mestrado-Doutorado-2021.2.pdf\" rel=\"noopener noreferrer\" target=\"_blank\">Resultados de la convocatoria de selecci\u00f3n 2021\/2<\/a><\/td>\n<\/tr>\n<tr class=\"row-10\">\n\t<td class=\"column-1\"><a href=\"https:\/\/pgbv.uenf.br\/wp-content\/uploads\/2020\/10\/Edital-de-Selecao-2021.1-1.pdf\" rel=\"noopener noreferrer\" target=\"_blank\">Anuncio de selecci\u00f3n 2021\/1<\/a><\/td><td class=\"column-2\"><a href=\"https:\/\/pgbv.uenf.br\/wp-content\/uploads\/2021\/02\/Resultado-Edital-Selecao-2021.1.pdf\" rel=\"noopener noreferrer\" target=\"_blank\">Resultados del anuncio de selecci\u00f3n 2021\/1<\/a><\/td>\n<\/tr>\n<tr class=\"row-11\">\n\t<td class=\"column-1\"><a href=\"https:\/\/pgbv.uenf.br\/wp-content\/uploads\/2020\/08\/Edital-de-Selecao-2020.2-atualizado-1.pdf\" rel=\"noopener noreferrer\" target=\"_blank\">Convocatoria de selecci\u00f3n 2020\/2<\/a><\/td><td class=\"column-2\"><a href=\"https:\/\/pgbv.uenf.br\/wp-content\/uploads\/2020\/08\/Resultado-final-defintivo-2020.2.pdf\" rel=\"noopener noreferrer\" target=\"_blank\">Resultados del anuncio de selecci\u00f3n 2020\/2<\/a><\/td>\n<\/tr>\n<tr class=\"row-12\">\n\t<td class=\"column-1\"><a href=\"https:\/\/pgbv.uenf.br\/wp-content\/uploads\/2020\/04\/Edital-de-Sele\u00e7\u00e3o-2020-.1-2.pdf\" rel=\"noopener noreferrer\" target=\"_blank\">Convocatoria de selecci\u00f3n 2020\/1<\/a><\/td><td class=\"column-2\"><a href=\"https:\/\/pgbv.uenf.br\/wp-content\/uploads\/2020\/04\/Resultado-final-definitivo-2020.1.pdf\" rel=\"noopener noreferrer\" target=\"_blank\">Resultados del anuncio de selecci\u00f3n 2020\/1<\/a><\/td>\n<\/tr>\n<tr class=\"row-13\">\n\t<td class=\"column-1\"><a href=\"https:\/\/pgbv.uenf.br\/wp-content\/uploads\/2020\/08\/Edital-de-Sele\u00e7\u00e3o-2019.-2-RETIFICADO-PGBV.pdf\" rel=\"noopener noreferrer\" target=\"_blank\">Convocatoria de selecci\u00f3n 2019\/2<\/a><\/td><td class=\"column-2\"><a href=\"https:\/\/pgbv.uenf.br\/wp-content\/uploads\/2020\/08\/Resultado-Final-Doutorado-Mestrado-2019-2-atual.pdf\" rel=\"noopener noreferrer\" target=\"_blank\">Resultados del anuncio de selecci\u00f3n 2019\/2<\/a><\/td>\n<\/tr>\n<tr class=\"row-14\">\n\t<td class=\"column-1\"><a href=\"https:\/\/pgbv.uenf.br\/wp-content\/uploads\/2020\/04\/Edital-de-Sele\u00e7\u00e3o-2019-.-1-PGBV-Atual.pdf\" rel=\"noopener noreferrer\" target=\"_blank\">Convocatoria de selecci\u00f3n 2019\/1<\/a><\/td><td class=\"column-2\"><a href=\"https:\/\/pgbv.uenf.br\/wp-content\/uploads\/2020\/12\/Resultado-Final-Mestrado-e-Doutorado-2019-1-atual.pdf\" rel=\"noopener noreferrer\" target=\"_blank\">Resultados del anuncio de selecci\u00f3n 2019\/1<\/a><\/td>\n<\/tr>\n<tr class=\"row-15\">\n\t<td class=\"column-1\"><a href=\"https:\/\/pgbv.uenf.br\/wp-content\/uploads\/2020\/04\/Edital-de-Sele\u00e7\u00e3o-2018-.-2-PGBV-ATUAL-pag.-Oficial-UENF.pdf\" rel=\"noopener noreferrer\" target=\"_blank\">Convocatoria de selecci\u00f3n 2018\/2<\/a><\/td><td class=\"column-2\"><a href=\"https:\/\/pgbv.uenf.br\/wp-content\/uploads\/2020\/04\/Resultado-FINAL-Mestrado-2018-2.pdf\" rel=\"noopener noreferrer\" target=\"_blank\">Resultados del anuncio de selecci\u00f3n 2018\/2<\/a><\/td>\n<\/tr>\n<tr class=\"row-16\">\n\t<td class=\"column-1\"><a href=\"https:\/\/pgbv.uenf.br\/wp-content\/uploads\/2020\/04\/Edital-de-Sele\u00e7\u00e3o-2018-PGBV-em-finaliza\u00e7\u00e3o-2.pdf\" rel=\"noopener noreferrer\" target=\"_blank\">Convocatoria de selecci\u00f3n 2018\/1<\/a><\/td><td class=\"column-2\"><a href=\"https:\/\/pgbv.uenf.br\/wp-content\/uploads\/2020\/04\/Resultado-Final-Mestrado-Doutorado-2018-1.pdf\" rel=\"noopener noreferrer\" target=\"_blank\">Resultados del anuncio de selecci\u00f3n 2018\/1<\/a><\/td>\n<\/tr>\n<\/tbody>\n<\/table>\n<!-- #tablepress-14 from cache -->\n<\/div>","protected":false},"excerpt":{"rendered":"","protected":false},"author":1,"featured_media":0,"parent":0,"menu_order":0,"comment_status":"closed","ping_status":"closed","template":"","meta":{"footnotes":""},"class_list":["post-805","page","type-page","status-publish","hentry"],"_links":{"self":[{"href":"https:\/\/pgbv.uenf.br\/es\/wp-json\/wp\/v2\/pages\/805","targetHints":{"allow":["GET"]}}],"collection":[{"href":"https:\/\/pgbv.uenf.br\/es\/wp-json\/wp\/v2\/pages"}],"about":[{"href":"https:\/\/pgbv.uenf.br\/es\/wp-json\/wp\/v2\/types\/page"}],"author":[{"embeddable":true,"href":"https:\/\/pgbv.uenf.br\/es\/wp-json\/wp\/v2\/users\/1"}],"replies":[{"embeddable":true,"href":"https:\/\/pgbv.uenf.br\/es\/wp-json\/wp\/v2\/comments?post=805"}],"version-history":[{"count":3,"href":"https:\/\/pgbv.uenf.br\/es\/wp-json\/wp\/v2\/pages\/805\/revisions"}],"predecessor-version":[{"id":821,"href":"https:\/\/pgbv.uenf.br\/es\/wp-json\/wp\/v2\/pages\/805\/revisions\/821"}],"wp:attachment":[{"href":"https:\/\/pgbv.uenf.br\/es\/wp-json\/wp\/v2\/media?parent=805"}],"curies":[{"name":"wp","href":"https:\/\/api.w.org\/{rel}","templated":true}]}}