{"id":605,"date":"2020-04-17T00:29:18","date_gmt":"2020-04-17T03:29:18","guid":{"rendered":"https:\/\/pgbv.uenf.br\/?page_id=605"},"modified":"2023-05-04T14:01:04","modified_gmt":"2023-05-04T17:01:04","slug":"formularios","status":"publish","type":"page","link":"https:\/\/pgbv.uenf.br\/es\/formularios\/","title":{"rendered":"Formularios generales"},"content":{"rendered":"<div id=\"form-gerais\" class=\"container-fluid\" style=\"margin: auto;\">\n<div>\n<h3><strong>Formularios y requisitos acad\u00e9micos generales<\/strong><\/h3>\n<p>Tambi\u00e9n puede consultar los formularios necesarios para cada actividad\/proceso en las p\u00e1ginas espec\u00edficas del men\u00fa principal.<\/p>\n<\/div>\n<div class=\"datagrid\">\n<div>\n<table id=\"tablepress-10\" class=\"tablepress tablepress-id-10\">\n<thead>\n<tr class=\"row-1\">\n\t<th class=\"column-1\">Documento<\/th><th class=\"column-2\">Procedimiento<\/th><th class=\"column-3\">Descargar<\/th>\n<\/tr>\n<\/thead>\n<tbody class=\"row-striping row-hover\">\n<tr class=\"row-2\">\n\t<td class=\"column-1\">*Formulario especial de inscripci\u00f3n de estudiantes<\/td><td class=\"column-2\">Estudiante especial<\/td><td class=\"column-3\"><a href=\"http:\/\/uenf.br\/reitoria\/secacad\/files\/2012\/08\/0-Inscri%C3%A7%C3%A3o-aluno-especial.doc\" rel=\"noopener noreferrer\" target=\"_blank\"><i class=\"fa fa-arrow-circle-o-down fa-4.x\"><\/i><\/a><\/td>\n<\/tr>\n<tr class=\"row-3\">\n\t<td class=\"column-1\">Formulario de inscripci\u00f3n para estudiantes especiales<\/td><td class=\"column-2\">Estudiante especial<\/td><td class=\"column-3\"><a href=\"https:\/\/pgbv.uenf.br\/wp-content\/uploads\/2020\/04\/Formul%C3%A1rio-de-Matr%C3%ADcula-de-aluno-Especial.doc\" rel=\"noopener noreferrer\" target=\"_blank\"><i class=\"fa fa-arrow-circle-o-down fa-4.x\"><\/i><\/a><\/td>\n<\/tr>\n<tr class=\"row-4\">\n\t<td class=\"column-1\">Poder para la matriculaci\u00f3n de alumnos especiales<\/td><td class=\"column-2\">Estudiante especial<\/td><td class=\"column-3\"><a href=\"https:\/\/pgbv.uenf.br\/wp-content\/uploads\/2020\/04\/Procura%C3%A7%C3%A3o-para-matr%C3%ADcula-alunos-especiais.doc\" rel=\"noopener noreferrer\" target=\"_blank\"><i class=\"fa fa-arrow-circle-o-down fa-4.x\"><\/i><\/a><\/td>\n<\/tr>\n<tr class=\"row-5\">\n\t<td class=\"column-1\">Declaraci\u00f3n de acumulaci\u00f3n de becas<\/td><td class=\"column-2\">Alumno regular<\/td><td class=\"column-3\"><a href=\"https:\/\/pgbv.uenf.br\/wp-content\/uploads\/2023\/04\/Declaracao-de-Acumulacao-de-Vinculo_bolsa-_PGBV_2022.docx\" rel=\"noopener noreferrer\" target=\"_blank\"><i class=\"fa fa-arrow-circle-o-down fa-4.x\"><\/i><\/a><\/td>\n<\/tr>\n<tr class=\"row-6\">\n\t<td class=\"column-1\">Formulario de nombramiento<\/td><td class=\"column-2\">Defensa de tesis <\/td><td class=\"column-3\"><a href=\"https:\/\/pgbv.uenf.br\/wp-content\/uploads\/2024\/02\/Formulario-Nomeacao-Banca-Defesa-de-tese-ou-dissertacao-1-6.doc\" rel=\"noopener noreferrer\" target=\"_blank\"><i class=\"fa fa-arrow-circle-o-down fa-4.x\"><\/i><\/a><\/td>\n<\/tr>\n<tr class=\"row-7\">\n\t<td class=\"column-1\">Formulario de solicitud de pr\u00f3rroga del plazo para la defensa de la tesis o tesina<\/td><td class=\"column-2\">Defensa de tesis<\/td><td class=\"column-3\"><a href=\"https:\/\/pgbv.uenf.br\/wp-content\/uploads\/2020\/04\/Form-X-PRORROGA%C3%87%C3%83O-DE-DEFESA-1.docx\" rel=\"noopener noreferrer\" target=\"_blank\"><i class=\"fa fa-arrow-circle-o-down fa-4.x\"><\/i><\/a><\/td>\n<\/tr>\n<tr class=\"row-8\">\n\t<td class=\"column-1\">Procedimientos para solicitar una pr\u00f3rroga del plazo de defensa de la tesis<\/td><td class=\"column-2\">Defensa de tesis<\/td><td class=\"column-3\"><a href=\"https:\/\/pgbv.uenf.br\/wp-content\/uploads\/2020\/04\/Procedimentos-pedido-prorroga%C3%A7%C3%A3o-prazo-def.tese_.pdf\" rel=\"noopener noreferrer\" target=\"_blank\"><i class=\"fa fa-arrow-circle-o-down fa-4.x\"><\/i><\/a><\/td>\n<\/tr>\n<tr class=\"row-9\">\n\t<td class=\"column-1\">Informe de actividades con calendario<\/td><td class=\"column-2\">Defensa de tesis<\/td><td class=\"column-3\"><a href=\"https:\/\/pgbv.uenf.br\/wp-content\/uploads\/2020\/04\/Relat%C3%B3rio-de-Atividades-com-Cronograma.doc\" rel=\"noopener noreferrer\" target=\"_blank\"><i class=\"fa fa-arrow-circle-o-down fa-4.x\"><\/i><\/a><\/td>\n<\/tr>\n<tr class=\"row-10\">\n\t<td class=\"column-1\">Formulario de defensa del proyecto<\/td><td class=\"column-2\">Defensa del proyecto<\/td><td class=\"column-3\"><a href=\"https:\/\/pgbv.uenf.br\/wp-content\/uploads\/2020\/04\/Formul%C3%A1rio-Defesa-de-Projeto-3.doc\" rel=\"noopener noreferrer\" target=\"_blank\"><i class=\"fa fa-arrow-circle-o-down fa-4.x\"><\/i><\/a><\/td>\n<\/tr>\n<tr class=\"row-11\">\n\t<td class=\"column-1\">Formulario de pr\u00f3rroga del examen de aptitud<\/td><td class=\"column-2\">Cualificaci\u00f3n<\/td><td class=\"column-3\"><a href=\"https:\/\/pgbv.uenf.br\/wp-content\/uploads\/2023\/02\/PRORROGACAO_QUALIFICACAO_PGBV_2023-atual-1.docx\" rel=\"noopener noreferrer\" target=\"_blank\"><i class=\"fa fa-arrow-circle-o-down fa-4.x\"><\/i><\/a><\/td>\n<\/tr>\n<tr class=\"row-12\">\n\t<td class=\"column-1\">Formulario de examen de aptitud<\/td><td class=\"column-2\">Cualificaci\u00f3n<\/td><td class=\"column-3\"><a href=\"https:\/\/pgbv.uenf.br\/wp-content\/uploads\/2024\/02\/Formulario_Exame_Qualificacao.pdf\" rel=\"noopener noreferrer\" target=\"_blank\"><i class=\"fa fa-arrow-circle-o-down fa-4.x\"><\/i><\/a><\/td>\n<\/tr>\n<tr class=\"row-13\">\n\t<td class=\"column-1\">Declaraci\u00f3n de revisi\u00f3n de tesis\/disertaci\u00f3n<\/td><td class=\"column-2\">Entrega de un ejemplar de su tesina\/tesis<\/td><td class=\"column-3\"><a href=\"https:\/\/pgbv.uenf.br\/wp-content\/uploads\/2020\/04\/Declara%C3%A7%C3%A3o-de-Revis%C3%A3o-da-Disserta%C3%A7%C3%A3o-Tese.docx\" rel=\"noopener noreferrer\" target=\"_blank\"><i class=\"fa fa-arrow-circle-o-down fa-4.x\"><\/i><\/a><\/td>\n<\/tr>\n<tr class=\"row-14\">\n\t<td class=\"column-1\">Formulario de co-supervisor<\/td><td class=\"column-2\">Coorientaci\u00f3n de los estudiantes<\/td><td class=\"column-3\"><a href=\"https:\/\/pgbv.uenf.br\/wp-content\/uploads\/2023\/01\/Formulario-Credenciamento-de-Coorientador_PGBV_2022.docx\" rel=\"noopener noreferrer\" target=\"_blank\"><i class=\"fa fa-arrow-circle-o-down fa-4.x\"><\/i><\/a><\/td>\n<\/tr>\n<tr class=\"row-15\">\n\t<td class=\"column-1\">Formulario de autorizaci\u00f3n para la publicaci\u00f3n de la Tesis\/Disertaci\u00f3n en el sitio web del PPGBV y en la base de datos CAPES<\/td><td class=\"column-2\">Entrega de un ejemplar de su tesina\/tesis<\/td><td class=\"column-3\"><a href=\"https:\/\/pgbv.uenf.br\/wp-content\/uploads\/2025\/09\/Formulario-Publicacao-de-tese.dissertacao-site-PGBV-e-Banco-de-dados-CAPES-11.docx<br \/>\" target=\"_blank\"><i class=\"fa fa-arrow-circle-o-down fa-4.x\"><\/i><\/a><\/td>\n<\/tr>\n<tr class=\"row-16\">\n\t<td class=\"column-1\">Plazo de autorizaci\u00f3n para la publicaci\u00f3n electr\u00f3nica en la Biblioteca Digital de Tesis y Disertaciones de la UENF<\/td><td class=\"column-2\">Entrega de un ejemplar de su tesina\/tesis<\/td><td class=\"column-3\"><a href=\"https:\/\/pgbv.uenf.br\/wp-content\/uploads\/2020\/04\/Termo-de-autorizacao-divulga%C3%A7%C3%A3o-Tese.doc\" rel=\"noopener noreferrer\" target=\"_blank\"><i class=\"fa fa-arrow-circle-o-down fa-4.x\"><\/i><\/a><\/td>\n<\/tr>\n<\/tbody>\n<\/table>\n<!-- #tablepress-10 from cache --><\/div>\n<\/div>\n<\/div>\n<div style=\"text-align: center; width: 90%; margin: auto; font-size: 14px; padding-top: 15px;\">* Si un enlace no funciona, <a href=\"https:\/\/uenf.br\/posgraduacao\/?grupo=POS-GRADUACAO#formularios\" target=\"_blank\" rel=\"noopener\"><b>pulse aqu\u00ed<\/b><\/a> (ser\u00e1 dirigido a la p\u00e1gina de la Secretar\u00eda Acad\u00e9mica).&nbsp;<\/p>\n<\/div>\n<div>&nbsp;<\/div>","protected":false},"excerpt":{"rendered":"<p>Formul\u00e1rios e Requerimentos acad\u00eamicos gerais Voc\u00ea tamb\u00e9m pode conferir os formul\u00e1rios necess\u00e1rios para cada atividade\/processo nas p\u00e1ginas espec\u00edficas no menu principal. * Caso algum link n\u00e3o esteja funcionando, clique aqui (voc\u00ea ser\u00e1 direcionado para pagina da Secretaria Acad\u00eamica).&nbsp; &nbsp;<\/p>","protected":false},"author":1,"featured_media":0,"parent":0,"menu_order":0,"comment_status":"closed","ping_status":"closed","template":"","meta":{"footnotes":""},"class_list":["post-605","page","type-page","status-publish","hentry"],"_links":{"self":[{"href":"https:\/\/pgbv.uenf.br\/es\/wp-json\/wp\/v2\/pages\/605","targetHints":{"allow":["GET"]}}],"collection":[{"href":"https:\/\/pgbv.uenf.br\/es\/wp-json\/wp\/v2\/pages"}],"about":[{"href":"https:\/\/pgbv.uenf.br\/es\/wp-json\/wp\/v2\/types\/page"}],"author":[{"embeddable":true,"href":"https:\/\/pgbv.uenf.br\/es\/wp-json\/wp\/v2\/users\/1"}],"replies":[{"embeddable":true,"href":"https:\/\/pgbv.uenf.br\/es\/wp-json\/wp\/v2\/comments?post=605"}],"version-history":[{"count":21,"href":"https:\/\/pgbv.uenf.br\/es\/wp-json\/wp\/v2\/pages\/605\/revisions"}],"predecessor-version":[{"id":4151,"href":"https:\/\/pgbv.uenf.br\/es\/wp-json\/wp\/v2\/pages\/605\/revisions\/4151"}],"wp:attachment":[{"href":"https:\/\/pgbv.uenf.br\/es\/wp-json\/wp\/v2\/media?parent=605"}],"curies":[{"name":"wp","href":"https:\/\/api.w.org\/{rel}","templated":true}]}}