{"id":5391,"date":"2025-10-03T22:40:20","date_gmt":"2025-10-04T01:40:20","guid":{"rendered":"https:\/\/pgbv.uenf.br\/?page_id=5391"},"modified":"2025-10-03T22:44:13","modified_gmt":"2025-10-04T01:44:13","slug":"crbv","status":"publish","type":"page","link":"https:\/\/pgbv.uenf.br\/es\/crbv\/","title":{"rendered":"Actas del CRBV - Congreso Regional de Biotecnolog\u00eda Vegetal"},"content":{"rendered":"<p><strong>v.1 n.1 (2025): Actas del I Congreso Regional de Biotecnolog\u00eda Vegetal<\/strong><\/p>\n\n\n\n<p>Este n\u00famero re\u00fane las Actas del I Congreso Regional de Biotecnolog\u00eda Vegetal (ICRBV 2025), celebrado entre los d\u00edas 6 y 8 de octubre de 2025, en la Universidad Estatal del Norte de R\u00edo de Janeiro Darcy Ribeiro (UENF), en Campos dos Goytacazes\/RJ.<\/p>\n\n\n\n<p>El objetivo del evento fue reunir a estudiantes, investigadores, profesionales y representantes del sector productivo, creando un espacio de di\u00e1logo, aprendizaje y construcci\u00f3n colectiva en torno al tema: Estrategias cient\u00edficas e innovadoras para la agricultura y el medio ambiente. El programa incluy\u00f3 conferencias magistrales, mesas redondas, cursos cortos, presentaciones de p\u00f3sters y actividades de divulgaci\u00f3n cient\u00edfica, fomentando el intercambio de conocimientos, experiencias e innovaciones orientadas a soluciones sostenibles, tecnolog\u00edas emergentes y la integraci\u00f3n de la investigaci\u00f3n, la ense\u00f1anza y la extensi\u00f3n.<\/p>\n\n\n\n<p>Para descargar el archivo, haga clic en <a href=\"https:\/\/pgbv.uenf.br\/wp-content\/uploads\/2025\/10\/ANAIS-DO-EVENTO_CRBV_2025.pdf\">AQU\u00cd<\/a>.<\/p>\n\n\n\n<p><\/p>\n\n\n\n<p><\/p>\n\n\n\n<p><\/p>\n\n\n\n<p><\/p>\n\n\n\n<p><\/p>\n\n\n\n<p><\/p>\n\n\n\n<p><\/p>\n\n\n\n<p><\/p>\n\n\n\n<p><\/p>\n\n\n\n<p><\/p>","protected":false},"excerpt":{"rendered":"<p>v.1 n.1 (2025): Anais do I Congresso Regional de Biotecnologia Vegetal Este n\u00famero re\u00fane os Anais do I Congresso Regional de Biotecnologia Vegetal (ICRBV 2025), realizado entre os dias 06 e 08 de outubro de 2025, na Universidade Estadual do Norte Fluminense Darcy Ribeiro (UENF), em Campos dos Goytacazes\/RJ. O evento teve como objetivo promover [&hellip;]<\/p>\n","protected":false},"author":1,"featured_media":0,"parent":0,"menu_order":0,"comment_status":"closed","ping_status":"closed","template":"","meta":{"footnotes":""},"class_list":["post-5391","page","type-page","status-publish","hentry"],"_links":{"self":[{"href":"https:\/\/pgbv.uenf.br\/es\/wp-json\/wp\/v2\/pages\/5391","targetHints":{"allow":["GET"]}}],"collection":[{"href":"https:\/\/pgbv.uenf.br\/es\/wp-json\/wp\/v2\/pages"}],"about":[{"href":"https:\/\/pgbv.uenf.br\/es\/wp-json\/wp\/v2\/types\/page"}],"author":[{"embeddable":true,"href":"https:\/\/pgbv.uenf.br\/es\/wp-json\/wp\/v2\/users\/1"}],"replies":[{"embeddable":true,"href":"https:\/\/pgbv.uenf.br\/es\/wp-json\/wp\/v2\/comments?post=5391"}],"version-history":[{"count":2,"href":"https:\/\/pgbv.uenf.br\/es\/wp-json\/wp\/v2\/pages\/5391\/revisions"}],"predecessor-version":[{"id":5394,"href":"https:\/\/pgbv.uenf.br\/es\/wp-json\/wp\/v2\/pages\/5391\/revisions\/5394"}],"wp:attachment":[{"href":"https:\/\/pgbv.uenf.br\/es\/wp-json\/wp\/v2\/media?parent=5391"}],"curies":[{"name":"wp","href":"https:\/\/api.w.org\/{rel}","templated":true}]}}