{"id":5241,"date":"2025-07-21T21:54:38","date_gmt":"2025-07-22T00:54:38","guid":{"rendered":"https:\/\/pgbv.uenf.br\/?page_id=5241"},"modified":"2025-07-21T22:04:17","modified_gmt":"2025-07-22T01:04:17","slug":"atividades-de-extensao","status":"publish","type":"page","link":"https:\/\/pgbv.uenf.br\/es\/atividades-de-extensao\/","title":{"rendered":"Actividades de extensi\u00f3n"},"content":{"rendered":"<div id=\"form-gerais\" class=\"container-fluid\" style=\"margin: auto;\">\n<div>\n<h3><strong>Proyectos de extensi\u00f3n de la facultad<\/strong><\/h3>\n<p>A continuaci\u00f3n, la lista de proyectos de extensi\u00f3n coordinados por los profesores de PGBV, con descripci\u00f3n, per\u00edodo y enlaces a redes sociales, destacando nuestro aporte social e impacto comunitario.<\/p>\n<\/div>\n<div class=\"datagrid\">\n<div>\n<table id=\"tablepress-38\" class=\"tablepress tablepress-id-38\">\n<thead>\n<tr class=\"row-1\">\n\t<th class=\"column-1\">Conferenciante<\/th><th class=\"column-2\">Proyecto<\/th><th class=\"column-3\">T\u00e9rmino<\/th><th class=\"column-4\">Enlaces<\/th>\n<\/tr>\n<\/thead>\n<tbody class=\"row-striping row-hover\">\n<tr class=\"row-2\">\n\t<td class=\"column-1\">Alessandro Coutinho Ramos<\/td><td class=\"column-2\">Programa de radio Magic Boxx: ciencia e innovaci\u00f3n en sinton\u00eda con el universo de la m\u00fasica electr\u00f3nica<\/td><td class=\"column-3\">2021 - actual<\/td><td class=\"column-4\"><a href=\"https:\/\/www.instagram.com\/p\/CtotZMwKxz_\/\" rel=\"noopener noreferrer\" target=\"_blank\"><i class=\"fa fa-instagram fa-1x\"><\/i><\/a><\/td>\n<\/tr>\n<tr class=\"row-3\">\n\t<td class=\"column-1\">Aline Chaves Intorne<\/td><td class=\"column-2\">Escuela sostenible<\/td><td class=\"column-3\">2021 - actual<\/td><td class=\"column-4\"><\/td>\n<\/tr>\n<tr class=\"row-4\">\n\t<td class=\"column-1\">Aline Chaves Intorne<\/td><td class=\"column-2\">Ciencia para las personas<\/td><td class=\"column-3\">2018 - actual<\/td><td class=\"column-4\"><a href=\"https:\/\/www.instagram.com\/cienciapragente?igsh=MXV3b29iaDU4NnNnbg==\" rel=\"noopener noreferrer\" target=\"_blank\"><i class=\"fa fa-instagram fa-1x\"><\/i><\/a><\/td>\n<\/tr>\n<tr class=\"row-5\">\n\t<td class=\"column-1\">Aline Chaves Intorne<\/td><td class=\"column-2\">Ciencia para todos<\/td><td class=\"column-3\">2017 - actual<\/td><td class=\"column-4\"><\/td>\n<\/tr>\n<tr class=\"row-6\">\n\t<td class=\"column-1\">Christiane Mileib Vasconcelos<\/td><td class=\"column-2\">Percepci\u00f3n sensorial del sabor dulce y su relaci\u00f3n con la preferencia y el estado nutricional en adolescentes y adultos<\/td><td class=\"column-3\">2023 - actual<\/td><td class=\"column-4\"><\/td>\n<\/tr>\n<tr class=\"row-7\">\n\t<td class=\"column-1\">Claudete Santa-Catarina<\/td><td class=\"column-2\">Biotecnolog\u00eda en la escuela<\/td><td class=\"column-3\">2024 - actual<\/td><td class=\"column-4\"><a href=\"https:\/\/www.instagram.com\/biotecnaescola.uenf\/\" rel=\"noopener noreferrer\" target=\"_blank\"><i class=\"fa fa-instagram fa-1x\"><\/i><\/a><\/td>\n<\/tr>\n<tr class=\"row-8\">\n\t<td class=\"column-1\">Claudete Santa-Catarina<\/td><td class=\"column-2\">Promover el conocimiento y la divulgaci\u00f3n de la biotecnolog\u00eda entre los estudiantes de ense\u00f1anza media de la Regi\u00f3n Norte Fluminense<\/td><td class=\"column-3\">2022 - actual<\/td><td class=\"column-4\"><\/td>\n<\/tr>\n<tr class=\"row-9\">\n\t<td class=\"column-1\">Daniel Bas\u00edlio Zandonadi<\/td><td class=\"column-2\">Agricultura urbana: sustrato para el conocimiento en ciencia y tecnolog\u00eda<\/td><td class=\"column-3\">2018 - actual<\/td><td class=\"column-4\"><\/td>\n<\/tr>\n<tr class=\"row-10\">\n\t<td class=\"column-1\">Denise Coutinho Endringer<\/td><td class=\"column-2\">Plantas medicinales en la salud de las personas mayores<\/td><td class=\"column-3\">2024 - actual<\/td><td class=\"column-4\"><\/td>\n<\/tr>\n<tr class=\"row-11\">\n\t<td class=\"column-1\">Denise Coutinho Endringer<\/td><td class=\"column-2\">Oficina de Inteligencia para la Gesti\u00f3n de los ODS en la UVV<\/td><td class=\"column-3\">2021 - actual<\/td><td class=\"column-4\"><\/td>\n<\/tr>\n<tr class=\"row-12\">\n\t<td class=\"column-1\">Eliemar Campostrini<\/td><td class=\"column-2\">Aspectos Productivos del Cultivo de L\u00fapulo (Humulus lupulus L.) en Peque\u00f1as Explotaciones del Norte del Estado de R\u00edo de Janeiro y<br \/>\nAplicaci\u00f3n de nuevas metodolog\u00edas para el crecimiento y la producci\u00f3n<\/td><td class=\"column-3\">2019 - actual<\/td><td class=\"column-4\"><\/td>\n<\/tr>\n<tr class=\"row-13\">\n\t<td class=\"column-1\">Erica de Oliveira Mello<\/td><td class=\"column-2\">Revista de comunicaci\u00f3n cient\u00edfica Conocer la ciencia<\/td><td class=\"column-3\">2023 - actual<\/td><td class=\"column-4\"><a href=\"https:\/\/www.instagram.com\/conhecendoaciencia\/?hl=en\" rel=\"noopener noreferrer\" target=\"_blank\"><i class=\"fa fa-instagram fa-1x\"><\/i><\/a><\/td>\n<\/tr>\n<tr class=\"row-14\">\n\t<td class=\"column-1\">Marcelo da Silva Moretti<\/td><td class=\"column-2\">\u00bfEs buena el agua de este r\u00edo? Los que viven all\u00ed te lo dir\u00e1n.<\/td><td class=\"column-3\">2022 - actual<\/td><td class=\"column-4\"><\/td>\n<\/tr>\n<tr class=\"row-15\">\n\t<td class=\"column-1\">M\u00e1rcio Fronza<\/td><td class=\"column-2\">Proyecto de Educaci\u00f3n Ambiental y Cient\u00edfica Aplicada a la Comunidad Escolar Ind\u00edgena Tupiniquim de Aracruz - ES<\/td><td class=\"column-3\">2023 - actual<\/td><td class=\"column-4\"><a href=\"https:\/\/www.instagram.com\/p\/C73-IihOKho1fwPj7o3f5onXPIrLhR4Vf1LpqM0\/?igsh=MTE5OGZ4d2Z6ZDVocg%3D%3D\" rel=\"noopener noreferrer\" target=\"_blank\"><i class=\"fa fa-instagram fa-1x\"><\/i><\/a><\/td>\n<\/tr>\n<tr class=\"row-16\">\n\t<td class=\"column-1\">M\u00e1rcio Fronza<\/td><td class=\"column-2\">Fomento del uso racional de las plantas medicinales<\/td><td class=\"column-3\">2022 - 2023<\/td><td class=\"column-4\"><\/td>\n<\/tr>\n<tr class=\"row-17\">\n\t<td class=\"column-1\">Maura da Cunha<\/td><td class=\"column-2\">La Importancia de la Xiloteca en la Ense\u00f1anza, Investigaci\u00f3n y Extensi\u00f3n en el Norte\/Noroeste de R\u00edo de Janeiro<\/td><td class=\"column-3\">2024 - actual<\/td><td class=\"column-4\"><a href=\"https:\/\/www.instagram.com\/xilotecauenf\/\" rel=\"noopener noreferrer\" target=\"_blank\"><i class=\"fa fa-instagram fa-1x\"><\/i><\/a><\/td>\n<\/tr>\n<tr class=\"row-18\">\n\t<td class=\"column-1\">Maura da Cunha<\/td><td class=\"column-2\">Sendero Mangue Fundo: educaci\u00f3n ambiental en Restinga<\/td><td class=\"column-3\">2023 - actual<\/td><td class=\"column-4\"><\/td>\n<\/tr>\n<tr class=\"row-19\">\n\t<td class=\"column-1\">Maura da Cunha<\/td><td class=\"column-2\">Acciones de ampliaci\u00f3n de las colecciones bot\u00e1nicas de la UENF: Presentaci\u00f3n de la colecci\u00f3n de madera (Xiloteca HUENFw) y<br \/>\nSu Uso en la Ense\u00f1anza, Investigaci\u00f3n y Extensi\u00f3n en el Norte\/Noroeste de R\u00edo de Janeiro<\/td><td class=\"column-3\">2023 - actual<\/td><td class=\"column-4\"><\/td>\n<\/tr>\n<tr class=\"row-20\">\n\t<td class=\"column-1\">Olga Lima Tavares Machado<\/td><td class=\"column-2\">Inserci\u00f3n de Entornos Experimentales y Formaci\u00f3n de Agentes Multiplicadores para Mejorar la Ense\u00f1anza en la Universidad de Coimbra<br \/>\nCIEP 464 Admar Ferreira de Medeiros<\/td><td class=\"column-3\">2022 - actual<\/td><td class=\"column-4\"><\/td>\n<\/tr>\n<tr class=\"row-21\">\n\t<td class=\"column-1\">Olga Lima Tavares Machado<\/td><td class=\"column-2\">\u00bfAlternancia? - Orientaciones alternativas en la prevenci\u00f3n de los trastornos de ansiedad<\/td><td class=\"column-3\">2020 - actual<\/td><td class=\"column-4\"><\/td>\n<\/tr>\n<tr class=\"row-22\">\n\t<td class=\"column-1\">Vanildo Silveira<\/td><td class=\"column-2\">Ruta de la biotecnolog\u00eda<\/td><td class=\"column-3\">2024 - actual<\/td><td class=\"column-4\"><a href=\"https:\/\/www.instagram.com\/reel\/DItg1CtJGh_\/\" rel=\"noopener noreferrer\" target=\"_blank\"><i class=\"fa fa-instagram fa-1x\"><\/i><\/a><\/td>\n<\/tr>\n<tr class=\"row-23\">\n\t<td class=\"column-1\">Vanildo Silveira<\/td><td class=\"column-2\">CBB: Ciencia y vida, divulgar la ciencia con calidad y responsabilidad acad\u00e9mica<\/td><td class=\"column-3\">2020 - actual<\/td><td class=\"column-4\"><a href=\"https:\/\/www.instagram.com\/cbbcienciavida\/\" rel=\"noopener noreferrer\" target=\"_blank\"><i class=\"fa fa-instagram fa-1x\"><\/i><\/a><\/td>\n<\/tr>\n<\/tbody>\n<\/table>\n<!-- #tablepress-38 from cache --><\/div>\n<\/div>\n<\/div>\n\n\n\n<div>&nbsp;<\/div>\n\n\n\n<p><\/p>","protected":false},"excerpt":{"rendered":"<p>Projetos de extens\u00e3o dos docentes Abaixo, a rela\u00e7\u00e3o de projetos de extens\u00e3o coordenados pelos docentes do PGBV, com descri\u00e7\u00e3o, per\u00edodo e links para redes sociais, destacando nossa contribui\u00e7\u00e3o social e impacto comunit\u00e1rio. &nbsp;<\/p>","protected":false},"author":1,"featured_media":0,"parent":0,"menu_order":0,"comment_status":"closed","ping_status":"closed","template":"","meta":{"footnotes":""},"class_list":["post-5241","page","type-page","status-publish","hentry"],"_links":{"self":[{"href":"https:\/\/pgbv.uenf.br\/es\/wp-json\/wp\/v2\/pages\/5241","targetHints":{"allow":["GET"]}}],"collection":[{"href":"https:\/\/pgbv.uenf.br\/es\/wp-json\/wp\/v2\/pages"}],"about":[{"href":"https:\/\/pgbv.uenf.br\/es\/wp-json\/wp\/v2\/types\/page"}],"author":[{"embeddable":true,"href":"https:\/\/pgbv.uenf.br\/es\/wp-json\/wp\/v2\/users\/1"}],"replies":[{"embeddable":true,"href":"https:\/\/pgbv.uenf.br\/es\/wp-json\/wp\/v2\/comments?post=5241"}],"version-history":[{"count":1,"href":"https:\/\/pgbv.uenf.br\/es\/wp-json\/wp\/v2\/pages\/5241\/revisions"}],"predecessor-version":[{"id":5242,"href":"https:\/\/pgbv.uenf.br\/es\/wp-json\/wp\/v2\/pages\/5241\/revisions\/5242"}],"wp:attachment":[{"href":"https:\/\/pgbv.uenf.br\/es\/wp-json\/wp\/v2\/media?parent=5241"}],"curies":[{"name":"wp","href":"https:\/\/api.w.org\/{rel}","templated":true}]}}