{"id":453,"date":"2020-04-15T17:22:44","date_gmt":"2020-04-15T20:22:44","guid":{"rendered":"https:\/\/pgbv.uenf.br\/?page_id=453"},"modified":"2022-04-12T19:30:07","modified_gmt":"2022-04-12T22:30:07","slug":"grade-de-disciplinas","status":"publish","type":"page","link":"https:\/\/pgbv.uenf.br\/es\/grade-de-disciplinas\/","title":{"rendered":"Malla Curricular"},"content":{"rendered":"<div id=\"obrigatorias\">\n<div>\n<h3 style=\"text-align: center;\"><strong>Asignaturas del N\u00facleo de Formaci\u00f3n General<\/strong><\/h3>\n<\/div>\n<div class=\"datagrid\">\n<div>\n<table id=\"tablepress-6\" class=\"tablepress tablepress-id-6\">\n<thead>\n<tr class=\"row-1\">\n\t<th class=\"column-1\">Nombre<\/th><th class=\"column-2\">C\u00f3digo<\/th><th class=\"column-3\">Cr\u00e9ditos<\/th><th class=\"column-4\">Concepto<\/th><th class=\"column-5\">Obligatorio<\/th><th class=\"column-6\">Contenidos<\/th>\n<\/tr>\n<\/thead>\n<tbody class=\"row-striping row-hover\">\n<tr class=\"row-2\">\n\t<td class=\"column-1\">Organizaci\u00f3n de actos sobre biotecnolog\u00eda vegetal<\/td><td class=\"column-2\">PBV2705<\/td><td class=\"column-3\">2<\/td><td class=\"column-4\">ABC<\/td><td class=\"column-5\">MS\/DS<\/td><td class=\"column-6\"><a href=\"https:\/\/pgbv.uenf.br\/wp-content\/uploads\/2025\/07\/programa_analitico_PBV2705_Organizacao-de-Eventos-em-Biotecnologia-Vegetal.pdf\"><i class=\"fa fa-arrow-circle-o-down fa-4.x\"><\/i><\/a><\/td>\n<\/tr>\n<tr class=\"row-3\">\n\t<td class=\"column-1\">Enfoques actuales de investigaci\u00f3n en biotecnolog\u00eda vegetal<em>(UVV)<\/em><\/td><td class=\"column-2\">BIO504<\/td><td class=\"column-3\">2<\/td><td class=\"column-4\">ABC<\/td><td class=\"column-5\">MS\/DS<\/td><td class=\"column-6\"><a href=\"https:\/\/pgbv.uenf.br\/wp-content\/uploads\/2020\/08\/Abordagens-Atuais-de-Pesquisa-em-Biotecnologia-Vegetal-UVV.pdf\"><i class=\"fa fa-arrow-circle-o-down fa-4.x\"><\/i><\/a><\/td>\n<\/tr>\n<tr class=\"row-4\">\n\t<td class=\"column-1\">Actividades de extensi\u00f3n I <\/td><td class=\"column-2\">PBV2706<\/td><td class=\"column-3\">1<\/td><td class=\"column-4\">ABC<\/td><td class=\"column-5\">MS\/DS<\/td><td class=\"column-6\"><a href=\"https:\/\/pgbv.uenf.br\/wp-content\/uploads\/2020\/11\/Atividades-de-Extensao-I-1.pdf\"><i class=\"fa fa-arrow-circle-o-down fa-4.x\"><\/i><\/a><\/td>\n<\/tr>\n<tr class=\"row-5\">\n\t<td class=\"column-1\">Actividades de extensi\u00f3n I-<em>(UVV)<\/em><\/td><td class=\"column-2\">BIO505<\/td><td class=\"column-3\">1<\/td><td class=\"column-4\">ABC<\/td><td class=\"column-5\">MS\/DS<\/td><td class=\"column-6\"><a href=\"https:\/\/pgbv.uenf.br\/wp-content\/uploads\/2020\/08\/Atividades-de-Extens\u00e3o-I-UVV.pdf\"><i class=\"fa fa-arrow-circle-o-down fa-4.x\"><\/i><\/a><\/td>\n<\/tr>\n<tr class=\"row-6\">\n\t<td class=\"column-1\">Actividades de extensi\u00f3n II<\/td><td class=\"column-2\">PBV2805<\/td><td class=\"column-3\">1<\/td><td class=\"column-4\">ABC<\/td><td class=\"column-5\">DS<\/td><td class=\"column-6\"><a href=\"https:\/\/pgbv.uenf.br\/wp-content\/uploads\/2020\/04\/Atividades-de-Extens\u00e3o-II.pdf\"><i class=\"fa fa-arrow-circle-o-down fa-4.x\"><\/i><\/a><\/td>\n<\/tr>\n<tr class=\"row-7\">\n\t<td class=\"column-1\">Actividades de extensi\u00f3n II-<em>(UVV)<\/em><\/td><td class=\"column-2\">BIO506<\/td><td class=\"column-3\">1<\/td><td class=\"column-4\">ABC<\/td><td class=\"column-5\">DS<\/td><td class=\"column-6\"><a href=\"https:\/\/pgbv.uenf.br\/wp-content\/uploads\/2020\/08\/Atividades-de-Extens\u00e3o-II-UVV.pdf\"><i class=\"fa fa-arrow-circle-o-down fa-4.x\"><\/i><\/a><\/td>\n<\/tr>\n<tr class=\"row-8\">\n\t<td class=\"column-1\">Bioseguridad y bio\u00e9tica<em>(UVV)<\/em> <\/td><td class=\"column-2\">BIO3772<\/td><td class=\"column-3\">3<\/td><td class=\"column-4\">ABC<\/td><td class=\"column-5\">-<\/td><td class=\"column-6\"><a href=\"https:\/\/pgbv.uenf.br\/wp-content\/uploads\/2020\/08\/Biosseguran\u00e7a-e-Bio\u00e9tica.pdf\"><i class=\"fa fa-arrow-circle-o-down fa-4.x\"><\/i><\/a><\/td>\n<\/tr>\n<tr class=\"row-9\">\n\t<td class=\"column-1\">Biotecnolog\u00eda vegetal I <\/td><td class=\"column-2\">PBV2703<\/td><td class=\"column-3\">4<\/td><td class=\"column-4\">ABC<\/td><td class=\"column-5\">DS<\/td><td class=\"column-6\"><a href=\"https:\/\/pgbv.uenf.br\/wp-content\/uploads\/2020\/11\/Biotecnologia-Vegetal-I.pdf\"><i class=\"fa fa-arrow-circle-o-down fa-4.x\"><\/i><\/a><\/td>\n<\/tr>\n<tr class=\"row-10\">\n\t<td class=\"column-1\">Dise\u00f1o experimental<em>(UVV)<\/em><\/td><td class=\"column-2\">FAR510<\/td><td class=\"column-3\">2<\/td><td class=\"column-4\">ABC<\/td><td class=\"column-5\">-<\/td><td class=\"column-6\"><a href=\"https:\/\/pgbv.uenf.br\/wp-content\/uploads\/2020\/08\/Delineamento-Experimental-UVV.pdf\"><i class=\"fa fa-arrow-circle-o-down fa-4.x\"><\/i><\/a><\/td>\n<\/tr>\n<tr class=\"row-11\">\n\t<td class=\"column-1\">Preparaci\u00f3n de proyectos de investigaci\u00f3n biotecnol\u00f3gica <\/td><td class=\"column-2\">PBV2704<\/td><td class=\"column-3\">2<\/td><td class=\"column-4\">ABC<\/td><td class=\"column-5\">MS\/DS<\/td><td class=\"column-6\"><a href=\"https:\/\/pgbv.uenf.br\/wp-content\/uploads\/2020\/11\/Elaboracao-de-Projetos-de-Pesquisa-em-Biotecnologia.pdf\"><i class=\"fa fa-arrow-circle-o-down fa-4.x\"><\/i><\/a><\/td>\n<\/tr>\n<tr class=\"row-12\">\n\t<td class=\"column-1\">Iniciativa empresarial y gesti\u00f3n de proyectos <\/td><td class=\"column-2\">LBT2739<\/td><td class=\"column-3\">2<\/td><td class=\"column-4\">ABC<\/td><td class=\"column-5\">DS<\/td><td class=\"column-6\"><a href=\"https:\/\/pgbv.uenf.br\/wp-content\/uploads\/2020\/11\/Empreendedorismo-e-Gestao-de-Projetos.pdf\"><i class=\"fa fa-arrow-circle-o-down fa-4.x\"><\/i><\/a><\/td>\n<\/tr>\n<tr class=\"row-13\">\n\t<td class=\"column-1\">Pr\u00e1ctica de docencia I-<em>(UVV)<\/em><\/td><td class=\"column-2\">BIO510<\/td><td class=\"column-3\">1<\/td><td class=\"column-4\">H<\/td><td class=\"column-5\">MS\/DS<\/td><td class=\"column-6\"><a href=\"https:\/\/pgbv.uenf.br\/wp-content\/uploads\/2020\/08\/Est\u00e1gio-Docente-I-UVV.pdf\"><i class=\"fa fa-arrow-circle-o-down fa-4.x\"><\/i><\/a><\/td>\n<\/tr>\n<tr class=\"row-14\">\n\t<td class=\"column-1\">Pr\u00e1ctica de docencia II-<em>(UVV)<\/em><\/td><td class=\"column-2\">BIO511<\/td><td class=\"column-3\">1<\/td><td class=\"column-4\">H<\/td><td class=\"column-5\">DS<\/td><td class=\"column-6\"><a href=\"https:\/\/pgbv.uenf.br\/wp-content\/uploads\/2020\/08\/Est\u00e1gio-Docente-II-UVV.pdf\"><i class=\"fa fa-arrow-circle-o-down fa-4.x\"><\/i><\/a><\/td>\n<\/tr>\n<tr class=\"row-15\">\n\t<td class=\"column-1\">Pr\u00e1ctica de docencia I <\/td><td class=\"column-2\">PBV2702<\/td><td class=\"column-3\">1<\/td><td class=\"column-4\">H<\/td><td class=\"column-5\">MS\/DS<\/td><td class=\"column-6\"><a href=\"https:\/\/pgbv.uenf.br\/wp-content\/uploads\/2020\/11\/Estagio-em-Docencia-I.pdf\"><i class=\"fa fa-arrow-circle-o-down fa-4.x\"><\/i><\/a><\/td>\n<\/tr>\n<tr class=\"row-16\">\n\t<td class=\"column-1\">Pr\u00e1ctica de docencia II <\/td><td class=\"column-2\">PBV2802<\/td><td class=\"column-3\">1<\/td><td class=\"column-4\">H<\/td><td class=\"column-5\">DS<\/td><td class=\"column-6\"><a href=\"https:\/\/pgbv.uenf.br\/wp-content\/uploads\/2020\/11\/Estagio-em-Docencia-II.pdf\"><i class=\"fa fa-arrow-circle-o-down fa-4.x\"><\/i><\/a><\/td>\n<\/tr>\n<tr class=\"row-17\">\n\t<td class=\"column-1\">Orientaci\u00f3n y producci\u00f3n cient\u00edfica<em>(UVV)<\/em> <\/td><td class=\"column-2\">BIO000<\/td><td class=\"column-3\">2<\/td><td class=\"column-4\">H<\/td><td class=\"column-5\">-<\/td><td class=\"column-6\"><a href=\"https:\/\/pgbv.uenf.br\/wp-content\/uploads\/2020\/08\/Orienta\u00e7\u00e3o-e-Produ\u00e7\u00e3o-Cient\u00edfica-UVV.pdf\"><i class=\"fa fa-arrow-circle-o-down fa-4.x\"><\/i><\/a><\/td>\n<\/tr>\n<tr class=\"row-18\">\n\t<td class=\"column-1\">Investigaci\u00f3n de tesis <\/td><td class=\"column-2\">PBV2708<\/td><td class=\"column-3\">6<\/td><td class=\"column-4\">H<\/td><td class=\"column-5\">MS<\/td><td class=\"column-6\"><a href=\"https:\/\/pgbv.uenf.br\/wp-content\/uploads\/2020\/11\/Pesquisa-de-Dissertacao.pdf\"><i class=\"fa fa-arrow-circle-o-down fa-4.x\"><\/i><\/a><\/td>\n<\/tr>\n<tr class=\"row-19\">\n\t<td class=\"column-1\">Investigaci\u00f3n de tesis <\/td><td class=\"column-2\">PBV2804<\/td><td class=\"column-3\">8<\/td><td class=\"column-4\">H<\/td><td class=\"column-5\">DS<\/td><td class=\"column-6\"><a href=\"https:\/\/pgbv.uenf.br\/wp-content\/uploads\/2020\/11\/Pesquisa-de-Tese.pdf\"><i class=\"fa fa-arrow-circle-o-down fa-4.x\"><\/i><\/a><\/td>\n<\/tr>\n<tr class=\"row-20\">\n\t<td class=\"column-1\">Propiedad intelectual e innovaci\u00f3n tecnol\u00f3gica <\/td><td class=\"column-2\">LBT2738<\/td><td class=\"column-3\">2<\/td><td class=\"column-4\">ABC<\/td><td class=\"column-5\">MS\/DS<\/td><td class=\"column-6\"><a href=\"https:\/\/pgbv.uenf.br\/wp-content\/uploads\/2020\/08\/Propriedade-Intelectual-e-Inova\u00e7\u00e3o-Tecnol\u00f3gica.pdf\"><i class=\"fa fa-arrow-circle-o-down fa-4.x\"><\/i><\/a><\/td>\n<\/tr>\n<tr class=\"row-21\">\n\t<td class=\"column-1\">Redacci\u00f3n y comunicaci\u00f3n cient\u00edficas<em>(UVV)<\/em><\/td><td class=\"column-2\">BIO622<\/td><td class=\"column-3\">3<\/td><td class=\"column-4\">-<\/td><td class=\"column-5\">-<\/td><td class=\"column-6\"><a href=\"https:\/\/pgbv.uenf.br\/wp-content\/uploads\/2020\/08\/Reda\u00e7\u00e3o-e-Comunica\u00e7\u00e3o-Cient\u00edfica-UVV.pdf\"><i class=\"fa fa-arrow-circle-o-down fa-4.x\"><\/i><\/a><\/td>\n<\/tr>\n<tr class=\"row-22\">\n\t<td class=\"column-1\">Seminario I del Programa de Biotecnolog\u00eda Vegetal<\/td><td class=\"column-2\">PBV2700<\/td><td class=\"column-3\">1<\/td><td class=\"column-4\">H<\/td><td class=\"column-5\">MS\/DS<\/td><td class=\"column-6\"><a href=\"https:\/\/pgbv.uenf.br\/wp-content\/uploads\/2020\/11\/Seminario-do-Programa-de-Biotecnologia-Vegetal-I.pdf\"><i class=\"fa fa-arrow-circle-o-down fa-4.x\"><\/i><\/a><\/td>\n<\/tr>\n<tr class=\"row-23\">\n\t<td class=\"column-1\">Seminario II del Programa de Biotecnolog\u00eda Vegetal <\/td><td class=\"column-2\">PBV2701<\/td><td class=\"column-3\">1<\/td><td class=\"column-4\">H<\/td><td class=\"column-5\">MS\/DS<\/td><td class=\"column-6\"><a href=\"https:\/\/pgbv.uenf.br\/wp-content\/uploads\/2020\/11\/Seminario-do-Programa-de-Biotecnologia-Vegetal-II.pdf\"><i class=\"fa fa-arrow-circle-o-down fa-4.x\"><\/i><\/a><\/td>\n<\/tr>\n<tr class=\"row-24\">\n\t<td class=\"column-1\">Seminario III del Programa de Biotecnolog\u00eda Vegetal<\/td><td class=\"column-2\">PBV2800<\/td><td class=\"column-3\">1<\/td><td class=\"column-4\">H<\/td><td class=\"column-5\">DS<\/td><td class=\"column-6\"><a href=\"https:\/\/pgbv.uenf.br\/wp-content\/uploads\/2020\/11\/Seminario-do-Programa-de-Biotecnologia-Vegetal-III.pdf\"><i class=\"fa fa-arrow-circle-o-down fa-4.x\"><\/i><\/a><\/td>\n<\/tr>\n<tr class=\"row-25\">\n\t<td class=\"column-1\">Seminario IV del Programa de Biotecnolog\u00eda Vegetal<\/td><td class=\"column-2\">PBV2801<\/td><td class=\"column-3\">1<\/td><td class=\"column-4\">H<\/td><td class=\"column-5\">DS<\/td><td class=\"column-6\"><a href=\"https:\/\/pgbv.uenf.br\/wp-content\/uploads\/2020\/11\/Seminario-do-Programa-de-Biotecnologia-Vegetal-IV.pdf\"><i class=\"fa fa-arrow-circle-o-down fa-4.x\"><\/i><\/a><\/td>\n<\/tr>\n<tr class=\"row-26\">\n\t<td class=\"column-1\">Seminario de Biotecnolog\u00eda I-<em>(UVV)<\/em><\/td><td class=\"column-2\">BIO500<\/td><td class=\"column-3\">1<\/td><td class=\"column-4\">H<\/td><td class=\"column-5\">MS\/DS<\/td><td class=\"column-6\"><a href=\"https:\/\/pgbv.uenf.br\/wp-content\/uploads\/2020\/08\/Semin\u00e1rio-em-Biotecnologia-I-UVV.pdf\"><i class=\"fa fa-arrow-circle-o-down fa-4.x\"><\/i><\/a><\/td>\n<\/tr>\n<tr class=\"row-27\">\n\t<td class=\"column-1\">Seminario de Biotecnolog\u00eda II-<em>(UVV)<\/em><\/td><td class=\"column-2\">BIO501<\/td><td class=\"column-3\">1<\/td><td class=\"column-4\">H<\/td><td class=\"column-5\">MS\/DS<\/td><td class=\"column-6\"><a href=\"https:\/\/pgbv.uenf.br\/wp-content\/uploads\/2020\/08\/Semin\u00e1rio-em-Biotecnologia-II-UVV.pdf\"><i class=\"fa fa-arrow-circle-o-down fa-4.x\"><\/i><\/a><\/td>\n<\/tr>\n<tr class=\"row-28\">\n\t<td class=\"column-1\">Seminario de Biotecnolog\u00eda III-<em>(UVV)<\/em><\/td><td class=\"column-2\">BIO555<\/td><td class=\"column-3\">1<\/td><td class=\"column-4\">H<\/td><td class=\"column-5\">DS<\/td><td class=\"column-6\"><a href=\"https:\/\/pgbv.uenf.br\/wp-content\/uploads\/2020\/08\/Semin\u00e1rio-em-Biotecnologia-III-UVV.pdf\"><i class=\"fa fa-arrow-circle-o-down fa-4.x\"><\/i><\/a><\/td>\n<\/tr>\n<tr class=\"row-29\">\n\t<td class=\"column-1\">Seminario de Biotecnolog\u00eda IV-<em>(UVV)<\/em><\/td><td class=\"column-2\">BIO503<\/td><td class=\"column-3\">1<\/td><td class=\"column-4\">H<\/td><td class=\"column-5\">DS<\/td><td class=\"column-6\"><a href=\"https:\/\/pgbv.uenf.br\/wp-content\/uploads\/2020\/08\/Semin\u00e1rio-em-Biotecnologia-IV-UVV.pdf\"><i class=\"fa fa-arrow-circle-o-down fa-4.x\"><\/i><\/a><\/td>\n<\/tr>\n<tr class=\"row-30\">\n\t<td class=\"column-1\">Comunicaciones interactivas en biotecnolog\u00eda vegetal<\/td><td class=\"column-2\">PBV2803<\/td><td class=\"column-3\">2<\/td><td class=\"column-4\">ABC<\/td><td class=\"column-5\">-<\/td><td class=\"column-6\"><a href=\"\"><i class=\"fa fa-arrow-circle-o-down fa-4.x\"><\/i><\/a><\/td>\n<\/tr>\n<\/tbody>\n<\/table>\n<!-- #tablepress-6 from cache --><\/div>\n<\/div>\n<\/div>\n<div id=\"optativas\">\n<div>\n<h3 style=\"text-align: center;\"><strong>Asignaturas optativas por l\u00ednea de investigaci\u00f3n<\/strong><\/h3>\n<\/div>\n<p style=\"width: 95%; margin: auto; margin-bottom: 20px; margin-top: 20px;\">- <strong>Biotecnolog\u00eda aplicada a la agricultura y el medio ambiente<\/strong><\/p>\n<div class=\"datagrid\">\n<div>\n<table id=\"tablepress-7\" class=\"tablepress tablepress-id-7\">\n<thead>\n<tr class=\"row-1\">\n\t<th class=\"column-1\">Nombre<\/th><th class=\"column-2\">C\u00f3digo<\/th><th class=\"column-3\">Cr\u00e9ditos<\/th><th class=\"column-4\">Concepto<\/th><th class=\"column-5\">Obligatorio<\/th><th class=\"column-6\">Contenidos<\/th>\n<\/tr>\n<\/thead>\n<tbody class=\"row-striping row-hover\">\n<tr class=\"row-2\">\n\t<td class=\"column-1\">Aplicaciones de la mejora gen\u00e9tica en la biotecnolog\u00eda vegetal<\/td><td class=\"column-2\">MGV3722<\/td><td class=\"column-3\">2<\/td><td class=\"column-4\">ABC<\/td><td class=\"column-5\">-<\/td><td class=\"column-6\"><a href=\"https:\/\/pgbv.uenf.br\/wp-content\/uploads\/2020\/04\/APLICA\u00c7\u00d5ES-DO-MELHORAMENTO-GEN\u00c9TICO-EM-BIOTECNOLOGIA-VEGETAL.pdf\"><i class=\"fa fa-arrow-circle-o-down fa-4.x\"><\/i><\/a><\/td>\n<\/tr>\n<tr class=\"row-3\">\n\t<td class=\"column-1\">Bioqu\u00edmica de las semillas<\/td><td class=\"column-2\">QFP2620<\/td><td class=\"column-3\">3<\/td><td class=\"column-4\">ABC<\/td><td class=\"column-5\">-<\/td><td class=\"column-6\"><a href=\"https:\/\/pgbv.uenf.br\/wp-content\/uploads\/2020\/04\/Bioquimica-de-sementes.pdf\"><i class=\"fa fa-arrow-circle-o-down fa-4.x\"><\/i><\/a><\/td>\n<\/tr>\n<tr class=\"row-4\">\n\t<td class=\"column-1\">Biotecnolog\u00eda de la interacci\u00f3n microorganismo-planta<\/td><td class=\"column-2\">LBC2736<\/td><td class=\"column-3\">2<\/td><td class=\"column-4\">ABC<\/td><td class=\"column-5\">-<\/td><td class=\"column-6\"><a href=\"https:\/\/pgbv.uenf.br\/wp-content\/uploads\/2020\/04\/BIOTECNOLOGIA-DA-INTERA\u00c7\u00c3O-MICRORGANISMOS-PLANTA.pdf\"><i class=\"fa fa-arrow-circle-o-down fa-4.x\"><\/i><\/a><\/td>\n<\/tr>\n<tr class=\"row-5\">\n\t<td class=\"column-1\">Ecofisiolog\u00eda vegetal <\/td><td class=\"column-2\">MGV3711<\/td><td class=\"column-3\">4<\/td><td class=\"column-4\">ABC<\/td><td class=\"column-5\">-<\/td><td class=\"column-6\"><a href=\"https:\/\/pgbv.uenf.br\/wp-content\/uploads\/2020\/08\/MGV-3711-Ecofisiologia.pdf\"><i class=\"fa fa-arrow-circle-o-down fa-4.x\"><\/i><\/a><\/td>\n<\/tr>\n<tr class=\"row-6\">\n\t<td class=\"column-1\">Fisiolog\u00eda y bioqu\u00edmica del desarrollo vegetal<\/td><td class=\"column-2\">LBC2731<\/td><td class=\"column-3\">3<\/td><td class=\"column-4\">ABC<\/td><td class=\"column-5\">-<\/td><td class=\"column-6\"><a href=\"https:\/\/pgbv.uenf.br\/wp-content\/uploads\/2020\/04\/FISIOLOGIA-E-BIOQU\u00cdMICA-DO-DESENVOLVIMENTO-VEGETAL.pdf\"><i class=\"fa fa-arrow-circle-o-down fa-4.x\"><\/i><\/a><\/td>\n<\/tr>\n<tr class=\"row-7\">\n\t<td class=\"column-1\">Fundamentos de biolog\u00eda celular vegetal<\/td><td class=\"column-2\">LBC2737<\/td><td class=\"column-3\">2<\/td><td class=\"column-4\">ABC<\/td><td class=\"column-5\">-<\/td><td class=\"column-6\"><a href=\"https:\/\/pgbv.uenf.br\/wp-content\/uploads\/2020\/04\/FUNDAMENTOS-EM-BIOLOGIA-CELULAR-VEGETAL.pdf\"><i class=\"fa fa-arrow-circle-o-down fa-4.x\"><\/i><\/a><\/td>\n<\/tr>\n<tr class=\"row-8\">\n\t<td class=\"column-1\">Relaciones h\u00eddricas y fisiolog\u00eda del desarrollo<\/td><td class=\"column-2\">MGV3713<\/td><td class=\"column-3\">3<\/td><td class=\"column-4\">ABC<\/td><td class=\"column-5\">-<\/td><td class=\"column-6\"><a href=\"https:\/\/pgbv.uenf.br\/wp-content\/uploads\/2020\/08\/MGV-3713-Rela\u00e7\u00f5es-Hidricas-e-Fisiologia-do-Desenvolvimento-Eliemar.pdf\"><i class=\"fa fa-arrow-circle-o-down fa-4.x\"><\/i><\/a><\/td>\n<\/tr>\n<\/tbody>\n<\/table>\n<!-- #tablepress-7 from cache --><\/div>\n<\/div>\n<div style=\"margin-bottom: 20px;\">\u00a0<\/div>\n<p style=\"width: 95%; margin: auto; margin-bottom: 20px; margin-top: 50px;\">- <strong>Biolog\u00eda Integrativa: Gen\u00f3mica, Prote\u00f3mica, Metabol\u00f3mica y Bioinform\u00e1tica<\/strong><\/p>\n<div class=\"datagrid\">\n<div>\n<table id=\"tablepress-8\" class=\"tablepress tablepress-id-8\">\n<thead>\n<tr class=\"row-1\">\n\t<th class=\"column-1\">Nombre<\/th><th class=\"column-2\">C\u00f3digo<\/th><th class=\"column-3\">Cr\u00e9ditos<\/th><th class=\"column-4\">Concepto<\/th><th class=\"column-5\">Obligatorio<\/th><th class=\"column-6\">Contenidos<\/th>\n<\/tr>\n<\/thead>\n<tbody class=\"row-striping row-hover\">\n<tr class=\"row-2\">\n\t<td class=\"column-1\">Cultivo de tejidos y c\u00e9lulas vegetales<\/td><td class=\"column-2\">LBT2708<\/td><td class=\"column-3\">2<\/td><td class=\"column-4\">ABC<\/td><td class=\"column-5\">-<\/td><td class=\"column-6\"><a href=\"https:\/\/pgbv.uenf.br\/wp-content\/uploads\/2022\/12\/Cultura-de-Tecidos-e-Celulas-Vegetais.pdf\"><i class=\"fa fa-arrow-circle-o-down fa-4.x\"><\/i><\/a><\/td>\n<\/tr>\n<tr class=\"row-3\">\n\t<td class=\"column-1\">Gen\u00e9tica y biolog\u00eda molecular<\/td><td class=\"column-2\">LBT2701<\/td><td class=\"column-3\">2<\/td><td class=\"column-4\">ABC<\/td><td class=\"column-5\">-<\/td><td class=\"column-6\"><a href=\"https:\/\/pgbv.uenf.br\/wp-content\/uploads\/2020\/04\/Gen\u00e9tica-e-Biologia-Molecular.pdf\"><i class=\"fa fa-arrow-circle-o-down fa-4.x\"><\/i><\/a><\/td>\n<\/tr>\n<tr class=\"row-4\">\n\t<td class=\"column-1\">Gen\u00f3mica bacteriana<\/td><td class=\"column-2\">QFP2711<\/td><td class=\"column-3\">3<\/td><td class=\"column-4\">ABC<\/td><td class=\"column-5\">-<\/td><td class=\"column-6\"><a href=\"https:\/\/pgbv.uenf.br\/wp-content\/uploads\/2020\/08\/QFP-2711-Gen\u00f4mica-de-Bact\u00e9rias-Thiago.pdf\"><i class=\"fa fa-arrow-circle-o-down fa-4.x\"><\/i><\/a><\/td>\n<\/tr>\n<tr class=\"row-5\">\n\t<td class=\"column-1\">Marcadores gen\u00e9ticos y moleculares<\/td><td class=\"column-2\">PBV2707<\/td><td class=\"column-3\">2<\/td><td class=\"column-4\">ABC<\/td><td class=\"column-5\">-<\/td><td class=\"column-6\"><a href=\"https:\/\/pgbv.uenf.br\/wp-content\/uploads\/2020\/04\/MARCADORES-GEN\u00c9TICOS-E-MOLECULARES.pdf\"><i class=\"fa fa-arrow-circle-o-down fa-4.x\"><\/i><\/a><\/td>\n<\/tr>\n<tr class=\"row-6\">\n\t<td class=\"column-1\">Mecanismos de regulaci\u00f3n epigen\u00e9tica<\/td><td class=\"column-2\">QFP2708<\/td><td class=\"column-3\">2<\/td><td class=\"column-4\">ABC<\/td><td class=\"column-5\">-<\/td><td class=\"column-6\"><a href=\"https:\/\/pgbv.uenf.br\/wp-content\/uploads\/2020\/04\/MECANISMOS-DE-REGULA\u00c7\u00c3O-EPIGEN\u00c9TICA.pdf\"><i class=\"fa fa-arrow-circle-o-down fa-4.x\"><\/i><\/a><\/td>\n<\/tr>\n<tr class=\"row-7\">\n\t<td class=\"column-1\">Principios de ingenier\u00eda gen\u00e9tica<\/td><td class=\"column-2\">PBV2709<\/td><td class=\"column-3\">2<\/td><td class=\"column-4\">ABC<\/td><td class=\"column-5\">-<\/td><td class=\"column-6\"><a href=\"https:\/\/pgbv.uenf.br\/wp-content\/uploads\/2024\/06\/Plataforma-Sucupira_PBV2709_Prinipios-de-Engenharia-Genetica.pdf\"><i class=\"fa fa-arrow-circle-o-down fa-4.x\"><\/i><\/a><\/td>\n<\/tr>\n<tr class=\"row-8\">\n\t<td class=\"column-1\">Principios de prote\u00f3mica vegetal<\/td><td class=\"column-2\">LBT2736<\/td><td class=\"column-3\">2<\/td><td class=\"column-4\">ABC<\/td><td class=\"column-5\">-<\/td><td class=\"column-6\"><a href=\"https:\/\/pgbv.uenf.br\/wp-content\/uploads\/2020\/04\/PRINC\u00cdPIOS-DE-PROTE\u00d4MICA-EM-PLANTAS.pdf\"><i class=\"fa fa-arrow-circle-o-down fa-4.x\"><\/i><\/a><\/td>\n<\/tr>\n<tr class=\"row-9\">\n\t<td class=\"column-1\">An\u00e1lisis funcional de datos prote\u00f3micos y transcript\u00f3micos<\/td><td class=\"column-2\">LBC2743<\/td><td class=\"column-3\">4<\/td><td class=\"column-4\">ABC<\/td><td class=\"column-5\">-<\/td><td class=\"column-6\"><a href=\"https:\/\/pgbv.uenf.br\/wp-content\/uploads\/2024\/06\/Plataforma-Sucupira_LBC2743_Analise-Funcional-de-Dados-Proteomicos-e-Transcriptomicos.pdf\"><i class=\"fa fa-arrow-circle-o-down fa-4.x\"><\/i><\/a><\/td>\n<\/tr>\n<tr class=\"row-10\">\n\t<td class=\"column-1\">Temas de actualidad en gen\u00f3mica y biolog\u00eda de sistemas<\/td><td class=\"column-2\">QFP2707<\/td><td class=\"column-3\">2<\/td><td class=\"column-4\">ABC<\/td><td class=\"column-5\">-<\/td><td class=\"column-6\"><a href=\"https:\/\/pgbv.uenf.br\/wp-content\/uploads\/2020\/04\/T\u00d3PICOS-ATUAIS-EM-GEN\u00d4MICA-E-BIOLOGIA-SIST\u00caMICA-1.pdf\"><i class=\"fa fa-arrow-circle-o-down fa-4.x\"><\/i><\/a><\/td>\n<\/tr>\n<\/tbody>\n<\/table>\n<!-- #tablepress-8 from cache --><\/div>\n<\/div>\n<div style=\"margin-bottom: 20px;\">\u00a0<\/div>\n<p style=\"width: 95%; margin: auto; margin-bottom: 20px; margin-top: 50px;\">- <strong>Caracterizaci\u00f3n de la biodiversidad vegetal y bioprospecci\u00f3n de compuestos bioactivos<\/strong><\/p>\n<div class=\"datagrid\">\n<div>\n<table id=\"tablepress-9\" class=\"tablepress tablepress-id-9\">\n<thead>\n<tr class=\"row-1\">\n\t<th class=\"column-1\">Nombre<\/th><th class=\"column-2\">C\u00f3digo<\/th><th class=\"column-3\">Cr\u00e9ditos<\/th><th class=\"column-4\">Concepto<\/th><th class=\"column-5\">Obligatorio<\/th><th class=\"column-6\">Contenidos<\/th>\n<\/tr>\n<\/thead>\n<tbody class=\"row-striping row-hover\">\n<tr class=\"row-2\">\n\t<td class=\"column-1\">Bases estructurales y bioqu\u00edmicas de la respuesta de las plantas al estr\u00e9s bi\u00f3tico y abi\u00f3tico<\/td><td class=\"column-2\">LBC2720<\/td><td class=\"column-3\">3<\/td><td class=\"column-4\">ABC<\/td><td class=\"column-5\">-<\/td><td class=\"column-6\"><a href=\"https:\/\/pgbv.uenf.br\/wp-content\/uploads\/2020\/04\/BASES-ESTRUTURAIS-E-BIOQU\u00cdMICAS-DA-RESPOSTA-DE-PLANTAS-A-ESTRESSES-BI\u00d3TICOS-E-ABI\u00d3TICOS.pdf\"><i class=\"fa fa-arrow-circle-o-down fa-4.x\"><\/i><\/a><\/td>\n<\/tr>\n<tr class=\"row-3\">\n\t<td class=\"column-1\">Bot\u00e1nica estructural y funcional aplicada al estudio de la biodiversidad<\/td><td class=\"column-2\">LBC2735<\/td><td class=\"column-3\">3<\/td><td class=\"column-4\">ABC<\/td><td class=\"column-5\">-<\/td><td class=\"column-6\"><a href=\"https:\/\/pgbv.uenf.br\/wp-content\/uploads\/2020\/04\/BOT\u00c2NICA-ESTRUTURAL-E-FUNCIONAL-APLICADA-A-ESTUDOS-DE-BIODIVERSIDADE.pdf\"><i class=\"fa fa-arrow-circle-o-down fa-4.x\"><\/i><\/a><\/td>\n<\/tr>\n<tr class=\"row-4\">\n\t<td class=\"column-1\">M\u00e9todos de bioqu\u00edmica de prote\u00ednas aplicados a la biotecnolog\u00eda vegetal<\/td><td class=\"column-2\">QFP2710<\/td><td class=\"column-3\">3<\/td><td class=\"column-4\">ABC<\/td><td class=\"column-5\">-<\/td><td class=\"column-6\"><a href=\"https:\/\/pgbv.uenf.br\/wp-content\/uploads\/2020\/04\/M\u00c9TODOS-EM-BIOQU\u00cdMICA-DE-PROTE\u00cdNAS-APLICADOS-A-BIOTECNOLOGIA-VEGETAL.pdf\"><i class=\"fa fa-arrow-circle-o-down fa-4.x\"><\/i><\/a><\/td>\n<\/tr>\n<tr class=\"row-5\">\n\t<td class=\"column-1\">Experimentaci\u00f3n animal con compuestos vegetales bioactivos -<em>(UVV)<\/em> <\/td><td class=\"column-2\">BIO0222<\/td><td class=\"column-3\">3<\/td><td class=\"column-4\">ABC<\/td><td class=\"column-5\">-<\/td><td class=\"column-6\"><a href=\"https:\/\/pgbv.uenf.br\/wp-content\/uploads\/2020\/08\/Experimenta\u00e7\u00e3o-Animal-utilizando-compostos-Bioativos-Vegetais-UVV.pdf\"><i class=\"fa fa-arrow-circle-o-down fa-4.x\"><\/i><\/a><\/td>\n<\/tr>\n<tr class=\"row-6\">\n\t<td class=\"column-1\">Prote\u00ednas vegetales relacionadas con la patog\u00e9nesis - Pr<\/td><td class=\"column-2\">LFM2706<\/td><td class=\"column-3\">2<\/td><td class=\"column-4\">ABC<\/td><td class=\"column-5\">-<\/td><td class=\"column-6\"><a href=\"https:\/\/pgbv.uenf.br\/wp-content\/uploads\/2020\/08\/LFM2706-Prote\u00ednas-Vegetais-Relacionadas-a-Patogenese-PR.pdf\"><i class=\"fa fa-arrow-circle-o-down fa-4.x\"><\/i><\/a><\/td>\n<\/tr>\n<tr class=\"row-7\">\n\t<td class=\"column-1\">Temas especiales de anatom\u00eda vegetal avanzada<\/td><td class=\"column-2\">LBC2734<\/td><td class=\"column-3\">2<\/td><td class=\"column-4\">ABC<\/td><td class=\"column-5\">-<\/td><td class=\"column-6\"><a href=\"https:\/\/pgbv.uenf.br\/wp-content\/uploads\/2020\/10\/LBC-2734Topicos-Especiais-em-Anatomia-Vegetal-Avancada-Prof.-Maura.pdf\"><i class=\"fa fa-arrow-circle-o-down fa-4.x\"><\/i><\/a><\/td>\n<\/tr>\n<tr class=\"row-8\">\n\t<td class=\"column-1\"><\/td><td class=\"column-2\"><\/td><td class=\"column-3\"><\/td><td class=\"column-4\"><\/td><td class=\"column-5\"><\/td><td class=\"column-6\"><\/td>\n<\/tr>\n<\/tbody>\n<\/table>\n<!-- #tablepress-9 from cache --><\/div>\n<\/div>\n<\/div>\n\n\n<p><\/p>","protected":false},"excerpt":{"rendered":"<p>Disciplinas do n\u00facleo de forma\u00e7\u00e3o geral Disciplinas optativas por linha de pesquisa \u2022 Biotecnologia Aplicada \u00e0 Agricultura e Meio Ambiente \u00a0 \u2022 Biologia Integrativa: Gen\u00f4mica, Prote\u00f4mica, Metabol\u00f4mica e Bioinform\u00e1tica \u00a0 \u2022 Caracteriza\u00e7\u00e3o da Biodiversidade Vegetal e Bioprospec\u00e7\u00e3o de Compostos Bioativos<\/p>","protected":false},"author":1,"featured_media":0,"parent":0,"menu_order":0,"comment_status":"closed","ping_status":"closed","template":"","meta":{"footnotes":""},"class_list":["post-453","page","type-page","status-publish","hentry"],"_links":{"self":[{"href":"https:\/\/pgbv.uenf.br\/es\/wp-json\/wp\/v2\/pages\/453","targetHints":{"allow":["GET"]}}],"collection":[{"href":"https:\/\/pgbv.uenf.br\/es\/wp-json\/wp\/v2\/pages"}],"about":[{"href":"https:\/\/pgbv.uenf.br\/es\/wp-json\/wp\/v2\/types\/page"}],"author":[{"embeddable":true,"href":"https:\/\/pgbv.uenf.br\/es\/wp-json\/wp\/v2\/users\/1"}],"replies":[{"embeddable":true,"href":"https:\/\/pgbv.uenf.br\/es\/wp-json\/wp\/v2\/comments?post=453"}],"version-history":[{"count":35,"href":"https:\/\/pgbv.uenf.br\/es\/wp-json\/wp\/v2\/pages\/453\/revisions"}],"predecessor-version":[{"id":2824,"href":"https:\/\/pgbv.uenf.br\/es\/wp-json\/wp\/v2\/pages\/453\/revisions\/2824"}],"wp:attachment":[{"href":"https:\/\/pgbv.uenf.br\/es\/wp-json\/wp\/v2\/media?parent=453"}],"curies":[{"name":"wp","href":"https:\/\/api.w.org\/{rel}","templated":true}]}}