{"id":2796,"date":"2022-04-12T19:03:55","date_gmt":"2022-04-12T22:03:55","guid":{"rendered":"https:\/\/pgbv.uenf.br\/?page_id=2796"},"modified":"2025-07-28T15:40:14","modified_gmt":"2025-07-28T18:40:14","slug":"disciplinas-obrigatorias","status":"publish","type":"page","link":"https:\/\/pgbv.uenf.br\/es\/disciplinas-obrigatorias\/","title":{"rendered":"Disciplinas obligatorias"},"content":{"rendered":"<p class=\"has-normal-font-size\"><strong><span style=\"color:#184554\" class=\"has-inline-color\">MAESTR\u00cdA<\/span><\/strong><\/p>\n\n\n\n<p>Para obtener el t\u00edtulo de <strong>Maestro en Biotecnolog\u00eda Vegetal<\/strong> el estudiante debe, adem\u00e1s de cumplir con otros requisitos, completar un <strong>m\u00ednimo de 25 cr\u00e9ditos<\/strong>, incluyendo 8 cr\u00e9ditos H y 17 cr\u00e9ditos formales (con calificaciones A, B o C). Entre estos, se deben cursar las siguientes <strong>disciplinas obligatorias<\/strong> del programa: <\/p>\n\n\n\n<ul class=\"wp-block-list\">\n<li>Organizaci\u00f3n de actos sobre biotecnolog\u00eda vegetal,<\/li>\n\n\n\n<li>\u25cf Actividades de extensi\u00f3n I,<\/li>\n\n\n\n<li>Biotecnolog\u00eda vegetal I,<\/li>\n\n\n\n<li>Elaboraci\u00f3n de Proyectos de Investigaci\u00f3n Biotecnol\u00f3gica,<\/li>\n\n\n\n<li>Pr\u00e1ctica Docente  I,<\/li>\n\n\n\n<li>Propiedad intelectual e innovaci\u00f3n tecnol\u00f3gica,<\/li>\n\n\n\n<li>Seminario del Programa de Biotecnolog\u00eda Vegetal I,<\/li>\n\n\n\n<li>Seminario del Programa de Biotecnolog\u00eda Vegetal II,<\/li>\n\n\n\n<li>Investigaci\u00f3n de la Disertaci\u00f3n<\/li>\n<\/ul>\n\n\n\n<br><hr class=\"botm-line5\" \/>\n\n\n\n<p class=\"has-normal-font-size\"><br><strong><span style=\"color:#184554\" class=\"has-inline-color\">DOCTORADO<\/span><\/strong><\/p>\n\n\n\n<p>Para obtener el t\u00edtulo de <strong>Doctorado en Biotecnolog\u00eda Vegetal<\/strong> el estudiante debe, adem\u00e1s de cumplir con otros requisitos, completar un <strong>m\u00ednimo de 35 cr\u00e9ditos<\/strong>de los cuales 12 son cr\u00e9ditos H y 23 son cr\u00e9ditos formales (A,B,C). <strong>disciplinas obligatorias<\/strong> del programa:<\/p>\n\n\n\n<ul class=\"wp-block-list\">\n<li>Organizaci\u00f3n de actos sobre biotecnolog\u00eda vegetal,<\/li>\n\n\n\n<li>\u25cf Actividades de extensi\u00f3n I,<\/li>\n\n\n\n<li>\u25cf Actividades de extensi\u00f3n II,<\/li>\n\n\n\n<li>Biotecnolog\u00eda vegetal I,<\/li>\n\n\n\n<li>Elaboraci\u00f3n de Proyectos de Investigaci\u00f3n Biotecnol\u00f3gica,<\/li>\n\n\n\n<li>Iniciativa empresarial y gesti\u00f3n de proyectos,<\/li>\n\n\n\n<li>Pr\u00e1ctica Docente  I,<\/li>\n\n\n\n<li>Pr\u00e1ctica Docente II,<\/li>\n\n\n\n<li>Propiedad intelectual e innovaci\u00f3n tecnol\u00f3gica,<\/li>\n\n\n\n<li>Seminario del Programa de Biotecnolog\u00eda Vegetal I,<\/li>\n\n\n\n<li>Seminario del Programa de Biotecnolog\u00eda Vegetal II,<\/li>\n\n\n\n<li>Seminario del Programa de Biotecnolog\u00eda Vegetal III, <\/li>\n\n\n\n<li>Seminario del Programa de Biotecnolog\u00eda Vegetal VI,<\/li>\n\n\n\n<li>Investigaci\u00f3n de la Tesis.<\/li>\n<\/ul>\n\n\n\n<br><hr class=\"botm-line5\" \/>","protected":false},"excerpt":{"rendered":"<p>MESTRADO Para obter o grau de Mestre em Biotecnologia Vegetal o discente precisa, al\u00e9m de outros requisitos, integralizar o n\u00famero m\u00ednimo de 25 cr\u00e9ditos, sendo 8 cr\u00e9ditos H e 17 cr\u00e9ditos formais (com conceito A,B,C), dentre estes, a realiza\u00e7\u00e3o de disciplinas obrigat\u00f3rias do programa: DOUTORADO Para obter o grau de Doutor em Biotecnologia Vegetal o [&hellip;]<\/p>\n","protected":false},"author":1,"featured_media":0,"parent":0,"menu_order":0,"comment_status":"closed","ping_status":"closed","template":"","meta":{"footnotes":""},"class_list":["post-2796","page","type-page","status-publish","hentry"],"_links":{"self":[{"href":"https:\/\/pgbv.uenf.br\/es\/wp-json\/wp\/v2\/pages\/2796","targetHints":{"allow":["GET"]}}],"collection":[{"href":"https:\/\/pgbv.uenf.br\/es\/wp-json\/wp\/v2\/pages"}],"about":[{"href":"https:\/\/pgbv.uenf.br\/es\/wp-json\/wp\/v2\/types\/page"}],"author":[{"embeddable":true,"href":"https:\/\/pgbv.uenf.br\/es\/wp-json\/wp\/v2\/users\/1"}],"replies":[{"embeddable":true,"href":"https:\/\/pgbv.uenf.br\/es\/wp-json\/wp\/v2\/comments?post=2796"}],"version-history":[{"count":26,"href":"https:\/\/pgbv.uenf.br\/es\/wp-json\/wp\/v2\/pages\/2796\/revisions"}],"predecessor-version":[{"id":5303,"href":"https:\/\/pgbv.uenf.br\/es\/wp-json\/wp\/v2\/pages\/2796\/revisions\/5303"}],"wp:attachment":[{"href":"https:\/\/pgbv.uenf.br\/es\/wp-json\/wp\/v2\/media?parent=2796"}],"curies":[{"name":"wp","href":"https:\/\/api.w.org\/{rel}","templated":true}]}}