{"id":223,"date":"2020-04-05T15:29:53","date_gmt":"2020-04-05T18:29:53","guid":{"rendered":"https:\/\/pgbv.uenf.br\/?page_id=223"},"modified":"2020-08-14T16:17:49","modified_gmt":"2020-08-14T19:17:49","slug":"home","status":"publish","type":"page","link":"https:\/\/pgbv.uenf.br\/es\/","title":{"rendered":"Inicio"},"content":{"rendered":"<div class=\"col-md-3 intro-wrap\">\n<div class=\"intro-flex\">\n<div class=\"one-third color-1 animate-box\" onclick=\"location.href='https:\/\/pgbv.uenf.br\/selecao\/inscricao\/';\">\n<div class=\"icon\"><i class=\"flaticon-test\"><\/i><\/div>\n<div class=\"desc\">\n<h3 style=\"font-size: 17px;\">Proceso de selecci\u00f3n<\/h3>\n<\/div>\n<\/div>\n<div class=\"one-third color-2 animate-box\" onclick=\"location.href='https:\/\/pgbv.uenf.br\/formularios\/';\">\n<div class=\"icon\"><i class=\"flaticon-paper\"><\/i><\/div>\n<div class=\"desc\">\n<h3 style=\"font-size: 17px;\">Formularios<\/h3>\n<\/div>\n<\/div>\n<div class=\"one-third color-3 animate-box\" onclick=\"location.href='https:\/\/pgbv.uenf.br\/calendario\/';\">\n<div class=\"icon\"><i class=\"flaticon-calendar-1\"><\/i><\/div>\n<div class=\"desc\">\n<h3 style=\"font-size: 17px;\">Calendario acad\u00e9mico<\/h3>\n<\/div>\n<\/div>\n<div class=\"one-third color-3 animate-box\" onclick=\"location.href='https:\/\/pgbv.uenf.br\/horarios-de-aulas\/'\">\n<div class=\"icon\"><i class=\"flaticon-calendar\"><\/i><\/div>\n<div class=\"desc\">\n<h3 style=\"font-size: 17px;\">Horario<\/h3>\n<\/div>\n<\/div>\n<\/div>\n<\/div>","protected":false},"excerpt":{"rendered":"<p>Processo seletivo Formul\u00e1rios Calend\u00e1rio acad\u00eamico Quadro de hor\u00e1rios<\/p>","protected":false},"author":1,"featured_media":0,"parent":0,"menu_order":0,"comment_status":"closed","ping_status":"closed","template":"","meta":{"footnotes":""},"class_list":["post-223","page","type-page","status-publish","hentry"],"_links":{"self":[{"href":"https:\/\/pgbv.uenf.br\/es\/wp-json\/wp\/v2\/pages\/223","targetHints":{"allow":["GET"]}}],"collection":[{"href":"https:\/\/pgbv.uenf.br\/es\/wp-json\/wp\/v2\/pages"}],"about":[{"href":"https:\/\/pgbv.uenf.br\/es\/wp-json\/wp\/v2\/types\/page"}],"author":[{"embeddable":true,"href":"https:\/\/pgbv.uenf.br\/es\/wp-json\/wp\/v2\/users\/1"}],"replies":[{"embeddable":true,"href":"https:\/\/pgbv.uenf.br\/es\/wp-json\/wp\/v2\/comments?post=223"}],"version-history":[{"count":58,"href":"https:\/\/pgbv.uenf.br\/es\/wp-json\/wp\/v2\/pages\/223\/revisions"}],"predecessor-version":[{"id":1951,"href":"https:\/\/pgbv.uenf.br\/es\/wp-json\/wp\/v2\/pages\/223\/revisions\/1951"}],"wp:attachment":[{"href":"https:\/\/pgbv.uenf.br\/es\/wp-json\/wp\/v2\/media?parent=223"}],"curies":[{"name":"wp","href":"https:\/\/api.w.org\/{rel}","templated":true}]}}