{"id":166,"date":"2025-04-15T16:02:14","date_gmt":"2025-04-15T19:02:14","guid":{"rendered":"https:\/\/pgbv.uenf.br\/?page_id=166"},"modified":"2025-10-16T17:58:39","modified_gmt":"2025-10-16T20:58:39","slug":"inscricao","status":"publish","type":"page","link":"https:\/\/pgbv.uenf.br\/es\/inscricao\/","title":{"rendered":"Inscripci\u00f3n - PROCESO SELECTIVO"},"content":{"rendered":"<h2 class=\"wp-block-heading has-text-align-center\"><strong>PROGRAMA DE POSGRADO EN BIOTECNOLOG\u00cdA VEGETAL<\/strong><\/h2>\n\n\n\n<p class=\"has-text-align-center\"><strong>PRIMER SEMESTRE DE 2026<\/strong><\/p>\n\n\n\n<p class=\"has-text-align-center\"><strong><span style=\"background-color:rgba(0, 0, 0, 0)\" class=\"has-inline-color has-black-color\">C<\/span><\/strong><span style=\"background-color:rgba(0, 0, 0, 0)\" class=\"has-inline-color has-black-color\">haga clic en<\/span> <span style=\"background-color:rgba(0, 0, 0, 0)\" class=\"has-inline-color has-black-color\"><strong>ANUNCIO 2026.1 ( <a href=\"https:\/\/pgbv.uenf.br\/wp-content\/uploads\/2025\/09\/Edital-de-Selecao-PGBV-2026-1-Portugues-final.pdf\">VERSI\u00d3N PORTUGUESA <\/a>)<\/strong>, ( <strong><a href=\"https:\/\/pgbv.uenf.br\/wp-content\/uploads\/2025\/09\/Edital-de-Selecao-PGBV-2026-1-Ingles-final.pdf\">VERSI\u00d3N EN INGL\u00c9S<\/a><\/strong> ) <\/span><strong><strong><span style=\"background-color:rgba(0, 0, 0, 0)\" class=\"has-inline-color has-black-color\">O ( <a href=\"https:\/\/pgbv.uenf.br\/wp-content\/uploads\/2025\/09\/Edital-de-Selecao-PGBV-2026-1-Espanhol-final.pdf\">ENGLISH VERSION<\/a> )<\/span><\/strong>  <\/strong><\/p>\n\n\n\n<p><\/p>\n\n\n\n<p><strong>INSCRIPCI\u00d3N:&nbsp; <\/strong>de&nbsp;<strong>01\/10\/2025 a 31\/10\/2025<\/strong><\/p>\n\n\n\n<ul class=\"wp-block-list\">\n<li><strong>Anuncio de resultados (FASE 1)<\/strong>:<strong> <\/strong>hasta el 28 de noviembre de 2025.<\/li>\n\n\n\n<li><strong>Realizaci\u00f3n de entrevistas (FASE 02)<\/strong>: 01 e 03\/12\/2025<\/li>\n\n\n\n<li><strong>Se anuncian los resultados finales:&nbsp;<\/strong>hasta el 09\/12\/2025, en el sitio web del Programa<strong>;<\/strong><\/li>\n\n\n\n<li><strong>Inscripci\u00f3n de los candidatos seleccionados<\/strong>: por definir;<\/li>\n\n\n\n<li><strong>1er semestre de 2026<\/strong>Marzo de 2026 (la fecha se anunciar\u00e1 a su debido tiempo).<\/li>\n<\/ul>\n\n\n\n<p>1) Todas las solicitudes acompa\u00f1adas de la documentaci\u00f3n especificada en el punto&nbsp;<strong>4.3 del anuncio de selecci\u00f3n<\/strong>Debe enviarse lo siguiente&nbsp;<strong>exclusivamente por correo electr\u00f3nico: pgbv.secretaria@uenf.br,&nbsp;<\/strong>hasta el d\u00eda&nbsp;<strong>31\/10\/2025 a las 23:59 (hora de Brasilia)<\/strong>.<\/p>\n\n\n\n<p>Para m\u00e1s informaci\u00f3n&nbsp;<strong>PERFIL DE LAS VACANTES<\/strong>&nbsp;<strong>por TEMA DE INVESTIGACI\u00d3N<\/strong>&nbsp;con los respectivos profesores tutores, acceda a&nbsp;<strong>ANEXO 2<\/strong>&nbsp;(<strong><a href=\"https:\/\/pgbv.uenf.br\/wp-content\/uploads\/2025\/09\/Quadro_de_Vagas_Portugues_-PGBV_2026-1.pdf\">VERSI\u00d3N PORTUGUESA<\/a><\/strong>) ,&nbsp;<strong>ANEXO 2 (<a href=\"https:\/\/pgbv.uenf.br\/wp-content\/uploads\/2025\/09\/Quadro_de_Vagas_Ingles_-PGBV_2026-1.pdf\">VERSI\u00d3N EN INGL\u00c9S<\/a>) O ANEXO 2 (<a href=\"https:\/\/pgbv.uenf.br\/wp-content\/uploads\/2025\/09\/Quadro_de_Vagas_Espanhol_-PGBV_2026-1.pdf\">VERSI\u00d3N ESPA\u00d1OLA<\/a><\/strong>).<\/p>\n\n\n\n<p><strong>N\u00daMERO DE VACANTES :<\/strong><\/p>\n\n\n\n<p>M\u00e1ster: 20<\/p>\n\n\n\n<p>Doctorado: 13<\/p>\n\n\n\n<p><strong>Procedimientos de env\u00edo de documentos para la inscripci\u00f3n:<\/strong><\/p>\n\n\n\n<p>La Oficina de Coordinaci\u00f3n del PPGBV pide a los candidatos que organicen la documentaci\u00f3n en PDF para la solicitud y la env\u00eden en carpetas separadas y comprimidas (Carpeta 1 y Carpeta 2).<\/p>\n\n\n\n<p><strong>Carpeta 1 - Documentos de registro<\/strong><\/p>\n\n\n\n<p>1.&nbsp;<a href=\"https:\/\/pgbv.uenf.br\/wp-content\/uploads\/2025\/04\/Fomulario-inscricao-Processo-seletivo_PG_atual-2025.24.docx\">Formulario de inscripci\u00f3n<\/a><a href=\"https:\/\/pgbv.uenf.br\/wp-content\/uploads\/2024\/10\/Fomulario-inscricao-Processo-seletivo_PG_atual-2025.1.docx\">;<\/a><\/p>\n\n\n\n<p>2. T\u00edtulo (anverso y reverso) de estudios superiores o documento equivalente;<\/p>\n\n\n\n<p>3. 3. Expediente acad\u00e9mico (definitivo) de los candidatos a m\u00e1ster y doctorado;<\/p>\n\n\n\n<p>4. Diploma de m\u00e1ster (anverso y reverso) para los candidatos al doctorado;<\/p>\n\n\n\n<p>5. 5. Certificado de notas del m\u00e1ster (definitivo), para los candidatos al doctorado;<\/p>\n\n\n\n<p>6. Dos fotos de 3\u00d74;<\/p>\n\n\n\n<p>7.&nbsp;<a href=\"https:\/\/pgbv.uenf.br\/wp-content\/uploads\/2024\/10\/Carta-de-referencia-Processo-seletivo_Carta.docx\">Carta de referencia<\/a>&nbsp;de tres personas vinculadas a su formaci\u00f3n universitaria o a sus actividades profesionales (<strong>punto 4.3 - h - de la convocatoria 2026\/1)<\/strong>;<\/p>\n\n\n\n<p>8. Copia de la tarjeta de identidad civil, CPF, registro civil, tarjeta de registro de votantes y documento militar;<\/p>\n\n\n\n<p><strong>Carpeta 2 - Documentos<\/strong>&nbsp;<strong>para la evaluaci\u00f3n<\/strong>&nbsp;(<strong>FASE 01<\/strong>)<\/p>\n\n\n\n<p>1.&nbsp;<a href=\"https:\/\/pgbv.uenf.br\/wp-content\/uploads\/2025\/04\/Proposta-de-Pesquisa_Versao-Portugues.docx\">Propuesta de investigaci\u00f3n (versi\u00f3n portuguesa)<\/a>&nbsp;- Anexo 1 (fechado y firmado) , <a href=\"https:\/\/pgbv.uenf.br\/wp-content\/uploads\/2025\/04\/Proposta-de-Pesquisa_Versao-English.docx\">Propuesta de investigaci\u00f3n (versi\u00f3n inglesa)<\/a> - Anexo 1 (fechado y firmado),  <a href=\"https:\/\/pgbv.uenf.br\/wp-content\/uploads\/2025\/04\/Proposta-de-Pesquisa_Versao-Espanol.docx\">Propuesta de investigaci\u00f3n (versi\u00f3n espa\u00f1ola)<\/a> - Anexo 1 (cerrado y firmado).<\/p>\n\n\n\n<p>2.&nbsp;<em>Curriculum vitae<\/em>&nbsp;personalizada que contenga \u00fanicamente los \u00edtems establecidos en las respectivas tablas de puntuaci\u00f3n para m\u00e1steres y\/o doctorados de la presente convocatoria<em>.<\/em><\/p>\n\n\n\n<p class=\"has-text-align-left\">3. 3. Documentaci\u00f3n justificativa\u00a0<em>Curriculum vitae<\/em>.\u00a0<em>A\u00a0<strong>la documentaci\u00f3n justificativa debe estar en un \u00daNICO ARCHIVO PDF<\/strong>\u00a0(nombre del archivo: candidate_proofsCV.pdf) y deben organizarse exactamente en el orden de los puntos establecidos en las respectivas tablas de puntuaci\u00f3n (<strong>PUNTO 7.1 - FASE 01<\/strong>\u00a0- ) para m\u00e1ster y o ( <strong>PUNTO 7.2<\/strong> \u2013 <strong>Cuadro FASE 01<\/strong>) doctorado de este anuncio<\/em> (<a href=\"https:\/\/pgbv.uenf.br\/wp-content\/uploads\/2025\/09\/Edital-de-Selecao-PGBV-2026-1-Portugues-final.pdf\"><strong>Aviso p\u00fablico<\/strong> <strong>Versi\u00f3n portuguesa<\/strong><\/a>); (<strong><em>PUNTO 6.1 - FASE 01<\/em><\/strong> \u2013 <strong>tabla<\/strong>) para un m\u00e1ster y, o bien (<em><strong>PUNTO 6.2<\/strong> \u2013 <strong>FASE 01 - mesa<\/strong><\/em>) <em>doctorado de este anuncio p\u00fablico<\/em> (<strong><a href=\"https:\/\/pgbv.uenf.br\/wp-content\/uploads\/2025\/09\/Edital-de-Selecao-PGBV-2026-1-Ingles-final.pdf\">Versi\u00f3n inglesa<\/a><\/strong>) o (<em><strong>ART\u00cdCULO 6.1 - FASE 01<\/strong>\u00a0\u2013 <strong>tabla<\/strong>) para un m\u00e1ster y, o bien ( <strong>ART\u00cdCULO 6.2<\/strong> \u2013 <strong>FASE 01 - mesa<\/strong>) doctorado de este anuncio<\/em> (<strong><a href=\"https:\/\/pgbv.uenf.br\/wp-content\/uploads\/2025\/09\/Edital-de-Selecao-PGBV-2026-1-Espanhol-final.pdf\">Edital English Version<\/a><\/strong>).<\/p>\n\n\n\n<p><strong>Informaci\u00f3n sobre las plazas de cupo:<\/strong><\/p>\n\n\n\n<p>- Los candidatos con cuota deben rellenar la opci\u00f3n de cuota en el formulario de inscripci\u00f3n.<\/p>\n\n\n\n<p>- Una vez superadas las Fases 1 y 2 del proceso de selecci\u00f3n, a los aspirantes a plazas de cupo se les valorar\u00e1 su situaci\u00f3n socioecon\u00f3mica. Para ello, una vez superado el proceso de selecci\u00f3n, deber\u00e1n cumplimentar el formulario electr\u00f3nico y adjuntar la relaci\u00f3n de documentos acreditativos:&nbsp;<a href=\"https:\/\/uenf.br\/posgraduacao\/avaliacao-socioeconomica-de-editais-da-pos-graduacao\/\">https:\/\/uenf.br\/posgraduacao\/avaliacao-socioeconomica-de-editais-da-pos-graduacao\/<\/a><\/p>\n\n\n\n<p><\/p>","protected":false},"excerpt":{"rendered":"<p>PROGRAMA DE P\u00d3S-GRADUA\u00c7\u00c3O EM BIOTECNOLOGIA VEGETAL PRIMEIRO SEMESTRE DE 2026 Clique no EDITAL 2026.1 ( VERS\u00c3O PORTUGU\u00caS ), ( VERS\u00c3O ENGLISH ) OU ( VERS\u00c3O ESPA\u00d1OL ) INSCRI\u00c7\u00d5ES:&nbsp; de&nbsp;01\/10\/2025 a 31\/10\/2025 1) Todas as inscri\u00e7\u00f5es acompanhadas da documenta\u00e7\u00e3o especificada no item&nbsp;4.3 do Edital de Sele\u00e7\u00e3o, dever\u00e3o ser enviadas&nbsp;exclusivamente atrav\u00e9s do e-mail:&nbsp;pgbv.secretaria@uenf.br,&nbsp;at\u00e9 o dia&nbsp;31\/10\/2025 \u00e0s 23:59 [&hellip;]<\/p>\n","protected":false},"author":1,"featured_media":0,"parent":0,"menu_order":0,"comment_status":"closed","ping_status":"closed","template":"","meta":{"footnotes":""},"class_list":["post-166","page","type-page","status-publish","hentry"],"_links":{"self":[{"href":"https:\/\/pgbv.uenf.br\/es\/wp-json\/wp\/v2\/pages\/166","targetHints":{"allow":["GET"]}}],"collection":[{"href":"https:\/\/pgbv.uenf.br\/es\/wp-json\/wp\/v2\/pages"}],"about":[{"href":"https:\/\/pgbv.uenf.br\/es\/wp-json\/wp\/v2\/types\/page"}],"author":[{"embeddable":true,"href":"https:\/\/pgbv.uenf.br\/es\/wp-json\/wp\/v2\/users\/1"}],"replies":[{"embeddable":true,"href":"https:\/\/pgbv.uenf.br\/es\/wp-json\/wp\/v2\/comments?post=166"}],"version-history":[{"count":370,"href":"https:\/\/pgbv.uenf.br\/es\/wp-json\/wp\/v2\/pages\/166\/revisions"}],"predecessor-version":[{"id":5405,"href":"https:\/\/pgbv.uenf.br\/es\/wp-json\/wp\/v2\/pages\/166\/revisions\/5405"}],"wp:attachment":[{"href":"https:\/\/pgbv.uenf.br\/es\/wp-json\/wp\/v2\/media?parent=166"}],"curies":[{"name":"wp","href":"https:\/\/api.w.org\/{rel}","templated":true}]}}