{"id":148,"date":"2020-04-04T17:58:19","date_gmt":"2020-04-04T20:58:19","guid":{"rendered":"https:\/\/pgbv.uenf.br\/?page_id=148"},"modified":"2025-09-08T20:58:14","modified_gmt":"2025-09-08T23:58:14","slug":"o-programa","status":"publish","type":"page","link":"https:\/\/pgbv.uenf.br\/es\/o-programa\/","title":{"rendered":"El programa"},"content":{"rendered":"<div data-elementor-type=\"wp-page\" data-elementor-id=\"148\" class=\"elementor elementor-148\" data-elementor-post-type=\"page\">\n\t\t\t\t\t\t<section data-particle_enable=\"false\" data-particle-mobile-disabled=\"false\" class=\"elementor-section elementor-top-section elementor-element elementor-element-c0b9c9d elementor-section-boxed elementor-section-height-default elementor-section-height-default\" data-id=\"c0b9c9d\" data-element_type=\"section\">\n\t\t\t\t\t\t<div class=\"elementor-container elementor-column-gap-default\">\n\t\t\t\t\t<div class=\"elementor-column elementor-col-100 elementor-top-column elementor-element elementor-element-9218ad4\" data-id=\"9218ad4\" data-element_type=\"column\">\n\t\t\t<div class=\"elementor-widget-wrap elementor-element-populated\">\n\t\t\t\t\t\t<div class=\"elementor-element elementor-element-9586b38 elementor-widget elementor-widget-html\" data-id=\"9586b38\" data-element_type=\"widget\" data-widget_type=\"html.default\">\n\t\t\t\t<div class=\"elementor-widget-container\">\n\t\t\t<section id=\"apresentacao\" class=\"section-padding\">\n    <div class=\"row\">\n      <div class=\"col-md-12 col-sm-12\" style=\"margin-top: 20px\">\n        <h3 class=\"ser-title\">Presentaci\u00f3n<\/h3>\n        <hr class=\"botm-line\" style=\"margin-top: 10px\">\n        <div class=\"col-md-4 col-sm-4\">\n          <img decoding=\"async\" src=\"https:\/\/pgbv.uenf.br\/wp-content\/uploads\/2020\/04\/UENF_UVV.png\" alt=\"\" style=\"width: 300px\" class=\"responsive\">\n        <\/div>\n        <div class=\"col-md-8 col-sm-8\" style=\"text-align:justify;text-indent: 50px;\">\n          <p>\u00a1Bienvenido al Programa de Postgrado en Biotecnolog\u00eda Vegetal (PPGBV)!<br><p>El Programa de Posgrado en Biotecnolog\u00eda Vegetal (PPGBV) fue creado mediante una asociaci\u00f3n entre la Universidade Estadual do Norte Fluminense Darcy Ribeiro (UENF) y la Universidade Vila Velha (UVV). El programa es responsabilidad de ambas instituciones y se desarrolla de manera integrada y simult\u00e1nea en el campus Leonel Brizola de la UENF, ubicado en Campos dos Goytacazes, estado de R\u00edo de Janeiro (RJ), y en el campus Boa Vista de la UVV, en Vila Velha, estado de Esp\u00edrito Santo (ES).<p>Recomendado por CAPES el 11 de diciembre de 2015, el PPGBV fue aprobado en el \u00e1rea de evaluaci\u00f3n de Biotecnolog\u00eda con una calificaci\u00f3n de 4, ofreciendo cursos de Maestr\u00eda y Doctorado. La primera cohorte ingres\u00f3 en noviembre de 2016 y, desde entonces, el programa se ha consolidado como una referencia en el \u00e1rea. Las primeras defensas de Maestr\u00eda tuvieron lugar en 2018, y en 2020 se realizaron las primeras defensas de Doctorado, mostrando el r\u00e1pido desarrollo de la iniciativa.\n            <br>\n            <p>Desde su fundaci\u00f3n, la colaboraci\u00f3n complementaria entre la UENF y la UVV ha generado resultados significativos, promoviendo un ambiente sin\u00e9rgico que integra educaci\u00f3n, investigaci\u00f3n e innovaci\u00f3n. Esta asociaci\u00f3n estrat\u00e9gica fue fundamental para el rendimiento alcanzado en la primera evaluaci\u00f3n cuatrienal de CAPES, en la cual el PPGBV obtuvo una calificaci\u00f3n de 5. Este avance reconoce la excelencia y el impacto del programa en el campo de la biotecnolog\u00eda vegetal, posicion\u00e1ndolo en la vanguardia del desarrollo acad\u00e9mico y cient\u00edfico.<\/br>\n            <\/p>\n        <\/div>\n      <\/div>\n    <\/div>\n<\/section>\n<section id=\"apresentacao1\" class=\"section-padding\">\n    <div class=\"row\">\n      <div class=\"col-md-6 col-sm-6\" style=\"margin-top: 20px\">\n        <h3 class=\"ser-title white\">Objetivo<\/h3>\n        <hr class=\"botm-line3 white\" style=\"margin-top: 10px\">\n        <div style=\"color:#d3d3d3;text-align:justify;text-indent: 50px;\">\n          <p>El programa tiene como objetivo la formaci\u00f3n de recursos humanos calificados (Maestros y Doctores) en un \u00e1rea de vanguardia de la innovaci\u00f3n, la Biotecnolog\u00eda Vegetal. Los profesionales adquirir\u00e1n conocimientos en caracterizaci\u00f3n de la biodiversidad, con \u00e9nfasis en la prospecci\u00f3n de genes, prote\u00ednas y metabolitos secundarios; as\u00ed como una investigaci\u00f3n detallada de los procesos biol\u00f3gicos, incluyendo t\u00e9cnicas de gen\u00f3mica, transcript\u00f3mica, prote\u00f3mica, metabol\u00f3mica y bioinform\u00e1tica. Tambi\u00e9n recibir\u00e1n formaci\u00f3n en tecnolog\u00edas como micropropagaci\u00f3n, ingenier\u00eda gen\u00e9tica y biolog\u00eda sint\u00e9tica, que resultar\u00e1n en la generaci\u00f3n de productos relevantes para la agricultura, la industria, la medicina y el medio ambiente.\n            <br>\n            <p>El egresado del programa tendr\u00e1 una formaci\u00f3n diferencial en las \u00e1reas de Emprendimiento y Gesti\u00f3n de Proyectos Biotecnol\u00f3gicos que, junto con el \u00e1rea de Innovaci\u00f3n Tecnol\u00f3gica y Propiedad Intelectual, le proporcionar\u00e1 competencia para el desarrollo de productos y procesos biotecnol\u00f3gicos, y su inserci\u00f3n en el mercado.<\/br>\n            <\/p>\n        <\/div>\n      <\/div>\n      <div class=\"col-md-6 col-sm-6\" style=\"margin-top: 20px\">\n        <h3 class=\"ser-title white\">P\u00fablico<\/h3>\n        <hr class=\"botm-line3\" style=\"margin-top: 10px\">\n        <div style=\"color:#d3d3d3;text-align:justify;text-indent: 50px;\">\n          <p>Para el M\u00e1ster, el p\u00fablico incluye a graduados en Ciencias Biol\u00f3gicas, Agronom\u00eda, Ingenier\u00eda Forestal y \u00e1reas afines. Para el Doctorado, nuestro p\u00fablico incluye a los Maestros titulados en Programas de Posgrado stricto sensu recomendados por CAPES, cuyo perfil sea adecuado para el programa.<\/p>\n        <\/div>\n      <\/div>\n      <div class=\"col-md-6 col-sm-6\" style=\"margin-top: 20px\">\n        <h3 class=\"ser-title white\">Cooperaci\u00f3n cient\u00edfica<\/h3>\n        <hr class=\"botm-line3\" style=\"margin-top: 10px\">\n        <div style=\"color:#d3d3d3;text-align:justify;text-indent: 50px;\">\n          <p>El intercambio institucional es uno de los puntos fuertes del programa. Adem\u00e1s de la asociaci\u00f3n entre UENF y UVV, los docentes mantienen colaboraciones con diferentes investigadores de instituciones nacionales e internacionales, tales como: UNICAMP, EMBRAPA, UFRJ, USP, UFV, UFSC, Universidad de Tokio (Jap\u00f3n); The James Hutton Institute (Escocia); Texas A&amp;M University (EE.UU.); University of Missouri (EE.UU.).  <\/p>\n        <\/div>\n      <\/div>\n    <\/div>\n<\/section>\n<section id=\"pesquisa\" class=\"section-padding\">\n    <div class=\"row\">\n      <div class=\"col-md-12 col-sm-12\" style=\"margin-top: 20px\">\n        <h3 class=\"ser-title\">L\u00edneas de investigaci\u00f3n<\/h3>\n        <hr class=\"botm-line\" style=\"margin-top: 10px\">\n      <\/div>\n      <div class=\"col-md-12 col-sm-12\">\n        <h3><b>- Biolog\u00eda Integrativa: Gen\u00f3mica, Prote\u00f3mica, Metabol\u00f3mica y Bioinform\u00e1tica<\/b><\/h3>\n        <div style=\"text-align:justify;text-indent: 50px;\">\n          <p>Estudia los procesos biol\u00f3gicos de manera detallada e integradora, correlacionando par\u00e1metros gen\u00e9ticos, bioqu\u00edmicos, metab\u00f3licos y fisiol\u00f3gicos en plantas y microorganismos asociados. La generaci\u00f3n de datos a gran escala a trav\u00e9s de enfoques gen\u00f3micos, prote\u00f3micos y metabol\u00f3micos, y su integraci\u00f3n mediante la Bioinform\u00e1tica permite, adem\u00e1s de la caracterizaci\u00f3n efectiva de la biodiversidad, la prospecci\u00f3n de nuevos genes, p\u00e9ptidos y metabolitos secundarios de inter\u00e9s biotecnol\u00f3gico.<\/p>\n        <\/div>\n      <\/div>\n      <div class=\"col-md-12 col-sm-12\">\n        <h3 ><b>- Caracterizaci\u00f3n de la biodiversidad vegetal y bioproducci\u00f3n de compuestos bioactivos<\/b><\/h3>\n        <div style=\"text-align:justify;text-indent: 50px;\">\n          <p>Abarca el estudio y caracterizaci\u00f3n de la biodiversidad vegetal, incluyendo an\u00e1lisis de diversidad gen\u00e9tica, taxonom\u00eda, caracterizaci\u00f3n morfoanat\u00f3mica, fitoqu\u00edmica y bioprospecci\u00f3n de nuevas mol\u00e9culas. Estas metodolog\u00edas tienen como objetivo la identificaci\u00f3n, selecci\u00f3n, desarrollo y estandarizaci\u00f3n de productos derivados de la biodiversidad vegetal con potencial de uso industrial o farmac\u00e9utico.<\/p>\n        <\/div>\n      <\/div>\n      <div class=\"col-md-12 col-sm-12\">\n        <h3><b>- Biotecnolog\u00eda aplicada a la agricultura y el medio ambiente<\/b><\/h3>\n        <div style=\"text-align:justify;text-indent: 50px;\">\n          <p>Se centra en la aplicaci\u00f3n de la biotecnolog\u00eda como herramienta para aumentar la productividad agr\u00edcola con el m\u00ednimo impacto ambiental y producir productos y servicios de valor para la sociedad y el sector productivo. Las principales metodolog\u00edas incluyen cultivo de tejidos y micropropagaci\u00f3n in vitro, el desarrollo y uso de marcadores moleculares para la construcci\u00f3n de mapas gen\u00e9ticos y selecci\u00f3n de progenitores para programas de mejoramiento gen\u00e9tico vegetal, as\u00ed como la selecci\u00f3n asistida por marcadores (MAS).<\/p>\n        <\/div>\n      <\/div>\n<\/section>\n<section id=\"comissao\" class=\"section-padding\">\n    <div class=\"row\">\n      <div class=\"col-md-6 col-sm-6\" style=\"margin-top: 20px\">\n        <h3 style=\"text-align: center;\" class=\"ser-title\"><strong>Comisi\u00f3n Coordinadora del Programa<\/strong><\/h3>\n        <div style=\"margin-top: 20px;text-align:justify;text-indent: 50px;\">\n          <!-- List current members by role -->\n          \n          \n          <div style=\"text-align:left;text-indent: 0px;\">\n            <p><b>- Prof. Claudete Santa-Catarina<\/b> - coordinador<\/p>\n          <\/div>\n          \n          <div style=\"text-align:left;text-indent: 0px;\">\n            <p><b>- Prof. Thiago Motta Venancio<\/b> - docente<\/p>\n          <\/div>\n          \n          <div style=\"text-align:left;text-indent: 0px;\">\n            <p><b>- Prof. F\u00e1bio Lopes Olivares<\/b> - docente<\/p>\n          <\/div>\n          \n          <div style=\"text-align:left;text-indent: 0px;\">\n            <p><b>- Prof. Gon\u00e7alo Apolin\u00e1rio de Souza Filho<\/b> - docente<\/p>\n          <\/div>\n          \n          <div style=\"text-align:left;text-indent: 0px;\">\n            <p><b>- Prof. Ant\u00f4nio Teixeira do Amaral J\u00fanior<\/b> - docente<\/p>\n          <\/div>\n          <br>\n          \n          <div style=\"text-align:left;text-indent: 0px;\">\n            <p><b>- Jo\u00e3o Pedro Campos Matos<\/b> - Representante de los Maestrandos <br>mandato: del 01\/04\/25 al 31\/03\/26<\/br><\/p>\n            <\/div>\n            \n            \n          <div style=\"text-align:left;text-indent: 0px;\">\n            <p><b>- Eduarda Ramos Contilho <\/b><\/vr> - representante de los Doctorandos <br>gesti\u00f3n: del 01\/08\/25 al 31\/07\/26<\/br><\/p>\n          <\/div>\n          \n    \n        <\/div>\n      <\/div>\n      <div class=\"col-md-6 col-sm-6\" style=\"margin-top: 20px\">\n        <h3 style=\"text-align: center;\"class=\"ser-title\"><strong>Secretar\u00eda del Programa<\/strong><\/h3>\n          <!-- List current secretary -->\n          \n          <p style=\"text-align: center;\"><span>Secretar\u00eda del Programa de Postgrado en Biotecnolog\u00eda Vegetal<\/span><\/p>\n          <p style=\"text-align: center;\"><span>Universidad Estatal del Norte de R\u00edo de Janeiro Darcy Ribeiro<\/span><br \/>\n            <span> Av. Alberto Lamego, 2000 - Parque Calif\u00f3rnia<\/span><br \/>\n            <span>Edif\u00edcio CBB, t\u00e9rreo - CEP 28013-602 - Campos dos Goytacazes, RJ, Brasil<\/span><\/p>\n          <p style=\"text-align: center;\"><span><strong>Contacto:<\/strong><\/span><br \/>\n            \n            <span>Margareth de Vasconcelos Paes<\/span><br \/>\n            \n            <span><strong>Correo electr\u00f3nico:<\/strong> pgbv.secretaria@uenf.br<\/span><br \/>\n      <\/div>\n<\/section>\n<!--\/ service-->\n\t\t<\/div>\n\t\t\t\t<\/div>\n\t\t\t\t\t<\/div>\n\t\t<\/div>\n\t\t\t\t\t<\/div>\n\t\t<\/section>\n\t\t\t\t<\/div>","protected":false},"excerpt":{"rendered":"<p>Apresenta\u00e7\u00e3o Seja bem ao Programa de P\u00f3s-Gradua\u00e7\u00e3o em Biotecnologia Vegetal (PPGBV)! O PPGBV foi criado atrav\u00e9s de uma associa\u00e7\u00e3o entre a Universidade Estadual do Norte Fluminense Darcy Ribeiro (UENF) e a Universidade Vila Velha (UVV). O programa \u00e9 de responsabilidade das duas institui\u00e7\u00f5es, e ocorre de forma integrada e simult\u00e2nea no Campus Leonel Brizola da [&hellip;]<\/p>\n","protected":false},"author":1,"featured_media":0,"parent":0,"menu_order":0,"comment_status":"closed","ping_status":"closed","template":"","meta":{"footnotes":""},"class_list":["post-148","page","type-page","status-publish","hentry"],"_links":{"self":[{"href":"https:\/\/pgbv.uenf.br\/es\/wp-json\/wp\/v2\/pages\/148","targetHints":{"allow":["GET"]}}],"collection":[{"href":"https:\/\/pgbv.uenf.br\/es\/wp-json\/wp\/v2\/pages"}],"about":[{"href":"https:\/\/pgbv.uenf.br\/es\/wp-json\/wp\/v2\/types\/page"}],"author":[{"embeddable":true,"href":"https:\/\/pgbv.uenf.br\/es\/wp-json\/wp\/v2\/users\/1"}],"replies":[{"embeddable":true,"href":"https:\/\/pgbv.uenf.br\/es\/wp-json\/wp\/v2\/comments?post=148"}],"version-history":[{"count":85,"href":"https:\/\/pgbv.uenf.br\/es\/wp-json\/wp\/v2\/pages\/148\/revisions"}],"predecessor-version":[{"id":5322,"href":"https:\/\/pgbv.uenf.br\/es\/wp-json\/wp\/v2\/pages\/148\/revisions\/5322"}],"wp:attachment":[{"href":"https:\/\/pgbv.uenf.br\/es\/wp-json\/wp\/v2\/media?parent=148"}],"curies":[{"name":"wp","href":"https:\/\/api.w.org\/{rel}","templated":true}]}}