{"id":1106,"date":"2020-04-22T20:45:15","date_gmt":"2020-04-22T23:45:15","guid":{"rendered":"https:\/\/pgbv.uenf.br\/?page_id=1106"},"modified":"2020-04-22T20:45:15","modified_gmt":"2020-04-22T23:45:15","slug":"corpo-docente-uenf","status":"publish","type":"page","link":"https:\/\/pgbv.uenf.br\/es\/corpo-docente-uenf\/","title":{"rendered":"Profesorado - UENF"},"content":{"rendered":"<div id=\"docentes-UENF\" style=\"margin-top: 10px;\">\n<div class=\"docentes-uf\">\n<h3><strong>Universidad Estatal del Norte de R\u00edo de Janeiro Darcy Ribeiro - UENF<\/strong><\/h3>\n<\/div>\n<div class=\"container-fuid\"><div class=\"tmm tmm_docentes\"><div class=\"tmm_3_columns tmm_wrap tmm_theme_f\"><span class=\"tmm_two_containers_tablet\"><\/span><div class=\"tmm_container\"><div class=\"tmm_member\" style=\"border-top:#81d742 solid 5px;\"><div class=\"tmm_photo tmm_pic_docentes_0\" style=\"background: url(https:\/\/pgbv.uenf.br\/wp-content\/uploads\/2020\/08\/aline_intone.png); margin-left: auto; margin-right:auto; background-size:cover !important;\"><\/div><div class=\"tmm_textblock\"><div class=\"tmm_names\"><span class=\"tmm_fname\">Aline<\/span> <span class=\"tmm_lname\">Llaves Intorne<\/span><\/div><div class=\"tmm_job\">Profesor - Permanente<\/div><div class=\"tmm_desc\" style=\"text-align:\"><p><strong>Tema de investigaci\u00f3n:<\/strong><\/p><p>Prospecci\u00f3n de microorganismos asociados a plantas con fines biotecnol\u00f3gicos<\/p><\/div><div class=\"tmm_scblock\"><a class=\"tmm_sociallink\" href=\"mailto:ali&#110;&#101;&#046;in&#116;&#111;r&#110;&#101;&#064;&#105;&#102;rj.e&#100;&#117;.b&#114;\" title=\"aline.intorne@ifrj.edu.br\"><img decoding=\"async\" alt=\"aline.intorne@ifrj.edu.br\" src=\"https:\/\/pgbv.uenf.br\/wp-content\/plugins\/team-members\/inc\/img\/links\/email.png\"\/><\/a><a target=\"_blank\" class=\"tmm_sociallink\" href=\"http:\/\/lattes.cnpq.br\/5000910174037991\" title=\"Lattes\"><img decoding=\"async\" alt=\"Lattes\" src=\"https:\/\/pgbv.uenf.br\/wp-content\/plugins\/team-members\/inc\/img\/links\/website.png\"\/><\/a><\/div><\/div><\/div><div class=\"tmm_member\" style=\"border-top:#81d742 solid 5px;\"><div class=\"tmm_photo tmm_pic_docentes_1\" style=\"background: url(https:\/\/pgbv.uenf.br\/wp-content\/uploads\/2020\/03\/elenir.png); margin-left: auto; margin-right:auto; background-size:cover !important;\"><\/div><div class=\"tmm_textblock\"><div class=\"tmm_names\"><span class=\"tmm_fname\">Antonia<\/span> <span class=\"tmm_lname\">Elenir Am\u00e2ncio Oliveira<\/span><\/div><div class=\"tmm_job\">Profesor - Permanente<\/div><div class=\"tmm_desc\" style=\"text-align:\"><p><strong>Tema de investigaci\u00f3n:<\/strong><\/p><p>Mecanismos de defensa de las semillas contra los insectos.<\/p><\/div><div class=\"tmm_scblock\"><a class=\"tmm_sociallink\" href=\"mailto:e&#108;eni&#114;&#064;&#117;e&#110;&#102;.b&#114;\" title=\"elenir@uenf.br\"><img decoding=\"async\" alt=\"elenir@uenf.br\" src=\"https:\/\/pgbv.uenf.br\/wp-content\/plugins\/team-members\/inc\/img\/links\/email.png\"\/><\/a><a target=\"_blank\" class=\"tmm_sociallink\" href=\"http:\/\/lattes.cnpq.br\/2207461519012659\" title=\"Lattes\"><img decoding=\"async\" alt=\"Lattes\" src=\"https:\/\/pgbv.uenf.br\/wp-content\/plugins\/team-members\/inc\/img\/links\/website.png\"\/><\/a><\/div><\/div><\/div><span class=\"tmm_two_containers_tablet\"><\/span><div class=\"tmm_member\" style=\"border-top:#81d742 solid 5px;\"><div class=\"tmm_photo tmm_pic_docentes_2\" style=\"background: url(https:\/\/pgbv.uenf.br\/wp-content\/uploads\/2020\/03\/amaral.png); margin-left: auto; margin-right:auto; background-size:cover !important;\"><\/div><div class=\"tmm_textblock\"><div class=\"tmm_names\"><span class=\"tmm_fname\">Antonio<\/span> <span class=\"tmm_lname\">Teixeira do Amaral J\u00fanior<\/span><\/div><div class=\"tmm_job\">Profesor - Permanente<\/div><div class=\"tmm_desc\" style=\"text-align:\"><p><strong>Tema de investigaci\u00f3n:<\/strong><\/p><p>El fitomejoramiento en interacci\u00f3n con los procedimientos biotecnol\u00f3gicos.<\/p><\/div><div class=\"tmm_scblock\"><a class=\"tmm_sociallink\" href=\"mailto:amar&#097;&#108;j&#114;&#064;&#117;e&#110;&#102;.b&#114;\" title=\"amaraljr@uenf.br\"><img decoding=\"async\" alt=\"amaraljr@uenf.br\" src=\"https:\/\/pgbv.uenf.br\/wp-content\/plugins\/team-members\/inc\/img\/links\/email.png\"\/><\/a><a target=\"_blank\" class=\"tmm_sociallink\" href=\"http:\/\/lattes.cnpq.br\/5063486824345109\" title=\"Lattes\"><img decoding=\"async\" alt=\"Lattes\" src=\"https:\/\/pgbv.uenf.br\/wp-content\/plugins\/team-members\/inc\/img\/links\/website.png\"\/><\/a><\/div><\/div><\/div><\/div><span class=\"tmm_columns_containers_desktop\"><\/span><div class=\"tmm_container\"><div class=\"tmm_member\" style=\"border-top:#81d742 solid 5px;\"><div class=\"tmm_photo tmm_pic_docentes_3\" style=\"background: url(https:\/\/pgbv.uenf.br\/wp-content\/uploads\/2020\/04\/Proa.-Claudete-Santa-Catarina.jpg); margin-left: auto; margin-right:auto; background-size:cover !important;\"><\/div><div class=\"tmm_textblock\"><div class=\"tmm_names\"><span class=\"tmm_fname\">Claudete<\/span> <span class=\"tmm_lname\">Santa-Catarina<\/span><\/div><div class=\"tmm_job\">Profesor - Permanente<\/div><div class=\"tmm_desc\" style=\"text-align:\"><p><strong>Tema de investigaci\u00f3n:<\/strong><\/p><p>Bases fisiol\u00f3gicas y bioqu\u00edmicas aplicadas al estudio de la propagaci\u00f3n de plantas in vitro.<\/p><\/div><div class=\"tmm_scblock\"><a class=\"tmm_sociallink\" href=\"mailto:&#099;la&#117;d&#101;&#116;&#101;&#064;u&#101;nf&#046;br\" title=\"claudete@uenf.br\"><img decoding=\"async\" alt=\"claudete@uenf.br\" src=\"https:\/\/pgbv.uenf.br\/wp-content\/plugins\/team-members\/inc\/img\/links\/email.png\"\/><\/a><a target=\"_blank\" class=\"tmm_sociallink\" href=\"http:\/\/lattes.cnpq.br\/7135205469875532\" title=\"Lattes\"><img decoding=\"async\" alt=\"Lattes\" src=\"https:\/\/pgbv.uenf.br\/wp-content\/plugins\/team-members\/inc\/img\/links\/website.png\"\/><\/a><\/div><\/div><\/div><span class=\"tmm_two_containers_tablet\"><\/span><div class=\"tmm_member\" style=\"border-top:#81d742 solid 5px;\"><div class=\"tmm_photo tmm_pic_docentes_4\" style=\"background: url(https:\/\/pgbv.uenf.br\/wp-content\/uploads\/2020\/03\/clicia.png); margin-left: auto; margin-right:auto; background-size:cover !important;\"><\/div><div class=\"tmm_textblock\"><div class=\"tmm_names\"><span class=\"tmm_fname\">Cl\u00edcia<\/span> <span class=\"tmm_lname\">Gravitol Gaspar de Matos<\/span><\/div><div class=\"tmm_job\">Profesor - Permanente<\/div><div class=\"tmm_desc\" style=\"text-align:\"><p><strong>Tema de investigaci\u00f3n:<\/strong><\/p><p>Gen\u00f3mica y epigen\u00e9tica de las plantas.<\/p><\/div><div class=\"tmm_scblock\"><a class=\"tmm_sociallink\" href=\"mailto:c&#103;&#114;at&#105;&#118;&#111;l&#064;&#117;enf.b&#114;\" title=\"cgrativol@uenf.br\"><img decoding=\"async\" alt=\"cgrativol@uenf.br\" src=\"https:\/\/pgbv.uenf.br\/wp-content\/plugins\/team-members\/inc\/img\/links\/email.png\"\/><\/a><a target=\"_blank\" class=\"tmm_sociallink\" href=\"http:\/\/lattes.cnpq.br\/3181149120291303\" title=\"Lattes\"><img decoding=\"async\" alt=\"Lattes\" src=\"https:\/\/pgbv.uenf.br\/wp-content\/plugins\/team-members\/inc\/img\/links\/website.png\"\/><\/a><\/div><\/div><\/div><div class=\"tmm_member\" style=\"border-top:#81d742 solid 5px;\"><div class=\"tmm_photo tmm_pic_docentes_5\" style=\"background: url(https:\/\/pgbv.uenf.br\/wp-content\/uploads\/2020\/04\/Foto-Daniel.jpg); margin-left: auto; margin-right:auto; background-size:cover !important;\"><\/div><div class=\"tmm_textblock\"><div class=\"tmm_names\"><span class=\"tmm_fname\">Daniel<\/span> <span class=\"tmm_lname\"> Bas\u00edlio Zandonadi<\/span><\/div><div class=\"tmm_job\">Conferenciante - Colaborador<\/div><div class=\"tmm_desc\" style=\"text-align:\"><p><strong>Tema de investigaci\u00f3n:<\/strong><\/p><p>.<\/p>Mecanismos de acci\u00f3n de los bioestimulantes vegetales<\/div><div class=\"tmm_scblock\"><a class=\"tmm_sociallink\" href=\"mailto:&#100;&#097;n&#105;&#101;&#108;zand&#111;na&#100;&#105;&#064;gmail&#046;c&#111;m\" title=\"danielzandonadi@gmail.com\"><img decoding=\"async\" alt=\"danielzandonadi@gmail.com\" src=\"https:\/\/pgbv.uenf.br\/wp-content\/plugins\/team-members\/inc\/img\/links\/email.png\"\/><\/a><a target=\"_blank\" class=\"tmm_sociallink\" href=\"http:\/\/lattes.cnpq.br\/3660503715109916\" title=\"Lattes\"><img decoding=\"async\" alt=\"Lattes\" src=\"https:\/\/pgbv.uenf.br\/wp-content\/plugins\/team-members\/inc\/img\/links\/website.png\"\/><\/a><\/div><\/div><\/div><span class=\"tmm_two_containers_tablet\"><\/span><\/div><span class=\"tmm_columns_containers_desktop\"><\/span><div class=\"tmm_container\"><div class=\"tmm_member\" style=\"border-top:#81d742 solid 5px;\"><div class=\"tmm_photo tmm_pic_docentes_6\" style=\"background: url(https:\/\/pgbv.uenf.br\/wp-content\/uploads\/2020\/08\/eliemar.png); margin-left: auto; margin-right:auto; background-size:cover !important;\"><\/div><div class=\"tmm_textblock\"><div class=\"tmm_names\"><span class=\"tmm_fname\">Eliemar<\/span> <span class=\"tmm_lname\">Campostrini<\/span><\/div><div class=\"tmm_job\">Profesor - Permanente<\/div><div class=\"tmm_desc\" style=\"text-align:\"><p><strong>Tema de investigaci\u00f3n:<\/strong><\/p><p>Ecofisiolog\u00eda de la fotos\u00edntesis<\/p><\/div><div class=\"tmm_scblock\"><a class=\"tmm_sociallink\" href=\"mailto:ca&#109;po&#115;&#116;ri&#110;i&#064;&#117;&#101;n&#102;.&#098;&#114;\" title=\"campostrini@uenf.br\"><img decoding=\"async\" alt=\"campostrini@uenf.br\" src=\"https:\/\/pgbv.uenf.br\/wp-content\/plugins\/team-members\/inc\/img\/links\/email.png\"\/><\/a><a target=\"_blank\" class=\"tmm_sociallink\" href=\"http:\/\/lattes.cnpq.br\/6703563341959731\" title=\"Lattes\"><img decoding=\"async\" alt=\"Lattes\" src=\"https:\/\/pgbv.uenf.br\/wp-content\/plugins\/team-members\/inc\/img\/links\/website.png\"\/><\/a><\/div><\/div><\/div><div class=\"tmm_member\" style=\"border-top:#81d742 solid 5px;\"><div class=\"tmm_photo tmm_pic_docentes_7\" style=\"background: url(https:\/\/pgbv.uenf.br\/wp-content\/uploads\/2022\/02\/Erica-Oliveira-Melo.jpg); margin-left: auto; margin-right:auto; background-size:cover !important;\"><\/div><div class=\"tmm_textblock\"><div class=\"tmm_names\"><span class=\"tmm_fname\">Erica<\/span> <span class=\"tmm_lname\">de Oliveira Mello<\/span><\/div><div class=\"tmm_job\">Conferenciante - Colaborador<\/div><div class=\"tmm_desc\" style=\"text-align:\"><p><strong>Tema de investigaci\u00f3n:<\/strong><\/p><p><\/p>P\u00e9ptidos bioinspirados, actividad inhibidora y mecanismo de acci\u00f3n sobre biopel\u00edculas f\u00fangicas.<\/div><div class=\"tmm_scblock\"><a class=\"tmm_sociallink\" href=\"mailto:&#101;ric&#097;&#064;&#117;e&#110;&#102;.br\" title=\"erica@uenf.br\"><img decoding=\"async\" alt=\"erica@uenf.br\" src=\"https:\/\/pgbv.uenf.br\/wp-content\/plugins\/team-members\/inc\/img\/links\/email.png\"\/><\/a><a target=\"_blank\" class=\"tmm_sociallink\" href=\"http:\/\/lattes.cnpq.br\/5634913240588701\" title=\"Lattes\"><img decoding=\"async\" alt=\"Lattes\" src=\"https:\/\/pgbv.uenf.br\/wp-content\/plugins\/team-members\/inc\/img\/links\/website.png\"\/><\/a><\/div><\/div><\/div><span class=\"tmm_two_containers_tablet\"><\/span><div class=\"tmm_member\" style=\"border-top:#81d742 solid 5px;\"><div class=\"tmm_photo tmm_pic_docentes_8\" style=\"background: url(https:\/\/pgbv.uenf.br\/wp-content\/uploads\/2020\/03\/fabio.png); margin-left: auto; margin-right:auto; background-size:cover !important;\"><\/div><div class=\"tmm_textblock\"><div class=\"tmm_names\"><span class=\"tmm_fname\">Fabio<\/span> <span class=\"tmm_lname\">Lopes Olivares<\/span><\/div><div class=\"tmm_job\">Profesor - Permanente<\/div><div class=\"tmm_desc\" style=\"text-align:\"><p><strong>Tema de investigaci\u00f3n:<\/strong><\/p><p>Bases estructurales y ecofisiol\u00f3gicas de la interacci\u00f3n entre bacterias beneficiosas y plantas.<\/p><\/div><div class=\"tmm_scblock\"><a class=\"tmm_sociallink\" href=\"mailto:f&#097;&#098;iol&#105;v&#064;&#117;&#101;&#110;&#102;&#046;br\" title=\"fabioliv@uenf.br\"><img decoding=\"async\" alt=\"fabioliv@uenf.br\" src=\"https:\/\/pgbv.uenf.br\/wp-content\/plugins\/team-members\/inc\/img\/links\/email.png\"\/><\/a><a target=\"_blank\" class=\"tmm_sociallink\" href=\"http:\/\/lattes.cnpq.br\/3555567955507382\" title=\"Lattes\"><img decoding=\"async\" alt=\"Lattes\" src=\"https:\/\/pgbv.uenf.br\/wp-content\/plugins\/team-members\/inc\/img\/links\/website.png\"\/><\/a><\/div><\/div><\/div><\/div><span class=\"tmm_columns_containers_desktop\"><\/span><div class=\"tmm_container\"><div class=\"tmm_member\" style=\"border-top:#81d742 solid 5px;\"><div class=\"tmm_photo tmm_pic_docentes_9\" style=\"background: url(https:\/\/pgbv.uenf.br\/wp-content\/uploads\/2020\/04\/felipe_astolpho.png); margin-left: auto; margin-right:auto; background-size:cover !important;\"><\/div><div class=\"tmm_textblock\"><div class=\"tmm_names\"><span class=\"tmm_fname\">Philip<\/span> <span class=\"tmm_lname\">Astolpho de Almeida<\/span><\/div><div class=\"tmm_job\">Profesor - Permanente<\/div><div class=\"tmm_desc\" style=\"text-align:\"><p><strong>Tema de investigaci\u00f3n:<\/strong><\/p><p>Cultivo aplicado de tejidos vegetales y desarrollo de microorganismos modificados gen\u00e9ticamente.<\/p><\/div><div class=\"tmm_scblock\"><a class=\"tmm_sociallink\" href=\"mailto:flp_&#097;&#115;to&#108;ph&#111;&#064;&#117;e&#110;&#102;&#046;&#098;&#114;\" title=\"flp_astolpho@uenf.br\"><img decoding=\"async\" alt=\"flp_astolpho@uenf.br\" src=\"https:\/\/pgbv.uenf.br\/wp-content\/plugins\/team-members\/inc\/img\/links\/email.png\"\/><\/a><a target=\"_blank\" class=\"tmm_sociallink\" href=\"http:\/\/lattes.cnpq.br\/6834427626174990\" title=\"Lattes\"><img decoding=\"async\" alt=\"Lattes\" src=\"https:\/\/pgbv.uenf.br\/wp-content\/plugins\/team-members\/inc\/img\/links\/website.png\"\/><\/a><\/div><\/div><\/div><span class=\"tmm_two_containers_tablet\"><\/span><div class=\"tmm_member\" style=\"border-top:#81d742 solid 5px;\"><div class=\"tmm_photo tmm_pic_docentes_10\" style=\"background: url(https:\/\/pgbv.uenf.br\/wp-content\/uploads\/2020\/03\/goncalo.png); margin-left: auto; margin-right:auto; background-size:cover !important;\"><\/div><div class=\"tmm_textblock\"><div class=\"tmm_names\"><span class=\"tmm_fname\">Gon\u00e7alo<\/span> <span class=\"tmm_lname\">Apolin\u00e1rio de Souza Filho<\/span><\/div><div class=\"tmm_job\">Profesor - Permanente<\/div><div class=\"tmm_desc\" style=\"text-align:\"><p><strong>Tema de investigaci\u00f3n:<\/strong><\/p><p>Biotecnolog\u00edas aplicadas al estudio de la interacci\u00f3n planta-medio ambiente.<\/p><\/div><div class=\"tmm_scblock\"><a class=\"tmm_sociallink\" href=\"mailto:g&#111;&#110;&#099;a&#108;&#111;&#115;&#064;uenf&#046;&#098;r\" title=\"goncalos@uenf.br\"><img decoding=\"async\" alt=\"goncalos@uenf.br\" src=\"https:\/\/pgbv.uenf.br\/wp-content\/plugins\/team-members\/inc\/img\/links\/email.png\"\/><\/a><a target=\"_blank\" class=\"tmm_sociallink\" href=\"http:\/\/lattes.cnpq.br\/7935607913760531\" title=\"Lattes\"><img decoding=\"async\" alt=\"Lattes\" src=\"https:\/\/pgbv.uenf.br\/wp-content\/plugins\/team-members\/inc\/img\/links\/website.png\"\/><\/a><\/div><\/div><\/div><div class=\"tmm_member\" style=\"border-top:#81d742 solid 5px;\"><div class=\"tmm_photo tmm_pic_docentes_11\" style=\"background: url(https:\/\/pgbv.uenf.br\/wp-content\/uploads\/2020\/03\/maura.png); margin-left: auto; margin-right:auto; background-size:cover !important;\"><\/div><div class=\"tmm_textblock\"><div class=\"tmm_names\"><span class=\"tmm_fname\">Maura<\/span> <span class=\"tmm_lname\">da Cunha<\/span><\/div><div class=\"tmm_job\">Conferenciante - Colaborador<\/div><div class=\"tmm_desc\" style=\"text-align:\"><p><strong>Tema de investigaci\u00f3n:<\/strong><\/p><p>Enfoque estructural y ecofisiolog\u00eda de las plantas del bosque atl\u00e1ntico.<\/p><\/div><div class=\"tmm_scblock\"><a class=\"tmm_sociallink\" href=\"mailto:&#109;a&#117;&#114;a&#064;uen&#102;.&#098;r\" title=\"maura@uenf.br\"><img decoding=\"async\" alt=\"maura@uenf.br\" src=\"https:\/\/pgbv.uenf.br\/wp-content\/plugins\/team-members\/inc\/img\/links\/email.png\"\/><\/a><a target=\"_blank\" class=\"tmm_sociallink\" href=\"http:\/\/lattes.cnpq.br\/3555799356851041\" title=\"Lattes\"><img decoding=\"async\" alt=\"Lattes\" src=\"https:\/\/pgbv.uenf.br\/wp-content\/plugins\/team-members\/inc\/img\/links\/website.png\"\/><\/a><\/div><\/div><\/div><span class=\"tmm_two_containers_tablet\"><\/span><\/div><span class=\"tmm_columns_containers_desktop\"><\/span><div class=\"tmm_container\"><div class=\"tmm_member\" style=\"border-top:#81d742 solid 5px;\"><div class=\"tmm_photo tmm_pic_docentes_12\" style=\"background: url(https:\/\/pgbv.uenf.br\/wp-content\/uploads\/2020\/03\/olga.png); margin-left: auto; margin-right:auto; background-size:cover !important;\"><\/div><div class=\"tmm_textblock\"><div class=\"tmm_names\"><span class=\"tmm_fname\">Olga<\/span> <span class=\"tmm_lname\">Lima Tavares Machado<\/span><\/div><div class=\"tmm_job\">Profesor - Permanente<\/div><div class=\"tmm_desc\" style=\"text-align:\"><p>Tema de investigaci\u00f3n:<\/p><p>Caracterizaci\u00f3n estructural de al\u00e9rgenos y toxinas vegetales.<\/p><p>\u00a0<\/p><\/div><div class=\"tmm_scblock\"><a class=\"tmm_sociallink\" href=\"mailto:&#111;&#108;ga&#064;ue&#110;&#102;.b&#114;\" title=\"olga@uenf.br\"><img decoding=\"async\" alt=\"olga@uenf.br\" src=\"https:\/\/pgbv.uenf.br\/wp-content\/plugins\/team-members\/inc\/img\/links\/email.png\"\/><\/a><a target=\"_blank\" class=\"tmm_sociallink\" href=\"http:\/\/lattes.cnpq.br\/8204780680625242\" title=\"Lattes\"><img decoding=\"async\" alt=\"Lattes\" src=\"https:\/\/pgbv.uenf.br\/wp-content\/plugins\/team-members\/inc\/img\/links\/website.png\"\/><\/a><\/div><\/div><\/div><div class=\"tmm_member\" style=\"border-top:#81d742 solid 5px;\"><div class=\"tmm_photo tmm_pic_docentes_13\" style=\"background: url(https:\/\/pgbv.uenf.br\/wp-content\/uploads\/2020\/03\/tiago.jpg); margin-left: auto; margin-right:auto; background-size:cover !important;\"><\/div><div class=\"tmm_textblock\"><div class=\"tmm_names\"><span class=\"tmm_fname\">Thiago<\/span> <span class=\"tmm_lname\">Motta Ven\u00e2ncio<\/span><\/div><div class=\"tmm_job\">Profesor - Permanente<\/div><div class=\"tmm_desc\" style=\"text-align:\"><p><strong>Tema de investigaci\u00f3n:<\/strong><\/p><p>Gen\u00f3mica y bioinform\u00e1tica aplicadas a la biotecnolog\u00eda vegetal.<\/p><\/div><div class=\"tmm_scblock\"><a class=\"tmm_sociallink\" href=\"mailto:&#116;mve&#110;&#097;&#110;&#099;io&#064;&#117;&#101;&#110;&#102;&#046;&#098;r\" title=\"tmvenancio@uenf.br\"><img decoding=\"async\" alt=\"tmvenancio@uenf.br\" src=\"https:\/\/pgbv.uenf.br\/wp-content\/plugins\/team-members\/inc\/img\/links\/email.png\"\/><\/a><a target=\"_blank\" class=\"tmm_sociallink\" href=\"http:\/\/lattes.cnpq.br\/9487439038180237\" title=\"Lattes\"><img decoding=\"async\" alt=\"Lattes\" src=\"https:\/\/pgbv.uenf.br\/wp-content\/plugins\/team-members\/inc\/img\/links\/website.png\"\/><\/a><\/div><\/div><\/div><span class=\"tmm_two_containers_tablet\"><\/span><div class=\"tmm_member\" style=\"border-top:#81d742 solid 5px;\"><div class=\"tmm_photo tmm_pic_docentes_14\" style=\"background: url(https:\/\/pgbv.uenf.br\/wp-content\/uploads\/2020\/03\/valdirene.png); margin-left: auto; margin-right:auto; background-size:cover !important;\"><\/div><div class=\"tmm_textblock\"><div class=\"tmm_names\"><span class=\"tmm_fname\">Valdirene<\/span> <span class=\"tmm_lname\">Moreira Gomes<\/span><\/div><div class=\"tmm_job\">Profesor - Permanente<\/div><div class=\"tmm_desc\" style=\"text-align:\"><p><strong>Tema de investigaci\u00f3n:<\/strong><\/p><p>P\u00e9ptidos antimicrobianos de origen vegetal.<\/p><\/div><div class=\"tmm_scblock\"><a class=\"tmm_sociallink\" href=\"mailto:val&#109;g&#064;u&#101;n&#102;.b&#114;\" title=\"valmg@uenf.br\"><img decoding=\"async\" alt=\"valmg@uenf.br\" src=\"https:\/\/pgbv.uenf.br\/wp-content\/plugins\/team-members\/inc\/img\/links\/email.png\"\/><\/a><a target=\"_blank\" class=\"tmm_sociallink\" href=\"http:\/\/lattes.cnpq.br\/1764637588910599\" title=\"Lattes\"><img decoding=\"async\" alt=\"Lattes\" src=\"https:\/\/pgbv.uenf.br\/wp-content\/plugins\/team-members\/inc\/img\/links\/website.png\"\/><\/a><\/div><\/div><\/div><\/div><span class=\"tmm_columns_containers_desktop\"><\/span><div class=\"tmm_container\"><div class=\"tmm_member\" style=\"border-top:#81d742 solid 5px;\"><div class=\"tmm_photo tmm_pic_docentes_15\" style=\"background: url(https:\/\/pgbv.uenf.br\/wp-content\/uploads\/2020\/03\/vanildo.png); margin-left: auto; margin-right:auto; background-size:cover !important;\"><\/div><div class=\"tmm_textblock\"><div class=\"tmm_names\"><span class=\"tmm_fname\">Vanildo<\/span> <span class=\"tmm_lname\">Silveira<\/span><\/div><div class=\"tmm_job\">Profesor - Permanente<\/div><div class=\"tmm_desc\" style=\"text-align:\"><p><strong>Tema de investigaci\u00f3n:<\/strong><\/p><p>Enfoques fisiol\u00f3gicos y moleculares aplicados al estudio de la morfog\u00e9nesis vegetal.<\/p><\/div><div class=\"tmm_scblock\"><a class=\"tmm_sociallink\" href=\"mailto:van&#105;ld&#111;&#064;ue&#110;f.&#098;r\" title=\"vanildo@uenf.br\"><img decoding=\"async\" alt=\"vanildo@uenf.br\" src=\"https:\/\/pgbv.uenf.br\/wp-content\/plugins\/team-members\/inc\/img\/links\/email.png\"\/><\/a><a target=\"_blank\" class=\"tmm_sociallink\" href=\"http:\/\/lattes.cnpq.br\/5487343211549907\" title=\"Lattes\"><img decoding=\"async\" alt=\"Lattes\" src=\"https:\/\/pgbv.uenf.br\/wp-content\/plugins\/team-members\/inc\/img\/links\/website.png\"\/><\/a><\/div><\/div><\/div><span class=\"tmm_two_containers_tablet\"><\/span><div class=\"tmm_member\" style=\"border-top:#81d742 solid 5px;\"><div class=\"tmm_photo tmm_pic_docentes_16\" style=\"background: url(https:\/\/pgbv.uenf.br\/wp-content\/uploads\/2023\/05\/Foto-Vitor-Batista-Pinto-scaled-e1684761226516.jpg); margin-left: auto; margin-right:auto; background-size:cover !important;\"><\/div><div class=\"tmm_textblock\"><div class=\"tmm_names\"><span class=\"tmm_fname\">Vitor<\/span> <span class=\"tmm_lname\">Batista Pinto<\/span><\/div><div class=\"tmm_job\">Profesor - Permanente<\/div><div class=\"tmm_desc\" style=\"text-align:\"><p><strong>Tema de investigaci\u00f3n:<\/strong><\/p><p>Mecanismos moleculares, bioqu\u00edmicos y fisiol\u00f3gicos de la tolerancia al estr\u00e9s abi\u00f3tico.<\/p><\/div><div class=\"tmm_scblock\"><a class=\"tmm_sociallink\" href=\"mailto:vi&#116;&#111;&#114;&#098;p&#064;uenf&#046;b&#114;\" title=\"vitorbp@uenf.br\"><img decoding=\"async\" alt=\"vitorbp@uenf.br\" src=\"https:\/\/pgbv.uenf.br\/wp-content\/plugins\/team-members\/inc\/img\/links\/email.png\"\/><\/a><a target=\"_blank\" class=\"tmm_sociallink\" href=\"http:\/\/lattes.cnpq.br\/4343507117649561\" title=\"Lattes\"><img decoding=\"async\" alt=\"Lattes\" src=\"https:\/\/pgbv.uenf.br\/wp-content\/plugins\/team-members\/inc\/img\/links\/website.png\"\/><\/a><\/div><\/div><\/div><div style=\"clear:both;\"><\/div><\/div><\/div><\/div><\/div>\n<\/div>","protected":false},"excerpt":{"rendered":"<p>Universidad Estatal del Norte de R\u00edo de Janeiro Darcy Ribeiro - UENF<\/p>","protected":false},"author":1,"featured_media":0,"parent":0,"menu_order":0,"comment_status":"closed","ping_status":"closed","template":"","meta":{"footnotes":""},"class_list":["post-1106","page","type-page","status-publish","hentry"],"_links":{"self":[{"href":"https:\/\/pgbv.uenf.br\/es\/wp-json\/wp\/v2\/pages\/1106","targetHints":{"allow":["GET"]}}],"collection":[{"href":"https:\/\/pgbv.uenf.br\/es\/wp-json\/wp\/v2\/pages"}],"about":[{"href":"https:\/\/pgbv.uenf.br\/es\/wp-json\/wp\/v2\/types\/page"}],"author":[{"embeddable":true,"href":"https:\/\/pgbv.uenf.br\/es\/wp-json\/wp\/v2\/users\/1"}],"replies":[{"embeddable":true,"href":"https:\/\/pgbv.uenf.br\/es\/wp-json\/wp\/v2\/comments?post=1106"}],"version-history":[{"count":1,"href":"https:\/\/pgbv.uenf.br\/es\/wp-json\/wp\/v2\/pages\/1106\/revisions"}],"predecessor-version":[{"id":1108,"href":"https:\/\/pgbv.uenf.br\/es\/wp-json\/wp\/v2\/pages\/1106\/revisions\/1108"}],"wp:attachment":[{"href":"https:\/\/pgbv.uenf.br\/es\/wp-json\/wp\/v2\/media?parent=1106"}],"curies":[{"name":"wp","href":"https:\/\/api.w.org\/{rel}","templated":true}]}}