{"id":1102,"date":"2020-04-22T20:43:09","date_gmt":"2020-04-22T23:43:09","guid":{"rendered":"https:\/\/pgbv.uenf.br\/?page_id=1102"},"modified":"2020-08-11T08:45:31","modified_gmt":"2020-08-11T11:45:31","slug":"corpo-docente-uvv","status":"publish","type":"page","link":"https:\/\/pgbv.uenf.br\/es\/corpo-docente-uvv\/","title":{"rendered":"Profesorado - UVV"},"content":{"rendered":"<div id=\"docentes-UVV\" style=\"margin-top: 10px;\">\n<div class=\"docentes-uf\">\n<h3>Universidad de Vila Velha - UVV<\/h3>\n<\/div>\n<div class=\"container-fuid\"><div class=\"tmm tmm_docentes-uvv\"><div class=\"tmm_3_columns tmm_wrap tmm_plugin_f\"><span class=\"tmm_two_containers_tablet\"><\/span><div class=\"tmm_container\"><div class=\"tmm_member\" style=\"border-top:#649b30 solid 5px;\"><div class=\"tmm_photo tmm_pic_docentes-uvv_0\" style=\"background: url(https:\/\/pgbv.uenf.br\/wp-content\/uploads\/2020\/04\/20200811_085333.jpg); margin-left: auto; margin-right:auto; background-size:cover !important;\"><\/div><div class=\"tmm_textblock\"><div class=\"tmm_names\"><span class=\"tmm_fname\">Alessandro<\/span> <span class=\"tmm_lname\">Coutinho Ramos<\/span><\/div><div class=\"tmm_job\">Profesor - Permanente<\/div><div class=\"tmm_desc\" style=\"text-align:\"><p><strong>Tema de investigaci\u00f3n:<\/strong><\/p><p>Biotecnolog\u00eda y bioenerg\u00e9tica de las micorrizas. Respuestas ecofisiol\u00f3gicas de las plantas micorrizadas a los metales del suelo. Ecofisiolog\u00eda y nutrici\u00f3n de la interacci\u00f3n entre plantas y microorganismos. Biodise\u00f1o y emprendimiento acad\u00e9mico. <\/p><\/div><div class=\"tmm_scblock\"><a class=\"tmm_sociallink\" href=\"mailto:ale&#115;&#115;&#115;a&#110;d&#114;o.&#114;&#097;m&#111;s&#064;&#117;vv.br\" title=\"alesssandro.ramos@uvv.br\"><img decoding=\"async\" alt=\"alesssandro.ramos@uvv.br\" src=\"https:\/\/pgbv.uenf.br\/wp-content\/plugins\/team-members\/inc\/img\/links\/email.png\"\/><\/a><a target=\"_blank\" class=\"tmm_sociallink\" href=\"http:\/\/lattes.cnpq.br\/8921776090757789\" title=\"Lattes\"><img decoding=\"async\" alt=\"Lattes\" src=\"https:\/\/pgbv.uenf.br\/wp-content\/plugins\/team-members\/inc\/img\/links\/website.png\"\/><\/a><\/div><\/div><\/div><div class=\"tmm_member\" style=\"border-top:#649b30 solid 5px;\"><div class=\"tmm_photo tmm_pic_docentes-uvv_1\" style=\"background: url(https:\/\/pgbv.uenf.br\/wp-content\/uploads\/2020\/08\/Christiane.png); margin-left: auto; margin-right:auto; background-size:cover !important;\"><\/div><div class=\"tmm_textblock\"><div class=\"tmm_names\"><span class=\"tmm_fname\">Christiane<\/span> <span class=\"tmm_lname\">Mileib Vasconcelos<\/span><\/div><div class=\"tmm_job\">Profesor - Permanente<\/div><div class=\"tmm_desc\" style=\"text-align:\"><p><strong>Tema de investigaci\u00f3n:<\/strong><\/p><p>Biotecnolog\u00eda alimentaria con desarrollo de nuevos productos, caracterizaci\u00f3n nutricional, funcional y sensorial. Estudio de p\u00e9ptidos y microorganismos fermentadores y evaluaci\u00f3n de su potencial bioactivo.  <\/p><\/div><div class=\"tmm_scblock\"><a class=\"tmm_sociallink\" href=\"mailto:&#099;hr&#105;&#115;&#116;ia&#110;&#101;.&#109;ile&#105;&#098;&#064;u&#118;&#118;&#046;br\" title=\"christiane.mileib@uvv.br\"><img decoding=\"async\" alt=\"christiane.mileib@uvv.br\" src=\"https:\/\/pgbv.uenf.br\/wp-content\/plugins\/team-members\/inc\/img\/links\/email.png\"\/><\/a><a target=\"_blank\" class=\"tmm_sociallink\" href=\"http:\/\/lattes.cnpq.br\/2899541648445087\" title=\"Lattes\"><img decoding=\"async\" alt=\"Lattes\" src=\"https:\/\/pgbv.uenf.br\/wp-content\/plugins\/team-members\/inc\/img\/links\/website.png\"\/><\/a><\/div><\/div><\/div><span class=\"tmm_two_containers_tablet\"><\/span><div class=\"tmm_member\" style=\"border-top:#649b30 solid 5px;\"><div class=\"tmm_photo tmm_pic_docentes-uvv_2\" style=\"background: url(https:\/\/pgbv.uenf.br\/wp-content\/uploads\/2022\/09\/Foto-Prof.-Denise-UVV.jpg); margin-left: auto; margin-right:auto; background-size:cover !important;\"><\/div><div class=\"tmm_textblock\"><div class=\"tmm_names\"><span class=\"tmm_fname\">Denise<\/span> <span class=\"tmm_lname\">Coutinho Endringer<\/span><\/div><div class=\"tmm_job\">Profesor - Permanente<\/div><div class=\"tmm_desc\" style=\"text-align:\"><p><strong>Tema de investigaci\u00f3n:<\/strong><\/p><p>Plantas medicinales, alimenticias y condimentarias: aspectos morfol\u00f3gicos, anat\u00f3micos, qu\u00edmicos y biol\u00f3gicos  <\/p><\/div><div class=\"tmm_scblock\"><a class=\"tmm_sociallink\" href=\"mailto:d&#101;nis&#101;&#046;e&#110;dri&#110;ge&#114;&#064;u&#118;&#118;.&#098;&#114;\" title=\"denise.endringer@uvv.br\"><img decoding=\"async\" alt=\"denise.endringer@uvv.br\" src=\"https:\/\/pgbv.uenf.br\/wp-content\/plugins\/team-members\/inc\/img\/links\/email.png\"\/><\/a><a target=\"_blank\" class=\"tmm_sociallink\" href=\"http:\/\/lattes.cnpq.br\/6424432214565576\" title=\"Lattes\"><img decoding=\"async\" alt=\"Lattes\" src=\"https:\/\/pgbv.uenf.br\/wp-content\/plugins\/team-members\/inc\/img\/links\/website.png\"\/><\/a><\/div><\/div><\/div><\/div><span class=\"tmm_columns_containers_desktop\"><\/span><div class=\"tmm_container\"><div class=\"tmm_member\" style=\"border-top:#649b30 solid 5px;\"><a target=\"_blank\" rel=\"noopener noreferrer\" href=\"https:\/\/pgbv.uenf.br\/wp-content\/uploads\/2020\/08\/Marlelo-Moretti-UVV.jpg\" title=\"Marcelo da Silva Moretti\"><div class=\"tmm_photo tmm_pic_docentes-uvv_3\" style=\"background: url(https:\/\/pgbv.uenf.br\/wp-content\/uploads\/2020\/08\/IMG_0248-2_cut03.jpg); margin-left: auto; margin-right:auto; background-size:cover !important;\"><\/div><\/a><div class=\"tmm_textblock\"><div class=\"tmm_names\"><span class=\"tmm_fname\">Marcelo <\/span> <span class=\"tmm_lname\">da Silva Moretti<\/span><\/div><div class=\"tmm_job\">Profesor - Permanente<\/div><div class=\"tmm_desc\" style=\"text-align:\"><p><strong>Tema de investigaci\u00f3n:<\/strong><\/p><p>Biotecnolog\u00eda aplicada al medio ambiente. Prospecci\u00f3n, an\u00e1lisis y actividad de las comunidades de invertebrados y microorganismos que descomponen la materia org\u00e1nica en r\u00edos y arroyos, y su importancia en los procesos de flujo de energ\u00eda y ciclo de nutrientes en los ecosistemas.    <\/p><\/div><div class=\"tmm_scblock\"><a class=\"tmm_sociallink\" href=\"mailto:m&#097;&#114;c&#101;l&#111;.mo&#114;e&#116;t&#105;&#064;&#117;&#118;v&#046;b&#114;\" title=\"marcelo.moretti@uvv.br\"><img decoding=\"async\" alt=\"marcelo.moretti@uvv.br\" src=\"https:\/\/pgbv.uenf.br\/wp-content\/plugins\/team-members\/inc\/img\/links\/email.png\"\/><\/a><a target=\"_blank\" class=\"tmm_sociallink\" href=\"http:\/\/lattes.cnpq.br\/3547610267125711\" title=\"Lattes\"><img decoding=\"async\" alt=\"Lattes\" src=\"https:\/\/pgbv.uenf.br\/wp-content\/plugins\/team-members\/inc\/img\/links\/website.png\"\/><\/a><\/div><\/div><\/div><span class=\"tmm_two_containers_tablet\"><\/span><div class=\"tmm_member\" style=\"border-top:#649b30 solid 5px;\"><a target=\"_blank\" rel=\"noopener noreferrer\" href=\"https:\/\/pgbv.uenf.br\/wp-content\/uploads\/2021\/07\/Prof.-Macio-Fronza-UVV.jpg\" title=\"Marcio Fronza\"><div class=\"tmm_photo tmm_pic_docentes-uvv_4\" style=\"background: url(https:\/\/pgbv.uenf.br\/wp-content\/uploads\/2021\/07\/Prof.-Macio-Fronza-UVV.jpg); margin-left: auto; margin-right:auto; background-size:cover !important;\"><\/div><\/a><div class=\"tmm_textblock\"><div class=\"tmm_names\"><span class=\"tmm_fname\">Marcio <\/span> <span class=\"tmm_lname\">Fronza<\/span><\/div><div class=\"tmm_job\">Profesor - Permanente<\/div><div class=\"tmm_desc\" style=\"text-align:\"><p><strong>Tema de investigaci\u00f3n:<\/strong><\/p><p>Desarrollo de t\u00e9cnicas de cultivo y propagaci\u00f3n in vitro de c\u00e9lulas madre vegetales para producir compuestos bioactivos que puedan utilizarse en el desarrollo de productos destinados a la industria farmac\u00e9utica y cosm\u00e9tica.    <\/p><\/div><div class=\"tmm_scblock\"><a class=\"tmm_sociallink\" href=\"mailto:m&#097;&#114;ci&#111;.&#102;&#114;o&#110;za&#064;&#117;&#118;v&#046;&#098;r\" title=\"marcio.fronza@uvv.br\"><img decoding=\"async\" alt=\"marcio.fronza@uvv.br\" src=\"https:\/\/pgbv.uenf.br\/wp-content\/plugins\/team-members\/inc\/img\/links\/email.png\"\/><\/a><a target=\"_blank\" class=\"tmm_sociallink\" href=\"http:\/\/lattes.cnpq.br\/0275270162023007\" title=\"Lattes\"><img decoding=\"async\" alt=\"Lattes\" src=\"https:\/\/pgbv.uenf.br\/wp-content\/plugins\/team-members\/inc\/img\/links\/website.png\"\/><\/a><\/div><\/div><\/div><div class=\"tmm_member\" style=\"border-top:#649b30 solid 5px;\"><div class=\"tmm_photo tmm_pic_docentes-uvv_5\" style=\"background: url(https:\/\/pgbv.uenf.br\/wp-content\/uploads\/2020\/08\/Rodrigo.png); margin-left: auto; margin-right:auto; background-size:cover !important;\"><\/div><div class=\"tmm_textblock\"><div class=\"tmm_names\"><span class=\"tmm_fname\">Rodrigo<\/span> <span class=\"tmm_lname\">Scherer<\/span><\/div><div class=\"tmm_job\">Profesor - Permanente<\/div><div class=\"tmm_desc\" style=\"text-align:\"><p><strong>Tema de investigaci\u00f3n:<\/strong><\/p><p>Composici\u00f3n qu\u00edmica y calidad del caf\u00e9. Composici\u00f3n, valor nutritivo y propiedades biol\u00f3gicas de frutas de la Mata Atl\u00e1ntica. Actividad antioxidante y antimicrobiana de productos naturales.   <\/p><\/div><div class=\"tmm_scblock\"><a class=\"tmm_sociallink\" href=\"mailto:r&#111;d&#114;igo.sc&#104;&#101;r&#101;r&#064;uv&#118;&#046;br\" title=\"rodrigo.scherer@uvv.br\"><img decoding=\"async\" alt=\"rodrigo.scherer@uvv.br\" src=\"https:\/\/pgbv.uenf.br\/wp-content\/plugins\/team-members\/inc\/img\/links\/email.png\"\/><\/a><a target=\"_blank\" class=\"tmm_sociallink\" href=\"http:\/\/lattes.cnpq.br\/2030174589207329\" title=\"Lattes\"><img decoding=\"async\" alt=\"Lattes\" src=\"https:\/\/pgbv.uenf.br\/wp-content\/plugins\/team-members\/inc\/img\/links\/website.png\"\/><\/a><\/div><\/div><\/div><span class=\"tmm_two_containers_tablet\"><\/span><\/div><span class=\"tmm_columns_containers_desktop\"><\/span><div class=\"tmm_container\"><div class=\"tmm_member\" style=\"border-top:#649b30 solid 5px;\"><div class=\"tmm_photo tmm_pic_docentes-uvv_6\" style=\"background: url(https:\/\/pgbv.uenf.br\/wp-content\/uploads\/2020\/08\/Tadeu.png); margin-left: auto; margin-right:auto; background-size:cover !important;\"><\/div><div class=\"tmm_textblock\"><div class=\"tmm_names\"><span class=\"tmm_fname\">Tadeo<\/span> <span class=\"tmm_lname\">Uggere de Andrade<\/span><\/div><div class=\"tmm_job\">Profesor - Permanente<\/div><div class=\"tmm_desc\" style=\"text-align:\"><p><strong>Tema de investigaci\u00f3n:<\/strong><\/p><p>Biotecnolog\u00eda aplicada a la salud, con el desarrollo de productos vegetales destinados a prevenir o reducir el riesgo de enfermedades cr\u00f3nicas no transmisibles: biomonitorizaci\u00f3n, evaluaciones experimentales de mecanismos y efectos cardiovasculares y metab\u00f3licos, y estudios cl\u00ednicos.     <\/p><\/div><div class=\"tmm_scblock\"><a class=\"tmm_sociallink\" href=\"mailto:&#116;&#097;de&#117;.&#117;gg&#101;r&#101;&#064;uv&#118;&#046;br\" title=\"tadeu.uggere@uvv.br\"><img decoding=\"async\" alt=\"tadeu.uggere@uvv.br\" src=\"https:\/\/pgbv.uenf.br\/wp-content\/plugins\/team-members\/inc\/img\/links\/email.png\"\/><\/a><a target=\"_blank\" class=\"tmm_sociallink\" href=\"http:\/\/lattes.cnpq.br\/4947627030102292\" title=\"Lattes\"><img decoding=\"async\" alt=\"Lattes\" src=\"https:\/\/pgbv.uenf.br\/wp-content\/plugins\/team-members\/inc\/img\/links\/website.png\"\/><\/a><\/div><\/div><\/div><div style=\"clear:both;\"><\/div><\/div><\/div><\/div><\/div>\n<\/div>","protected":false},"excerpt":{"rendered":"<p>Universidad de Vila Velha - UVV<\/p>","protected":false},"author":1,"featured_media":0,"parent":0,"menu_order":0,"comment_status":"closed","ping_status":"closed","template":"","meta":{"footnotes":""},"class_list":["post-1102","page","type-page","status-publish","hentry"],"_links":{"self":[{"href":"https:\/\/pgbv.uenf.br\/es\/wp-json\/wp\/v2\/pages\/1102","targetHints":{"allow":["GET"]}}],"collection":[{"href":"https:\/\/pgbv.uenf.br\/es\/wp-json\/wp\/v2\/pages"}],"about":[{"href":"https:\/\/pgbv.uenf.br\/es\/wp-json\/wp\/v2\/types\/page"}],"author":[{"embeddable":true,"href":"https:\/\/pgbv.uenf.br\/es\/wp-json\/wp\/v2\/users\/1"}],"replies":[{"embeddable":true,"href":"https:\/\/pgbv.uenf.br\/es\/wp-json\/wp\/v2\/comments?post=1102"}],"version-history":[{"count":2,"href":"https:\/\/pgbv.uenf.br\/es\/wp-json\/wp\/v2\/pages\/1102\/revisions"}],"predecessor-version":[{"id":1382,"href":"https:\/\/pgbv.uenf.br\/es\/wp-json\/wp\/v2\/pages\/1102\/revisions\/1382"}],"wp:attachment":[{"href":"https:\/\/pgbv.uenf.br\/es\/wp-json\/wp\/v2\/media?parent=1102"}],"curies":[{"name":"wp","href":"https:\/\/api.w.org\/{rel}","templated":true}]}}