{"id":1083,"date":"2020-04-22T17:47:17","date_gmt":"2020-04-22T20:47:17","guid":{"rendered":"https:\/\/pgbv.uenf.br\/?page_id=1083"},"modified":"2025-04-08T21:26:19","modified_gmt":"2025-04-09T00:26:19","slug":"living-in-brazil","status":"publish","type":"page","link":"https:\/\/pgbv.uenf.br\/es\/living-in-brazil\/","title":{"rendered":"Vivir en Brasil"},"content":{"rendered":"<div id=\"inscricao\" class=\"container-fluid\" style=\"text-align: justify;\">\n<div class=\"col-md-4 col-sm-4\">\n<div class=\"carousel js-flickity\" data-flickity-options=\"{&quot;autoPlay&quot;:5500 }\">\n<div class=\"carousel-cell\"><img decoding=\"async\" src=\"https:\/\/pgbv.uenf.br\/wp-content\/uploads\/2020\/04\/1.png\" \/><\/div>\n<div class=\"carousel-cell\"><img decoding=\"async\" src=\"https:\/\/pgbv.uenf.br\/wp-content\/uploads\/2020\/04\/2.png\" \/><\/div>\n<div class=\"carousel-cell\"><img decoding=\"async\" src=\"https:\/\/pgbv.uenf.br\/wp-content\/uploads\/2020\/04\/3.png\" \/><\/div>\n<div class=\"carousel-cell\"><img decoding=\"async\" src=\"https:\/\/pgbv.uenf.br\/wp-content\/uploads\/2020\/04\/4.png\" \/><\/div>\n<\/div>\n<\/div>\n<div class=\"col-md-8 col-sm-8\" style=\"text-align: justify;\">\n<p style=\"text-transform: uppercase;\"><strong>Campos dos Goytacazes<\/strong><\/p>\n<p style=\"text-indent: 50px;\">Campos dos Goytacazes es la mayor ciudad del estado de R\u00edo de Janeiro, con una superficie de 4.026.696 km\u00b2 y cerca de 508.000 habitantes. Es conocida a nivel nacional por su papel en la industria del petr\u00f3leo y el gas, que tiene un gran impacto en la econom\u00eda de Brasil y en los mercados internacionales. En el pasado, Campos fue considerado uno de los principales centros de producci\u00f3n de ca\u00f1a de az\u00facar del pa\u00eds, un factor hist\u00f3rico que ha moldeado nuestra sociedad actual. Aqu\u00ed se pueden encontrar playas y famosas cascadas, como las de Rio Preto e Imb\u00e9, as\u00ed como parajes naturales para los amantes del senderismo o el trekking. Campos dos Goytacazes dista aproximadamente 277 kil\u00f3metros de la capital del estado, R\u00edo de Janeiro. Se puede viajar a R\u00edo de Janeiro en autob\u00fas, que tarda aproximadamente 4 horas.<\/p>\n<\/div>\n<\/div>\n<div id=\"inscricao\" class=\"container-fluid\" style=\"text-align: justify;\">\n<hr class=\"botm-line5\" \/>\n<p style=\"text-transform: uppercase;\"><strong>Costo de vida<\/strong><\/p>\n<p>El costo de vida mensual en Campos dos Goytacazes es de alrededor de R$ 1,000.00 por persona, incluyendo alquiler de casa, facturas y comida. Por lo general, los estudiantes viven en una casa o apartamento compartido cerca del campus universitario con 2 o m\u00e1s compa\u00f1eros de cuarto que comparten sus gastos de manutenci\u00f3n.<\/p>\n<hr class=\"botm-line5\" \/>\n<div>\n<p style=\"text-transform: uppercase;\"><strong>Comidas<\/strong><\/p>\n<p>La UENF mantiene un restaurante que sirve almuerzos y cenas de lunes a viernes por R$ 4,00. El men\u00fa incluye opciones para estudiantes vegetarianos, jugos y postres.<\/p>\n<\/div>\n<hr class=\"botm-line5\" \/>\n<div>\n<p style=\"text-transform: uppercase;\"><strong>Aeropuerto<\/strong><\/p>\n<p>El Aeropuerto Bartolomeu Lisandro es un peque\u00f1o aeropuerto de la ciudad que ofrece solo un vuelo diario a la ciudad de S\u00e3o Paulo. Para vuelos internacionales o a otras ciudades, los estudiantes deben viajar a R\u00edo de Janeiro en autob\u00fas, donde hay 2 aeropuertos: el Aeropuerto Santos Dumont (para vuelos dom\u00e9sticos) y el Aeropuerto Internacional Tom Jobim (para vuelos internacionales).<\/p>\n<\/div>\n<\/div>","protected":false},"excerpt":{"rendered":"<p>Campos dos Goytacazes Campos dos Goytacazes \u00e9 a maior cidade do estado do Rio de Janeiro, com 4.026.696 km\u00b2 e cerca de 508.000 habitantes. \u00c9 conhecida nacionalmente por seu papel na ind\u00fastria de \u00f3leo e g\u00e1s, que tem grande impacto na economia brasileira e nos mercados de com\u00e9rcio internacional. No passado, Campos foi considerada um [&hellip;]<\/p>\n","protected":false},"author":1,"featured_media":0,"parent":0,"menu_order":0,"comment_status":"closed","ping_status":"closed","template":"","meta":{"footnotes":""},"class_list":["post-1083","page","type-page","status-publish","hentry"],"_links":{"self":[{"href":"https:\/\/pgbv.uenf.br\/es\/wp-json\/wp\/v2\/pages\/1083","targetHints":{"allow":["GET"]}}],"collection":[{"href":"https:\/\/pgbv.uenf.br\/es\/wp-json\/wp\/v2\/pages"}],"about":[{"href":"https:\/\/pgbv.uenf.br\/es\/wp-json\/wp\/v2\/types\/page"}],"author":[{"embeddable":true,"href":"https:\/\/pgbv.uenf.br\/es\/wp-json\/wp\/v2\/users\/1"}],"replies":[{"embeddable":true,"href":"https:\/\/pgbv.uenf.br\/es\/wp-json\/wp\/v2\/comments?post=1083"}],"version-history":[{"count":47,"href":"https:\/\/pgbv.uenf.br\/es\/wp-json\/wp\/v2\/pages\/1083\/revisions"}],"predecessor-version":[{"id":5052,"href":"https:\/\/pgbv.uenf.br\/es\/wp-json\/wp\/v2\/pages\/1083\/revisions\/5052"}],"wp:attachment":[{"href":"https:\/\/pgbv.uenf.br\/es\/wp-json\/wp\/v2\/media?parent=1083"}],"curies":[{"name":"wp","href":"https:\/\/api.w.org\/{rel}","templated":true}]}}