{"id":1080,"date":"2020-04-22T17:46:45","date_gmt":"2020-04-22T20:46:45","guid":{"rendered":"https:\/\/pgbv.uenf.br\/?page_id=1080"},"modified":"2025-04-08T21:21:03","modified_gmt":"2025-04-09T00:21:03","slug":"brazilian-legislation","status":"publish","type":"page","link":"https:\/\/pgbv.uenf.br\/es\/brazilian-legislation\/","title":{"rendered":"Legislaci\u00f3n Brasile\u00f1a"},"content":{"rendered":"<div id=\"inscricao\" class=\"container-fluid\" style=\"text-align: justify;\">\n<div style=\"text-indent: 30px;\">Toda la informaci\u00f3n para ayudar a los estudiantes extranjeros a entrar en la UENF, la movilidad de entrada, visados, documentos y atenci\u00f3n m\u00e9dica se puede encontrar en la p\u00e1gina web de la Oficina de Asuntos Internacionales e Institucionales (ASSAII) de la Universidad Estatal del Norte de R\u00edo de Janeiro Darcy Ribeiro (UENF) (<a href=\"https:\/\/uenf.br\/reitoria\/assaii\/en\/international-office-and-mobility\/support-for-students\/foreign-students-how-to-entry-to-uenf-incoming-mobility-visa-documents-and-medical-care\/\" target=\"_blank\" rel=\"noopener\">pulse aqu\u00ed<\/a>)<br \/>\nLa Oficina Internacional de la ASSAII es el v\u00ednculo entre los estudiantes extranjeros y su estancia en la UENF. Ofrecemos asistencia y orientaci\u00f3n en todos los procedimientos en la UENF y el asentamiento en la ciudad de Campos dos Goytacazes - RJ.<\/div>\n<\/div>\n<div><\/div>\n<div><\/div>","protected":false},"excerpt":{"rendered":"<p>Todas as informa\u00e7\u00f5es para ajudar os estudantes estrangeiros a ingressarem na UENF, mobilidade de entrada, visto, documentos e atendimento m\u00e9dico podem ser encontradas no site da Assessoria de Assuntos Internacionais e Institucionais (ASSAII) da Universidade Estadual do Norte Fluminense Darcy Ribeiro (UENF) (clique aqui) O Escrit\u00f3rio Internacional da ASSAII \u00e9 o elo entre o estudante [&hellip;]<\/p>\n","protected":false},"author":1,"featured_media":0,"parent":0,"menu_order":0,"comment_status":"closed","ping_status":"closed","template":"","meta":{"footnotes":""},"class_list":["post-1080","page","type-page","status-publish","hentry"],"_links":{"self":[{"href":"https:\/\/pgbv.uenf.br\/es\/wp-json\/wp\/v2\/pages\/1080","targetHints":{"allow":["GET"]}}],"collection":[{"href":"https:\/\/pgbv.uenf.br\/es\/wp-json\/wp\/v2\/pages"}],"about":[{"href":"https:\/\/pgbv.uenf.br\/es\/wp-json\/wp\/v2\/types\/page"}],"author":[{"embeddable":true,"href":"https:\/\/pgbv.uenf.br\/es\/wp-json\/wp\/v2\/users\/1"}],"replies":[{"embeddable":true,"href":"https:\/\/pgbv.uenf.br\/es\/wp-json\/wp\/v2\/comments?post=1080"}],"version-history":[{"count":46,"href":"https:\/\/pgbv.uenf.br\/es\/wp-json\/wp\/v2\/pages\/1080\/revisions"}],"predecessor-version":[{"id":5051,"href":"https:\/\/pgbv.uenf.br\/es\/wp-json\/wp\/v2\/pages\/1080\/revisions\/5051"}],"wp:attachment":[{"href":"https:\/\/pgbv.uenf.br\/es\/wp-json\/wp\/v2\/media?parent=1080"}],"curies":[{"name":"wp","href":"https:\/\/api.w.org\/{rel}","templated":true}]}}