{"id":1019,"date":"2020-04-22T10:49:08","date_gmt":"2020-04-22T13:49:08","guid":{"rendered":"https:\/\/pgbv.uenf.br\/?page_id=1019"},"modified":"2026-02-11T11:18:31","modified_gmt":"2026-02-11T14:18:31","slug":"entrega-de-exemplar","status":"publish","type":"page","link":"https:\/\/pgbv.uenf.br\/es\/entrega-de-exemplar\/","title":{"rendered":"Entrega de copias"},"content":{"rendered":"<p style=\"text-align: center;\"><strong>PARA FIRMAR LA HOJA DE APROBACI\u00d3N DE LA VERSI\u00d3N FINAL - DISERTACIONES Y TESIS<\/strong><\/p>\n<p style=\"text-align: center;\"><a href=\"https:\/\/pgbv.uenf.br\/wp-content\/uploads\/2024\/03\/RESOLUCAO-COLAC-No-33-DE-04-DE-MARCO-DE-2024_REVOGA-A-RESOLUCAO-COLAC-No-28-DE-2023.docx\">RESOLUCI\u00d3N DEL COLAC DE LA UENF N\u00ba 33 DE 04 DE MARZO DE 2024 DEROGA LA RESOLUCI\u00d3N DEL COLAC N\u00ba 28\/2023 - \u201cESTABLECE PROCEDIMIENTOS PARA LA FIRMA DE ACTAS DE APROBACI\u00d3N Y HOJAS DE APROBACI\u00d3N DE DISERTACIONES Y TESIS Y DISPONE OTRAS DISPOSICIONES\u201d.\u201d<\/a><\/p>\n<p>RESUELVE: Art. 1 - En el \u00e1mbito de la UENF, se reconocer\u00e1n y aceptar\u00e1n, con presunci\u00f3n de legalidad, las firmas electr\u00f3nicas avanzadas de los miembros del tribunal examinador en la hoja de aprobaci\u00f3n de la versi\u00f3n final de las tesinas y tesis que utilicen, de conformidad con el art. 28 del Decreto Estatal n\u00ba 48.209\/2022:<\/p>\n<p>Certificado I-ICPEdu, expedido a los miembros de la comunidad universitaria de la UENF con acceso al Sistema Acad\u00e9mico;<\/p>\n<p>II - Firma electr\u00f3nica Gov.BR, emitida por el Portal de Firma Electr\u00f3nica Gov.Br.<\/p>\n<p>Art.2 - Si al miembro del panel le resulta imposible firmar electr\u00f3nicamente, el presidente del panel emitir\u00e1 una declaraci\u00f3n utilizando el sistema SEI.<\/p>\n<p>Presidente del tribunal y estudiantes: atenci\u00f3n \u00a72\u00ba Para la entrega de la versi\u00f3n final de las tesinas y tesis del art\u00edculo 2<\/p>\n<p><strong>Hoja de aprobaci\u00f3n de la versi\u00f3n final <\/strong>- P\u00e1rrafo 2 Art. 2 - \u201cPara la entrega de la versi\u00f3n final de disertaciones y tesis, el presidente del comit\u00e9 emitir\u00e1 una declaraci\u00f3n utilizando el sistema SEI conteniendo en el texto la expresi\u00f3n \u201cDeclaro que la versi\u00f3n final de la disertaci\u00f3n (nombre del alumno, nivel y t\u00edtulo de la disertaci\u00f3n o tesis) fue aprobada por el(los) miembro(s) (mencionar el nombre completo de cada miembro) del comit\u00e9 incapaz de firmar el documento\u201d. Esta declaraci\u00f3n debe adjuntarse a la versi\u00f3n final impresa y\/o digital\u201d.\u201d<\/p>\n<p><strong>PROCEDIMIENTOS:<\/strong><\/p>\n<ol>\n<li>1- El Presidente de la Junta debe emitir la declaraci\u00f3n v\u00eda SEI a la Coordinaci\u00f3n del PPGBV.<\/li>\n<li>2- Indicar en la declaraci\u00f3n del sistema SEI el nombre del miembro o miembros de la junta que no pueden firmar la hoja de firmas.<\/li>\n<li>3 - Esta declaraci\u00f3n debe adjuntarse a la versi\u00f3n final de la tesina y\/o tesis, al dorso de la hoja de firmas;<\/li>\n<li>4 -El alumno ha <strong>60 d\u00edas<\/strong> organizar las firmas originales de los miembros en la hoja de firmas de la versi\u00f3n final. Organ\u00edzate justo despu\u00e9s de la defensa para completar este tr\u00e1mite a tiempo.<\/li>\n<li>5 - En la hoja de firmas, el presidente de la junta firmar\u00e1 con \u201cP\/\u201d en el campo correspondiente al nombre del miembro de la junta que no pueda firmar en persona o que no pueda incluir una firma electr\u00f3nica seg\u00fan lo previsto en la Resoluci\u00f3n 33 del COLAC, a trav\u00e9s de ICEPdu o Gov.BR.<\/li>\n<\/ol>\n<p>\u00a0<\/p>\n<p><strong>ENTREGA DE LA COPIA DE LA TESINA\/TESIS<\/strong><br \/><strong>EL PLAZO DE ENTREGA DE LA COPIA FINALIZADA SEG\u00daN LA NORMATIVA VIGENTE ES DE 60 D\u00cdAS IMPRORROGABLES<\/strong><\/p>\n<hr \/>\n<p><strong>PROCEDIMIENTOS: (para todos los estudiantes que hayan defendido)<\/strong><\/p>\n<p><strong>1<\/strong>. El estudiante deber\u00e1 enviar, por correo electr\u00f3nico a pgbv.secretaria@uenf.br, la versi\u00f3n final en PDF (archivo \u00fanico) y la versi\u00f3n en Word de su Tesis o Disertaci\u00f3n. <strong>No ser\u00e1 necesaria una versi\u00f3n impresa de la versi\u00f3n final, tal y como aprueben los miembros del Comit\u00e9 de Coordinaci\u00f3n PPGBV.<\/strong><\/p>\n<p><strong>2<\/strong>. En los expedientes enviados, es obligatorio incluir el formulario de catalogaci\u00f3n y la hoja con los nombres de los miembros de la junta, debidamente firmados (<strong>archivo completo<\/strong>).<\/p>\n<p><strong>3. <\/strong>Tras recoger las firmas presenciales de los miembros del tribunal, el estudiante debe organizar el expediente completo de la Tesis\/Disertaci\u00f3n (incluyendo el formulario de catalogaci\u00f3n y la hoja de firmas) y enviarlo a los evaluadores. Tenga en cuenta que los miembros que hayan participado en persona deben firmar la hoja original, <strong>mientras que los que participaron a distancia tendr\u00e1n que incluir su firma a trav\u00e9s de GOV en una fecha posterior.<\/strong><\/p>\n<p><strong>4- <\/strong>El estudiante, <strong>Becario FAPERJ<\/strong>,Para presentar el Informe T\u00e9cnico, debe seguir las Instrucciones para la presentaci\u00f3n de informes de actividades de becas a trav\u00e9s de Sis Faperj (sitio web: https:\/\/www.faperj.br\/?id=100.5.6). El Informe T\u00e9cnico, EN FORMATO PDF (tama\u00f1o m\u00e1ximo del archivo: 10 Mb), debe ser enviado por el supervisor\/proponente del proyecto.<\/p>\n<p><strong>5-<\/strong> Los estudiantes deben rellenar el <strong>la publicaci\u00f3n o no de la Tesis\/Disertaci\u00f3n<\/strong> a trav\u00e9s de la <strong>Formulario de autorizaci\u00f3n para la publicaci\u00f3n electr\u00f3nica en la Biblioteca Digital de Tesis y Disertaciones de la UENF y Formulario de autorizaci\u00f3n para la publicaci\u00f3n de la Tesis\/Disertaci\u00f3n en la p\u00e1gina web del PPGBV y en la Base de Datos CAPES.<\/strong> (disponible m\u00e1s abajo) ;<\/p>\n<p><strong>Atenci\u00f3n:<br \/><\/strong>En Afiliaci\u00f3n: (lugar de trabajo del autor): dejar en blanco;<br \/>En el \u00edtem Agencia Financiadora: Rellene el tipo de beca concedida. Ej: Beca UENF, Beca FAPERJ o Beca CAPES.<\/p>\n<p><b>6-<u>REGISTRO DE LA TESIS\/DISERTACI\u00d3N EN\u00a0<span class=\"il\">BIBLIOTECA<\/span>\u00a0<span class=\"il\">NACIONAL<\/span><\/u><br \/><br \/><\/b>El registro de una tesis o tesina es un procedimiento fundamental para garantizar la visibilidad de la investigaci\u00f3n realizada, as\u00ed como para proporcionar protecci\u00f3n jur\u00eddica al autor. Tambi\u00e9n contribuye al acervo de conocimientos de que dispone la sociedad.<br \/>\u00a0A\u00a0<span class=\"il\">Biblioteca<\/span>\u00a0<span class=\"il\">Nacional<\/span> ofrece el servicio de registro a distancia a trav\u00e9s del siguiente enlace. Haciendo clic en el enlace, encontrar\u00e1 toda la informaci\u00f3n necesaria para el proceso.\u00a0<br \/>\u00a0Al final del procedimiento, recibir\u00e1 por correo electr\u00f3nico un vale por el uso de este servicio, del que deber\u00e1 enviar una copia a pgbv.secretaria@uenf.br.<b><br \/><span style=\"color: #000000;\">Atenci\u00f3n:<\/span> La Tesis\/Disertaci\u00f3n s\u00f3lo podr\u00e1 ser depositada en la Biblioteca Nacional despu\u00e9s de haber sido debidamente autorizada en la p\u00e1gina web del Programa y registrada en la Plataforma Sucupira, de acuerdo con las directrices establecidas para el procedimiento.<br \/><a href=\"https:\/\/www.gov.br\/pt-br\/servicos\/registrar-ou-averbar-direitos-autorais-na-biblioteca-nacional\" target=\"_blank\" rel=\"noopener\" data-saferedirecturl=\"https:\/\/www.google.com\/url?q=https:\/\/www.gov.br\/pt-br\/servicos\/registrar-ou-averbar-direitos-autorais-na-biblioteca-nacional&amp;source=gmail&amp;ust=1758287555901000&amp;usg=AOvVaw2kK_5Bc0DKWCuQxwV6xv5u\">https:\/\/www.gov.br\/pt-br\/<wbr \/>servicios\/registrar-o-averbar-<wbr \/>DERECHOS DE AUTOR EN<wbr \/><span class=\"il\">biblioteca<\/span>\u2013<span class=\"il\">nacional<\/span><\/a><br \/><br \/><\/b><strong>7-<\/strong> El supervisor debe cumplimentar el <strong>Declaraci\u00f3n de revisi\u00f3n de tesis\/disertaci\u00f3n<\/strong> (disponible en el formulario que figura a continuaci\u00f3n).<\/p>\n<p>\u00a0<\/p>\n<p><strong>FORMULARIOS:<\/strong><\/p>\n\n<table id=\"tablepress-22\" class=\"tablepress tablepress-id-22\">\n<thead>\n<tr class=\"row-1\">\n\t<th class=\"column-1\">Documento<\/th><th class=\"column-2\">Descargar<\/th>\n<\/tr>\n<\/thead>\n<tbody class=\"row-striping row-hover\">\n<tr class=\"row-2\">\n\t<td class=\"column-1\">Instrucciones para el env\u00edo de informes de actividad de becas a trav\u00e9s del SIS FAPERJ<\/td><td class=\"column-2\"><a href=\"https:\/\/pgbv.uenf.br\/wp-content\/uploads\/2023\/05\/Instrucoes-para-envio-de-Relatorios-de-Atividades-de-Bolsas-via-Sis-Faperj.pdf\" rel=\"noopener noreferrer\" target=\"_blank\"><i class=\"fa fa-arrow-circle-o-down fa-4.x\"><\/i><\/a><\/td>\n<\/tr>\n<tr class=\"row-3\">\n\t<td class=\"column-1\">Declaraci\u00f3n de revisi\u00f3n de tesis\/disertaci\u00f3n<\/td><td class=\"column-2\"><a href=\"https:\/\/pgbv.uenf.br\/wp-content\/uploads\/2026\/02\/Declaracao-de-Revisao-da-Dissertacao-Tese-4.docx\" rel=\"noopener noreferrer\" target=\"_blank\"><i class=\"fa fa-arrow-circle-o-down fa-4.x\"><\/i><\/a><\/td>\n<\/tr>\n<tr class=\"row-4\">\n\t<td class=\"column-1\">Formulario de autorizaci\u00f3n para la publicaci\u00f3n de la Tesis\/Disertaci\u00f3n en el sitio web del PPGBV y en la base de datos CAPES<\/td><td class=\"column-2\"><a href=\"https:\/\/pgbv.uenf.br\/wp-content\/uploads\/2023\/08\/Formulario-Publicacao-de-tese.dissertacao-site-PGBV-e-Banco-de-dados-CAPES.docx\" rel=\"noopener noreferrer\" target=\"_blank\"><i class=\"fa fa-arrow-circle-o-down fa-4.x\"><\/i><\/a><\/td>\n<\/tr>\n<tr class=\"row-5\">\n\t<td class=\"column-1\"> Plazo de autorizaci\u00f3n para la publicaci\u00f3n electr\u00f3nica en la Biblioteca Digital de Tesis y Disertaciones de la UENF<\/td><td class=\"column-2\"><a href=\"https:\/\/pgbv.uenf.br\/wp-content\/uploads\/2020\/04\/Termo-de-autorizacao-divulga\u00e7\u00e3o-Tese.doc\" rel=\"noopener noreferrer\" target=\"_blank\"><i class=\"fa fa-arrow-circle-o-down fa-4.x\"><\/i><\/a><\/td>\n<\/tr>\n<\/tbody>\n<\/table>\n<!-- #tablepress-22 from cache -->\n\n\n<p><\/p>","protected":false},"excerpt":{"rendered":"<p>PARA ASSINATURA DA FOLHA DE APROVA\u00c7\u00c3O DA VERS\u00c3O FINAL \u2013 DISSERTA\u00c7\u00d5ES E TESES RESOLU\u00c7\u00c3O COLAC UENF No. 33 DE 04 DE MAR\u00c7O DE 2024 REVOGA A RESOLU\u00c7\u00c3O COLAC N\u00ba28\/2023 &#8211; \u201cESTABELECE OS PROCEDIMENTOS PARA ASSINATURA DE ATA DE APROVA\u00c7\u00c3O E FOLHA DE APROVA\u00c7\u00c3O DE DISSERTA\u00c7\u00c3O E TESE E D\u00c1 OUTRAS PROVID\u00caNCIAS\u201d RESOLVE:\u00a0Art. 1\u00ba \u2013 No [&hellip;]<\/p>\n","protected":false},"author":1,"featured_media":0,"parent":0,"menu_order":0,"comment_status":"closed","ping_status":"closed","template":"","meta":{"footnotes":""},"class_list":["post-1019","page","type-page","status-publish","hentry"],"_links":{"self":[{"href":"https:\/\/pgbv.uenf.br\/es\/wp-json\/wp\/v2\/pages\/1019","targetHints":{"allow":["GET"]}}],"collection":[{"href":"https:\/\/pgbv.uenf.br\/es\/wp-json\/wp\/v2\/pages"}],"about":[{"href":"https:\/\/pgbv.uenf.br\/es\/wp-json\/wp\/v2\/types\/page"}],"author":[{"embeddable":true,"href":"https:\/\/pgbv.uenf.br\/es\/wp-json\/wp\/v2\/users\/1"}],"replies":[{"embeddable":true,"href":"https:\/\/pgbv.uenf.br\/es\/wp-json\/wp\/v2\/comments?post=1019"}],"version-history":[{"count":55,"href":"https:\/\/pgbv.uenf.br\/es\/wp-json\/wp\/v2\/pages\/1019\/revisions"}],"predecessor-version":[{"id":5361,"href":"https:\/\/pgbv.uenf.br\/es\/wp-json\/wp\/v2\/pages\/1019\/revisions\/5361"}],"wp:attachment":[{"href":"https:\/\/pgbv.uenf.br\/es\/wp-json\/wp\/v2\/media?parent=1019"}],"curies":[{"name":"wp","href":"https:\/\/api.w.org\/{rel}","templated":true}]}}