{"id":946,"date":"2020-04-21T20:37:24","date_gmt":"2020-04-21T23:37:24","guid":{"rendered":"https:\/\/pgbv.uenf.br\/?page_id=946"},"modified":"2025-04-09T11:36:50","modified_gmt":"2025-04-09T14:36:50","slug":"regimento-resolucoes-e-normas","status":"publish","type":"page","link":"https:\/\/pgbv.uenf.br\/en\/regimento-resolucoes-e-normas\/","title":{"rendered":"Rules of Procedure, Resolutions, Standards and Strategic Planning"},"content":{"rendered":"<p><\/p>\n\n\n<p style=\"font-weight: 400;\"><strong>Rules of Procedure, Resolutions, Standards and Strategic Planning<\/strong><\/p>\n<p style=\"font-weight: 400;\"><strong>\u00a0<\/strong><strong>REGULATIONS OF THE STRICTO SENSU GRADUATE PROGRAM IN PLANT BIOTECHNOLOGY<\/strong><\/p>\n<p style=\"font-weight: 400;\"><a href=\"https:\/\/pgbv.uenf.br\/wp-content\/uploads\/2021\/04\/regimento-ppgbv_abr2021.pdf\" data-saferedirecturl=\"https:\/\/www.google.com\/url?q=https:\/\/pgbv.uenf.br\/wp-content\/uploads\/2021\/04\/regimento-ppgbv_abr2021.pdf&amp;source=gmail&amp;ust=1733315521476000&amp;usg=AOvVaw3EGCakB0z9Z_a1acABMpdd\"><strong>Click here<\/strong><\/a><\/p>\n<p><strong>REGULATIONS OF THE RESEARCH AND POSTGRADUATE CHAMBER<\/strong><\/p>\n<p><a href=\"https:\/\/pgbv.uenf.br\/wp-content\/uploads\/2025\/04\/Regimento_CPPG__ebook-2.pdf\"><strong>Click here<\/strong><\/a><\/p>\n<p style=\"font-weight: 400;\"><strong> RULES FOR WRITING DISSERTATIONS AND THESES<\/strong><\/p>\n<p><a href=\"https:\/\/pgbv.uenf.br\/wp-content\/uploads\/2025\/04\/Normas_Dissertacao-Tese_PPGBV_2024.pdf\"><strong>Click here<\/strong><\/a><\/p>\n<p style=\"font-weight: 400;\"><strong>GENERAL POSTGRADUATE RULES - STRICTO SENSU\u00a0<br \/><\/strong><\/p>\n<p style=\"font-weight: 400;\"><a href=\"https:\/\/pgbv.uenf.br\/wp-content\/uploads\/2025\/04\/Normas_de_Pos_Graduacao_Strictu_Senso_ebook-1.pdf\"><strong>Click here<\/strong><\/a><\/p>\n<p style=\"font-weight: 400;\"><strong>VARIOUS RESOLUTIONS:<\/strong><\/p>\n<p><strong><a href=\"https:\/\/pgbv.uenf.br\/wp-content\/uploads\/2024\/12\/Resolucao-no-01_2024_Acumulo_de_Bolsa_PPGBV_UENF_RJ-e-UVV_ES.pdf\">Resolution No. 01\/2024 - Provides for the granting and accumulation of scholarships<\/a><\/strong><\/p>\n<p style=\"font-weight: 400;\"><a href=\"http:\/\/uenf.br\/posgraduacao\/wp-content\/uploads\/2024\/10\/SEI_85069108_Resolucao___NI_COLAC_No_40.pdf\" data-saferedirecturl=\"https:\/\/www.google.com\/url?q=http:\/\/uenf.br\/posgraduacao\/wp-content\/uploads\/2024\/10\/SEI_85069108_Resolucao___NI_COLAC_No_40.pdf&amp;source=gmail&amp;ust=1733315521476000&amp;usg=AOvVaw26ltIXW2xLuMfS1Hk3a0te\"><strong>UENF\/COLAC RESOLUTION No. 40\/2024 - Establishes New Guidelines for the Post-Doctoral Internship Program (Pepd) at the State University of Northern Rio de Janeiro Darcy Ribeiro and Repeals Colac Resolutions 004\/2008, 005\/2008, 18\/2022 and 36\/2024<\/strong><\/a><strong>\u00a0(SEI-260002\/001914\/2024) (<\/strong><a href=\"http:\/\/uenf.br\/posgraduacao\/wp-content\/uploads\/2024\/10\/15_10_24_p19_Resolucao_COLAC_no_40_estabelece_novas_diretrizes_programa_de_estagio_pos_doutoral_PEPD.pdf\" data-saferedirecturl=\"https:\/\/www.google.com\/url?q=http:\/\/uenf.br\/posgraduacao\/wp-content\/uploads\/2024\/10\/15_10_24_p19_Resolucao_COLAC_no_40_estabelece_novas_diretrizes_programa_de_estagio_pos_doutoral_PEPD.pdf&amp;source=gmail&amp;ust=1733315521476000&amp;usg=AOvVaw2zjie9S-7Urh9b_wzU83uW\"><strong>DO<\/strong><\/a><strong>)<\/strong><\/p>\n<p style=\"font-weight: 400;\"><a href=\"https:\/\/uenf.br\/posgraduacao\/wp-content\/uploads\/2024\/03\/25-03-24-p19-e-20-Resolucao-COLAC-no-34-2024-dispoe-sobre-implementacao-inicial-e-acumulo-de-bolsas-de-mestrado-e-doutorado.pdf\" data-saferedirecturl=\"https:\/\/www.google.com\/url?q=https:\/\/uenf.br\/posgraduacao\/wp-content\/uploads\/2024\/03\/25-03-24-p19-e-20-Resolucao-COLAC-no-34-2024-dispoe-sobre-implementacao-inicial-e-acumulo-de-bolsas-de-mestrado-e-doutorado.pdf&amp;source=gmail&amp;ust=1733315521476000&amp;usg=AOvVaw3UfK8imAu2zGmKmYK1poZL\"><strong>COLAC Resolution No. 034\/2024 - Provides for the initial implementation and accumulation of master's and doctoral scholarships granted by CAPES within the scope of UENF.<\/strong><\/a><\/p>\n<p style=\"font-weight: 400;\"><strong><a href=\"https:\/\/uenf.br\/posgraduacao\/wp-content\/uploads\/2024\/03\/06_03_24_p35_Resolucao_COLAC_no_33_2024_revoga_Resol._COLAC_no_28_2023_e_estabelece_novos_proced._para_assinatura_de_ata_de_aprovacao.pdf\" data-saferedirecturl=\"https:\/\/www.google.com\/url?q=https:\/\/uenf.br\/posgraduacao\/wp-content\/uploads\/2024\/03\/06_03_24_p35_Resolucao_COLAC_no_33_2024_revoga_Resol._COLAC_no_28_2023_e_estabelece_novos_proced._para_assinatura_de_ata_de_aprovacao.pdf&amp;source=gmail&amp;ust=1733315521476000&amp;usg=AOvVaw1Y3AeGh_BzcoXQPSCef3by\">COLAC Resolution 33\/2024 - Repeals COLAC RESOLUTION No. 28\/2023 AND ESTABLISHES NEW PROCEDURES FOR THE SIGNING OF APPROVAL MINUTES AND DISSERTATION AND THESIS APPROVAL SHEETS AND PROVIDES OTHER PROVISIONS.<\/a><\/strong><\/p>\n<p style=\"font-weight: 400;\"><a href=\"https:\/\/uenf.br\/reitoria\/wp-content\/uploads\/2023\/08\/Resolucao-COLAC-28-2023-Estabelece-procedimentos-para-assinatura-de-ata-de-aprovacao-dissertacao-e-tese.pdf\" data-saferedirecturl=\"https:\/\/www.google.com\/url?q=https:\/\/uenf.br\/reitoria\/wp-content\/uploads\/2023\/08\/Resolucao-COLAC-28-2023-Estabelece-procedimentos-para-assinatura-de-ata-de-aprovacao-dissertacao-e-tese.pdf&amp;source=gmail&amp;ust=1733315521476000&amp;usg=AOvVaw1ee7Aj62ZP7yW0GkIKE6Qk\"><strong>COLAC Resolution No. 028\/2023 - Establishes procedures for signing dissertation and thesis approval minutes<\/strong><\/a><\/p>\n<p style=\"font-weight: 400;\"><a href=\"https:\/\/uenf.br\/posgraduacao\/wp-content\/uploads\/2024\/08\/SEI_78247241_Resolucao-CPPG-001-2024.pdf\" data-saferedirecturl=\"https:\/\/www.google.com\/url?q=https:\/\/uenf.br\/posgraduacao\/wp-content\/uploads\/2024\/08\/SEI_78247241_Resolucao-CPPG-001-2024.pdf&amp;source=gmail&amp;ust=1733315521476000&amp;usg=AOvVaw1VmzhvJs3zXxdK06mz5c1b\"><strong>CPPG Resolution 01\/2024 sets out new guidelines for the participation of members of examination boards and the form of presentation of the dissertation or thesis, project or qualifying exam and repeals CPPG Resolution 01\/2016.<\/strong><\/a><\/p>\n<p style=\"font-weight: 400;\"><a href=\"https:\/\/uenf.br\/posgraduacao\/wp-content\/uploads\/2022\/02\/Resolucao-CPPG-01-2022.pdf\" data-saferedirecturl=\"https:\/\/www.google.com\/url?q=https:\/\/uenf.br\/posgraduacao\/wp-content\/uploads\/2022\/02\/Resolucao-CPPG-01-2022.pdf&amp;source=gmail&amp;ust=1733315521476000&amp;usg=AOvVaw0vifG7o9L5pW4uZLhPHo0C\"><strong>CPPG Resolution No. 001, of January 26, 2022 - Regulation of the waiver of the master's degree provided for in art. 18 of the general postgraduate regulations - stricto sensu<\/strong><\/a><\/p>\n<p style=\"font-weight: 400;\"><a href=\"https:\/\/uenf.br\/posgraduacao\/wp-content\/uploads\/2021\/05\/Resolucao-CPPG-No-002-2021-SEI_SEI_260009_001240_2021.pdf\" data-saferedirecturl=\"https:\/\/www.google.com\/url?q=https:\/\/uenf.br\/posgraduacao\/wp-content\/uploads\/2021\/05\/Resolucao-CPPG-No-002-2021-SEI_SEI_260009_001240_2021.pdf&amp;source=gmail&amp;ust=1733315521476000&amp;usg=AOvVaw131BUQRtRlQboRdsM2TMny\"><strong>CPPG Resolution No. 002 of April 28, 2021 - Regulates the delivery of final versions of signed defense\/qualification\/project boards within the scope of Postgraduate Studies<\/strong><\/a><\/p>\n<p style=\"font-weight: 400;\"><a href=\"http:\/\/uenf.br\/posgraduacao\/wp-content\/uploads\/2020\/10\/Resolucao-CPPG-012016.pdf\" data-saferedirecturl=\"https:\/\/www.google.com\/url?q=http:\/\/uenf.br\/posgraduacao\/wp-content\/uploads\/2020\/10\/Resolucao-CPPG-012016.pdf&amp;source=gmail&amp;ust=1733315521476000&amp;usg=AOvVaw1ywYwGG0xMxmRILARoFoV3\"><strong>CPPG Resolution No. 001 of January 27, 2016 - Provides for the participation of members of examining boards and the form of presentation of the dissertation or thesis<\/strong><\/a><\/p>\n<p style=\"font-weight: 400;\"><strong>\u00a0<\/strong><a href=\"https:\/\/pgbv.uenf.br\/wp-content\/uploads\/2020\/04\/Resolu%C3%A7%C3%A3o-COLAC-001-2008-credenciamento.pdf\" data-saferedirecturl=\"https:\/\/www.google.com\/url?q=https:\/\/pgbv.uenf.br\/wp-content\/uploads\/2020\/04\/Resolu%25C3%25A7%25C3%25A3o-COLAC-001-2008-credenciamento.pdf&amp;source=gmail&amp;ust=1733315521476000&amp;usg=AOvVaw2iUG-KM8qE3p06tD2VBFCD\"><strong>COLAC Resolution 001-2008<\/strong><\/a><strong>\u00a0\u2013\u00a0<\/strong><strong>Establishes minimum criteria for the accreditation of professors in UENF's Postgraduate Programs, for levels I and II, according to the Postgraduate Regulations (Art. 49, sole paragraph).<\/strong><\/p>\n<p style=\"font-weight: 400;\"><strong>\u00a0<\/strong><\/p>\n<p style=\"font-weight: 400;\"><strong>PROGRAM RESOLUTIONS:<\/strong><\/p>\n<p style=\"font-weight: 400;\"><strong>Qualifying Exam Rules -\u00a0<\/strong><a href=\"https:\/\/pgbv.uenf.br\/wp-content\/uploads\/2020\/08\/Resolu%C3%A7%C3%A3o-PGBV-n%C2%BA-66.201911-de-outubro-de-2019-Regras-de-Exame-de-Qualifica%C3%A7%C3%A3o-aprovado-pela-PROPPG-em-23.10.2019.pdf\" data-saferedirecturl=\"https:\/\/www.google.com\/url?q=https:\/\/pgbv.uenf.br\/wp-content\/uploads\/2020\/08\/Resolu%25C3%25A7%25C3%25A3o-PGBV-n%25C2%25BA-66.201911-de-outubro-de-2019-Regras-de-Exame-de-Qualifica%25C3%25A7%25C3%25A3o-aprovado-pela-PROPPG-em-23.10.2019.pdf&amp;source=gmail&amp;ust=1733315521476000&amp;usg=AOvVaw3qAQ1U65YrtXfGPB6i_wuE\"><strong>PGBV Resolution No. 66\/2019 - October 11<\/strong><\/a><\/p>\n<p style=\"font-weight: 400;\"><strong>CAPES PPGBV Scholarship Resolution 01\/2024<\/strong><\/p>\n\n\n<p><strong>STRATEGIC PLANNING:<\/strong><\/p>\n\n\n\n<p><strong><a href=\"https:\/\/pgbv.uenf.br\/wp-content\/uploads\/2025\/04\/VF_Planejamento-Estrategico-2023-2028.pdf\">Click here<\/a><\/strong><\/p>","protected":false},"excerpt":{"rendered":"<p>Regimento, Resolu\u00e7\u00f5es ,\u00a0 Normas e Planejamento Estrat\u00e9gico \u00a0REGIMENTO DO PROGRAMA DE P\u00d3S-GRADUA\u00c7\u00c3O STRICTO SENSU em BIOTECNOLOGIA VEGETAL Clique aqui REGIMENTO DA C\u00c2MARA DE PESQUISA E P\u00d3S GRADUA\u00c7\u00c3O Clique aqui NORMAS PARA A ELABORA\u00c7\u00c3O DE DISSERTA\u00c7\u00d5ES E TESES Clique aqui NORMAS GERAIS DE P\u00d3S-GRADUA\u00c7\u00c3O \u2013 STRICTO SENSU\u00a0 Clique aqui RESOLU\u00c7\u00d5ES DIVERSAS: Resolu\u00e7\u00e3o n\u00ba 01\/2024 &#8211; Disp\u00f5e [&hellip;]<\/p>\n","protected":false},"author":1,"featured_media":0,"parent":0,"menu_order":0,"comment_status":"closed","ping_status":"closed","template":"","meta":{"footnotes":""},"class_list":["post-946","page","type-page","status-publish","hentry"],"_links":{"self":[{"href":"https:\/\/pgbv.uenf.br\/en\/wp-json\/wp\/v2\/pages\/946","targetHints":{"allow":["GET"]}}],"collection":[{"href":"https:\/\/pgbv.uenf.br\/en\/wp-json\/wp\/v2\/pages"}],"about":[{"href":"https:\/\/pgbv.uenf.br\/en\/wp-json\/wp\/v2\/types\/page"}],"author":[{"embeddable":true,"href":"https:\/\/pgbv.uenf.br\/en\/wp-json\/wp\/v2\/users\/1"}],"replies":[{"embeddable":true,"href":"https:\/\/pgbv.uenf.br\/en\/wp-json\/wp\/v2\/comments?post=946"}],"version-history":[{"count":48,"href":"https:\/\/pgbv.uenf.br\/en\/wp-json\/wp\/v2\/pages\/946\/revisions"}],"predecessor-version":[{"id":5062,"href":"https:\/\/pgbv.uenf.br\/en\/wp-json\/wp\/v2\/pages\/946\/revisions\/5062"}],"wp:attachment":[{"href":"https:\/\/pgbv.uenf.br\/en\/wp-json\/wp\/v2\/media?parent=946"}],"curies":[{"name":"wp","href":"https:\/\/api.w.org\/{rel}","templated":true}]}}