{"id":895,"date":"2020-04-21T16:57:08","date_gmt":"2020-04-21T19:57:08","guid":{"rendered":"https:\/\/pgbv.uenf.br\/?page_id=895"},"modified":"2024-11-01T15:37:08","modified_gmt":"2024-11-01T18:37:08","slug":"elaboracao-de-projeto","status":"publish","type":"page","link":"https:\/\/pgbv.uenf.br\/en\/elaboracao-de-projeto\/","title":{"rendered":"Project preparation"},"content":{"rendered":"<div class=\"container-fluid\" style=\"text-align: center; font-size: 18px; padding-bottom: 15px;\"><strong>RESEARCH PROJECT - MASTER'S\/DOCTORAL DEGREE<\/strong><\/div>\n<div id=\"inscricao\" class=\"container-fluid\" style=\"text-align: justify; text-indent: 50px;\">\n<hr class=\"botm-line5\" \/>\n<\/div>\n<div id=\"observacao\" class=\"container-fluid\" style=\"padding: 12px 12px; text-align: justify;\">\n<div style=\"text-indent: 5px; padding: 0px 15px;\">\n<p style=\"font-weight: 400;\"><strong>PROJECT PREPARATION<\/strong><\/p>\n<p style=\"font-weight: 400;\">The dissertation and\/or thesis project must be prepared in accordance with the\u00a0<a href=\"https:\/\/pgbv.uenf.br\/wp-content\/uploads\/2024\/11\/ROTEIRO-PARA-ELABORACAO-DE-PROJETO-DE-PESQUISA-EM-BIOTECNOLOGIA-VEGETAL-aprovado-revisado2024.docx\"><strong>GUIDELINES FOR RESEARCH PROJECT PREPARATION IN PLANT BIOTECHNOLOGY.<\/strong><\/a><\/p>\n<p style=\"font-weight: 400;\"><strong>\u00a0<\/strong><\/p>\n<p style=\"font-weight: 400;\"><strong>PROJECT DEFENSE<\/strong><\/p>\n<ol>\n<li style=\"font-weight: 400;\">a) The Project defense must be held by the last instructional week of the second semester of the course after enrollment;<\/li>\n<li style=\"font-weight: 400;\">b) The defense will take place before an Examination Committee composed of:<\/li>\n<\/ol>\n<ul>\n<li style=\"font-weight: 400;\">- Master's degree: 2professors\/researchers with PhDs;<\/li>\n<li style=\"font-weight: 400;\">- Doctorate: 3 professors\/researchers with PhDs;<\/li>\n<\/ul>\n<ol>\n<li style=\"font-weight: 400;\"><strong>c) The advisor will appoint the members of the committee and act as its chair.<\/strong><\/li>\n<\/ol>\n<p style=\"font-weight: 400;\"><strong>DEFENSE SCHEDULING:<\/strong><\/p>\n<ol>\n<li style=\"font-weight: 400;\">a) The defense scheduling must be made<strong>at least 15 days in advance of the scheduled defense date<\/strong>;<\/li>\n<li style=\"font-weight: 400;\">b) For scheduling, the advisor must email the Program Coordinating Committee with the<strong>project defense scheduling form<\/strong>, filled out with all necessary information;<\/li>\n<li style=\"font-weight: 400;\">c) The project must be delivered by the student to the members of the Examination Committee<strong>at least 7 days in advance of the scheduled defense date.<\/strong><\/li>\n<\/ol>\n<p style=\"font-weight: 400;\">\n<\/div>\n<\/div>\n<div class=\"container-fluid\" style=\"padding: 15px; text-align: justify;\">\n<hr class=\"botm-line5\" \/>\n<p><strong>FORMS:<\/strong><\/p>\n<div class=\"datagrid\" style=\"width: 70%;\">\n<table id=\"tablepress-19\" class=\"tablepress tablepress-id-19\">\n<thead>\n<tr class=\"row-1\">\n\t<th class=\"column-1\">Document<\/th><th class=\"column-2\">Download<\/th>\n<\/tr>\n<\/thead>\n<tbody class=\"row-striping row-hover\">\n<tr class=\"row-2\">\n\t<td class=\"column-1\">Project Defense Form<\/td><td class=\"column-2\"><a href=\"https:\/\/pgbv.uenf.br\/wp-content\/uploads\/2024\/11\/Formulario-Defesa-de-Projeto-3-rev-2024.doc\" rel=\"noopener noreferrer\" target=\"_blank\"><i class=\"fa fa-arrow-circle-o-down fa-4.x\"><\/i><\/a><\/td>\n<\/tr>\n<\/tbody>\n<\/table>\n<!-- #tablepress-19 from cache --><\/div>\n<\/div>","protected":false},"excerpt":{"rendered":"<p>PROJETO DE PESQUISA (MESTRADO\/DOUTORADO) ELABORA\u00c7\u00c3O DE PROJETO O projeto de Disserta\u00e7\u00f5es e\/ou Tese deve ser elaborado de acordo com o\u00a0ROTEIRO PARA ELABORA\u00c7\u00c3O DE PROJETO DE PESQUISA EM BIOTECNOLOGIA VEGETAL \u00a0 DEFESA DO PROJETO a)A defesa do Projeto deve ser realizada at\u00e9 a \u00faltima semana letiva do segundo semestre do curso ap\u00f3s a matr\u00edcula; b)A defesa [&hellip;]<\/p>\n","protected":false},"author":1,"featured_media":0,"parent":0,"menu_order":0,"comment_status":"closed","ping_status":"closed","template":"","meta":{"footnotes":""},"class_list":["post-895","page","type-page","status-publish","hentry"],"_links":{"self":[{"href":"https:\/\/pgbv.uenf.br\/en\/wp-json\/wp\/v2\/pages\/895","targetHints":{"allow":["GET"]}}],"collection":[{"href":"https:\/\/pgbv.uenf.br\/en\/wp-json\/wp\/v2\/pages"}],"about":[{"href":"https:\/\/pgbv.uenf.br\/en\/wp-json\/wp\/v2\/types\/page"}],"author":[{"embeddable":true,"href":"https:\/\/pgbv.uenf.br\/en\/wp-json\/wp\/v2\/users\/1"}],"replies":[{"embeddable":true,"href":"https:\/\/pgbv.uenf.br\/en\/wp-json\/wp\/v2\/comments?post=895"}],"version-history":[{"count":21,"href":"https:\/\/pgbv.uenf.br\/en\/wp-json\/wp\/v2\/pages\/895\/revisions"}],"predecessor-version":[{"id":4662,"href":"https:\/\/pgbv.uenf.br\/en\/wp-json\/wp\/v2\/pages\/895\/revisions\/4662"}],"wp:attachment":[{"href":"https:\/\/pgbv.uenf.br\/en\/wp-json\/wp\/v2\/media?parent=895"}],"curies":[{"name":"wp","href":"https:\/\/api.w.org\/{rel}","templated":true}]}}