{"id":774,"date":"2020-04-19T18:41:51","date_gmt":"2020-04-19T21:41:51","guid":{"rendered":"https:\/\/pgbv.uenf.br\/?page_id=774"},"modified":"2020-04-19T20:48:40","modified_gmt":"2020-04-19T23:48:40","slug":"resultados-ms-e-ds","status":"publish","type":"page","link":"https:\/\/pgbv.uenf.br\/en\/resultados-ms-e-ds\/","title":{"rendered":"MS and DS results"},"content":{"rendered":"<div class=\"container-fluid\" style=\"text-align: center; font-size: 18px; padding-bottom: 15px;\"><strong>PROCESSO SELETIVO 2020.1<\/strong><\/div>\n<div id=\"inscricao\" class=\"container-fluid\" style=\"text-align: justify;\">\n<hr class=\"botm-line5\">\n<p><strong>APPLICATION PERIOD:<\/strong><br \/>\n<strong>Per\u00edodo:<\/strong> de 14 de outubro a 14 de novembro de 2019.<\/p>\n<p><strong>Hor\u00e1rio:<\/strong> das 10 \u00e0s 12 horas e 14h30 \u00e0s 16 horas (exceto s\u00e1bados, domingos e feriados)<\/p>\n<p><strong>Local:<\/strong><\/p>\n<p>Coordena\u00e7\u00e3o do Programa de P\u00f3s-Gradua\u00e7\u00e3o em Biotecnologia Vegetal \u2013 Edif\u00edcio P2<\/p>\n<p>Centro de Bioci\u00eancias e Biotecnologia-t\u00e9rreo Campus da UENF \u2013 Av. Alberto Lamego, 2000,<\/p>\n<p>Parque Calif\u00f3rnia Campos dos Goytacazes \u2013 RJ, CEP 28013-602.<\/p>\n<p>Fone: (22) 2739-7267; e-mail: pgbv.secretaria@uenf.br<\/p>\n<\/div>\n<div id=\"observacao\" class=\"container-fluid\" style=\"padding: 12px 10px; text-align: justify;\"><strong>OBSERVA\u00c7\u00d5ES IMPORTANTES:<\/strong><\/p>\n<p>1) A inscri\u00e7\u00e3o poder\u00e1 ser feita diretamente na Secretaria da Coordena\u00e7\u00e3o do Programa, no endere\u00e7o acima, ou <strong>TODA a documenta\u00e7\u00e3o<\/strong> (descrita no <strong>item 4.2<\/strong> do Edital de Sele\u00e7\u00e3o) poder\u00e1 ser enviada, atrav\u00e9s dos correios, at\u00e9 a data de <strong>14 de novembro de 2019, inclusive.<\/strong><\/p>\n<p><span style=\"color: #ff0000;\"><strong>Attention:<\/strong><\/span> No caso de envio pelos Correios, o candidato <strong>dever\u00e1 enviar a c\u00f3pia do comprovante de postagem<\/strong> para o e-mail do Programa (pgbv.secretaria@uenf.br).<\/p>\n<p>2) <strong>Taxa de Inscri\u00e7\u00e3o: R$ 50,00<\/strong> (cinquenta reais) e dever\u00e1 ser juntada \u00e0 documenta\u00e7\u00e3o de inscri\u00e7\u00e3o.<\/p>\n<p><a href=\"http:\/\/\/en\/=\/\" target=\"_blank\" rel=\"noopener noreferrer\" data-wplink-url-error=\"true\"><span style=\"color: #ff0000;\"><strong>Attention:<\/strong><\/span> <\/a><strong><a href=\"https:\/\/pgbv.uenf.br\/wp-content\/uploads\/2020\/04\/PROCEDIMENTOS-PARA-PAGAMENTO-DA-TAXA-DE-INSCRI\u00c7\u00c3O-2020.1-1.pdf\" target=\"_blank\" rel=\"noopener noreferrer\" data-wplink-url-error=\"true\">INSTRU\u00c7\u00d5ES PARA PAGAMENTO DA TAXA DE INSCRI\u00c7\u00c3O<\/a><\/strong><\/p>\n<\/div>\n<div class=\"container-fluid\" style=\"padding: 30px 15px 15px 15px; text-align: justify;\">\n<hr class=\"botm-line5\">\n<p><strong>N\u00daMERO DE VAGAS:<\/strong><br \/>\nMestrado: <span style=\"color: #ff0000;\">14<\/span><br \/>\nDoutorado: <span style=\"color: #ff0000;\">12<\/span><br \/>\n<a href=\"https:\/\/pgbv.uenf.br\/wp-content\/uploads\/2020\/04\/Quadro-de-vagas-2020.1.pdf\" data-wplink-url-error=\"true\"><strong>Click here<\/strong><\/a><strong> para acessar a distribui\u00e7\u00e3o de vagas ofertadas<\/strong>.<\/p>\n<p><strong>Para maiores detalhes, favor acessar Planilha detalhada com as <a href=\"https:\/\/pgbv.uenf.br\/wp-content\/uploads\/2020\/04\/LINHAS-E-TEMAS-DE-PESQUISAS-DO-PROGRAMA-DE-P\u00d3S-2020.1.pdf\" target=\"_blank\" rel=\"noopener noreferrer\" data-wplink-url-error=\"true\">Linhas e Temas de Pesquisas<\/a> que estar\u00e3o sendo oferecidas aos candidatos.<\/strong><\/p>\n<\/div>\n<div class=\"container-fluid\" style=\"padding: 15px; text-align: justify;\">\n<hr class=\"botm-line5\">\n<p><strong>FORMS:<\/strong><\/p>\n<div class=\"datagrid\" style=\"width: 70%;\">\n<table id=\"tablepress-13\" class=\"tablepress tablepress-id-13\">\n<thead>\n<tr class=\"row-1\">\n\t<th class=\"column-1\">Document<\/th><th class=\"column-2\">Download<\/th>\n<\/tr>\n<\/thead>\n<tbody class=\"row-striping row-hover\">\n<tr class=\"row-2\">\n\t<td class=\"column-1\">\u2022 Edital de Sele\u00e7\u00e3o 2022-1<\/td><td class=\"column-2\"><a href=\"https:\/\/pgbv.uenf.br\/en\/edital-de-selecao-2022-1-opcao-2-atual\/\" rel=\"noopener noreferrer\" target=\"_blank\"><i class=\"fa fa-arrow-circle-o-down fa-4.x\"><\/i><\/a><\/td>\n<\/tr>\n<tr class=\"row-3\">\n\t<td class=\"column-1\"> \u2022 Formul\u00e1rio de inscri\u00e7\u00e3o <em>(obrigat\u00f3rio)<\/em><\/td><td class=\"column-2\"><a href=\"https:\/\/pgbv.uenf.br\/wp-content\/uploads\/2020\/04\/Formul\u00e1rio-de-Inscri\u00e7\u00e3o-1.doc\" rel=\"noopener noreferrer\" target=\"_blank\"><i class=\"fa fa-arrow-circle-o-down fa-4.x\"><\/i><\/a><\/td>\n<\/tr>\n<tr class=\"row-4\">\n\t<td class=\"column-1\">\u2022 Carta de Refer\u00eancia <em>(obrigat\u00f3rio)<\/em><\/td><td class=\"column-2\"><a href=\"https:\/\/pgbv.uenf.br\/wp-content\/uploads\/2020\/04\/Carta-de-Refer\u00eancia-6.doc\" rel=\"noopener noreferrer\" target=\"_blank\"><i class=\"fa fa-arrow-circle-o-down fa-4.x\"><\/i><\/a><\/td>\n<\/tr>\n<tr class=\"row-5\">\n\t<td class=\"column-1\">\u2022 Proposta de Pesquisa <em>(obrigat\u00f3rio)<\/em><\/td><td class=\"column-2\"><a href=\"https:\/\/pgbv.uenf.br\/wp-content\/uploads\/2020\/08\/FORMUL\u00c1RIO-DE-PROPOSTA-DE-PESQUISA-Definitivo.docx\" rel=\"noopener noreferrer\" target=\"_blank\"><i class=\"fa fa-arrow-circle-o-down fa-4.x\"><\/i><\/a><\/td>\n<\/tr>\n<tr class=\"row-6\">\n\t<td class=\"column-1\"> \u2022 Formul\u00e1rio de informa\u00e7\u00f5es socioecon\u00f4micas <em>(para cotistas)<\/em><\/td><td class=\"column-2\"><a href=\"https:\/\/pgbv.uenf.br\/wp-content\/uploads\/2020\/04\/Formul\u00e1rios-de-Informa\u00e7\u00f5es-Socioecon\u00f4micas.pdf\" rel=\"noopener noreferrer\" target=\"_blank\"><i class=\"fa fa-arrow-circle-o-down fa-4.x\"><\/i><\/a><\/td>\n<\/tr>\n<tr class=\"row-7\">\n\t<td class=\"column-1\"> \u2022 Formul\u00e1rio de Auto Declara\u00e7\u00e3o \u00c9tnico Racial <em>(para cotistas)<\/em><\/td><td class=\"column-2\"><a href=\"https:\/\/pgbv.uenf.br\/wp-content\/uploads\/2020\/04\/Autodeclara\u00e7\u00e3o-\u00c9tnico-Racial-atual.pdf\" rel=\"noopener noreferrer\" target=\"_blank\"><i class=\"fa fa-arrow-circle-o-down fa-4.x\"><\/i><\/a><\/td>\n<\/tr>\n<tr class=\"row-8\">\n\t<td class=\"column-1\"> \u2022 Formul\u00e1rio de Auto Declara\u00e7\u00e3o Ind\u00edgena <em>(para cotistas)<\/em><\/td><td class=\"column-2\"><a href=\"https:\/\/pgbv.uenf.br\/wp-content\/uploads\/2020\/04\/Autodeclara\u00e7\u00e3o-\u00c9tnico-Ind\u00edgena-atual.docx.pdf\" rel=\"noopener noreferrer\" target=\"_blank\"><i class=\"fa fa-arrow-circle-o-down fa-4.x\"><\/i><\/a><\/td>\n<\/tr>\n<tr class=\"row-9\">\n\t<td class=\"column-1\">\u2022 Recurso em Processo Seletivo para Ingresso em Curso de P\u00f3s-Gradua\u00e7\u00e3o<\/td><td class=\"column-2\"><a href=\"https:\/\/pgbv.uenf.br\/wp-content\/uploads\/2020\/08\/Modelo-Recurso-junto-\u00e0-Comiss\u00e3o-Coord.-do-Programa-definitivo.docx\" rel=\"noopener noreferrer\" target=\"_blank\"><i class=\"fa fa-arrow-circle-o-down fa-4.x\"><\/i><\/a><\/td>\n<\/tr>\n<tr class=\"row-10\">\n\t<td class=\"column-1\">\u2022 Recurso contra resultado preliminar<\/td><td class=\"column-2\"><a href=\"https:\/\/pgbv.uenf.br\/wp-content\/uploads\/2020\/08\/Modelo-Recurso-contra-o-resultado-preliminar-definitivo.docx\" rel=\"noopener noreferrer\" target=\"_blank\"><i class=\"fa fa-arrow-circle-o-down fa-4.x\"><\/i><\/a><\/td>\n<\/tr>\n<\/tbody>\n<\/table>\n<!-- #tablepress-13 from cache --><\/div>\n<\/div>\n<div id=\"observacao\" class=\"container-fluid\" style=\"padding: 12px 10px; text-align: justify;\">\n<div style=\"text-indent: 10px; padding: 0px 5px;\"><span style=\"color: #ff0000;\"><strong>Attention:<\/strong><\/span><\/div>\n<div style=\"text-indent: 5px; padding: 0px 15px;\">&#8211; TODOS os candidatos COTISTAS dever\u00e3o preencher as informa\u00e7\u00f5es do <strong> Formul\u00e1rio S\u00f3cio Econ\u00f4mico e anexar os respectivos comprovantes.<\/strong><\/p>\n<p>&#8211; Aqueles que concorrerem \u00e0 <strong>cota \u00e9tnica racial e ind\u00edgena<\/strong> dever\u00e3o anexar tamb\u00e9m o respectivo <strong>Formul\u00e1rio de Auto Declara\u00e7\u00e3o.<\/strong><\/p>\n<p>\u2013 <strong>Recursos, se houverem, dever\u00e3o ser apresentados utilizando os formul\u00e1rios acima.<\/strong><\/p>\n<\/div>\n<\/div>\n<div class=\"container-fluid\" style=\"padding: 30px 15px 15px 15px; text-align: justify;\">\n<hr class=\"botm-line5\">\n<p><strong>INFORME ADICIONAL:<\/strong><br \/>\n<strong>&#8211; Divulga\u00e7\u00e3o do Resultado final do Processo Seletivo: at\u00e9 20\/12\/2019 no site do Programa;<\/strong><\/p>\n<p><strong>&#8211; Os candidatos selecionados dever\u00e3o se matricular entre os dias: 02 e 03\/03\/2020.<\/strong><\/p>\n<p><strong><strong>&nbsp;<\/strong><\/strong><\/p>\n<\/div>","protected":false},"excerpt":{"rendered":"<p>PROCESSO SELETIVO 2020.1 INSCRI\u00c7\u00d5ES: Per\u00edodo: de 14 de outubro a 14 de novembro de 2019. Hor\u00e1rio: das 10 \u00e0s 12 horas e 14h30 \u00e0s 16 horas (exceto s\u00e1bados, domingos e feriados) Local: Coordena\u00e7\u00e3o do Programa de P\u00f3s-Gradua\u00e7\u00e3o em Biotecnologia Vegetal \u2013 Edif\u00edcio P2 Centro de Bioci\u00eancias e Biotecnologia-t\u00e9rreo Campus da UENF \u2013 Av. Alberto Lamego, [&hellip;]<\/p>\n","protected":false},"author":1,"featured_media":0,"parent":0,"menu_order":0,"comment_status":"closed","ping_status":"closed","template":"","meta":{"footnotes":""},"class_list":["post-774","page","type-page","status-publish","hentry"],"_links":{"self":[{"href":"https:\/\/pgbv.uenf.br\/en\/wp-json\/wp\/v2\/pages\/774","targetHints":{"allow":["GET"]}}],"collection":[{"href":"https:\/\/pgbv.uenf.br\/en\/wp-json\/wp\/v2\/pages"}],"about":[{"href":"https:\/\/pgbv.uenf.br\/en\/wp-json\/wp\/v2\/types\/page"}],"author":[{"embeddable":true,"href":"https:\/\/pgbv.uenf.br\/en\/wp-json\/wp\/v2\/users\/1"}],"replies":[{"embeddable":true,"href":"https:\/\/pgbv.uenf.br\/en\/wp-json\/wp\/v2\/comments?post=774"}],"version-history":[{"count":2,"href":"https:\/\/pgbv.uenf.br\/en\/wp-json\/wp\/v2\/pages\/774\/revisions"}],"predecessor-version":[{"id":777,"href":"https:\/\/pgbv.uenf.br\/en\/wp-json\/wp\/v2\/pages\/774\/revisions\/777"}],"wp:attachment":[{"href":"https:\/\/pgbv.uenf.br\/en\/wp-json\/wp\/v2\/media?parent=774"}],"curies":[{"name":"wp","href":"https:\/\/api.w.org\/{rel}","templated":true}]}}