{"id":5241,"date":"2025-07-21T21:54:38","date_gmt":"2025-07-22T00:54:38","guid":{"rendered":"https:\/\/pgbv.uenf.br\/?page_id=5241"},"modified":"2025-07-21T22:04:17","modified_gmt":"2025-07-22T01:04:17","slug":"atividades-de-extensao","status":"publish","type":"page","link":"https:\/\/pgbv.uenf.br\/en\/atividades-de-extensao\/","title":{"rendered":"Extension Activities"},"content":{"rendered":"<div id=\"form-gerais\" class=\"container-fluid\" style=\"margin: auto;\">\n<div>\n<h3><strong>Faculty extension projects<\/strong><\/h3>\n<p>Below, the list of extension projects coordinated by PGBV professors, with description, period and links to social networks, highlighting our social contribution and community impact.<\/p>\n<\/div>\n<div class=\"datagrid\">\n<div>\n<table id=\"tablepress-38\" class=\"tablepress tablepress-id-38\">\n<thead>\n<tr class=\"row-1\">\n\t<th class=\"column-1\">Lecturer<\/th><th class=\"column-2\">Project<\/th><th class=\"column-3\">Term<\/th><th class=\"column-4\">Links<\/th>\n<\/tr>\n<\/thead>\n<tbody class=\"row-striping row-hover\">\n<tr class=\"row-2\">\n\t<td class=\"column-1\">Alessandro Coutinho Ramos<\/td><td class=\"column-2\">Magic Boxx Radio Show: Science and Innovation in Tune with the Electronic Music Universe<\/td><td class=\"column-3\">2021 - current<\/td><td class=\"column-4\"><a href=\"https:\/\/www.instagram.com\/p\/CtotZMwKxz_\/\" rel=\"noopener noreferrer\" target=\"_blank\"><i class=\"fa fa-instagram fa-1x\"><\/i><\/a><\/td>\n<\/tr>\n<tr class=\"row-3\">\n\t<td class=\"column-1\">Aline Chaves Intorne<\/td><td class=\"column-2\">Sustainable School<\/td><td class=\"column-3\">2021 - current<\/td><td class=\"column-4\"><\/td>\n<\/tr>\n<tr class=\"row-4\">\n\t<td class=\"column-1\">Aline Chaves Intorne<\/td><td class=\"column-2\">Science for People<\/td><td class=\"column-3\">2018 - current<\/td><td class=\"column-4\"><a href=\"https:\/\/www.instagram.com\/cienciapragente?igsh=MXV3b29iaDU4NnNnbg==\" rel=\"noopener noreferrer\" target=\"_blank\"><i class=\"fa fa-instagram fa-1x\"><\/i><\/a><\/td>\n<\/tr>\n<tr class=\"row-5\">\n\t<td class=\"column-1\">Aline Chaves Intorne<\/td><td class=\"column-2\">Science for All<\/td><td class=\"column-3\">2017 - current<\/td><td class=\"column-4\"><\/td>\n<\/tr>\n<tr class=\"row-6\">\n\t<td class=\"column-1\">Christiane Mileib Vasconcelos<\/td><td class=\"column-2\">Sensory Perception of Sweet Taste and Its Relation to Preference and Nutritional Status in Adolescents and Adults<\/td><td class=\"column-3\">2023 - current<\/td><td class=\"column-4\"><\/td>\n<\/tr>\n<tr class=\"row-7\">\n\t<td class=\"column-1\">Claudete Santa-Catarina<\/td><td class=\"column-2\">Biotechnology at School<\/td><td class=\"column-3\">2024 - current<\/td><td class=\"column-4\"><a href=\"https:\/\/www.instagram.com\/biotecnaescola.uenf\/\" rel=\"noopener noreferrer\" target=\"_blank\"><i class=\"fa fa-instagram fa-1x\"><\/i><\/a><\/td>\n<\/tr>\n<tr class=\"row-8\">\n\t<td class=\"column-1\">Claudete Santa-Catarina<\/td><td class=\"column-2\">Promoting Knowledge and Dissemination of Biotechnology to High School Students in the Northern Fluminense Region<\/td><td class=\"column-3\">2022 - current<\/td><td class=\"column-4\"><\/td>\n<\/tr>\n<tr class=\"row-9\">\n\t<td class=\"column-1\">Daniel Bas\u00edlio Zandonadi<\/td><td class=\"column-2\">Urban Agriculture: Substrate for Knowledge in Science and Technology<\/td><td class=\"column-3\">2018 - current<\/td><td class=\"column-4\"><\/td>\n<\/tr>\n<tr class=\"row-10\">\n\t<td class=\"column-1\">Denise Coutinho Endringer<\/td><td class=\"column-2\">Medicinal Plants in Elderly Health<\/td><td class=\"column-3\">2024 - current<\/td><td class=\"column-4\"><\/td>\n<\/tr>\n<tr class=\"row-11\">\n\t<td class=\"column-1\">Denise Coutinho Endringer<\/td><td class=\"column-2\">Intelligence Office for SDG Management at UVV<\/td><td class=\"column-3\">2021 - current<\/td><td class=\"column-4\"><\/td>\n<\/tr>\n<tr class=\"row-12\">\n\t<td class=\"column-1\">Eliemar Campostrini<\/td><td class=\"column-2\">Productive Aspects of Hop Growing (Humulus lupulus L.) on Small Farms in the North of Rio de Janeiro State and<br \/>\nApplying New Methodologies for Growth and Production<\/td><td class=\"column-3\">2019 - current<\/td><td class=\"column-4\"><\/td>\n<\/tr>\n<tr class=\"row-13\">\n\t<td class=\"column-1\">Erica de Oliveira Mello<\/td><td class=\"column-2\">Science Communication Magazine Knowing Science<\/td><td class=\"column-3\">2023 - current<\/td><td class=\"column-4\"><a href=\"https:\/\/www.instagram.com\/conhecendoaciencia\/?hl=en\" rel=\"noopener noreferrer\" target=\"_blank\"><i class=\"fa fa-instagram fa-1x\"><\/i><\/a><\/td>\n<\/tr>\n<tr class=\"row-14\">\n\t<td class=\"column-1\">Marcelo da Silva Moretti<\/td><td class=\"column-2\">Is the water in this river good? Those who live there will tell you!<\/td><td class=\"column-3\">2022 - current<\/td><td class=\"column-4\"><\/td>\n<\/tr>\n<tr class=\"row-15\">\n\t<td class=\"column-1\">M\u00e1rcio Fronza<\/td><td class=\"column-2\">Environmental and Scientific Education Project Applied to the Tupiniquim Indigenous School Community of Aracruz - ES<\/td><td class=\"column-3\">2023 - current<\/td><td class=\"column-4\"><a href=\"https:\/\/www.instagram.com\/p\/C73-IihOKho1fwPj7o3f5onXPIrLhR4Vf1LpqM0\/?igsh=MTE5OGZ4d2Z6ZDVocg%3D%3D\" rel=\"noopener noreferrer\" target=\"_blank\"><i class=\"fa fa-instagram fa-1x\"><\/i><\/a><\/td>\n<\/tr>\n<tr class=\"row-16\">\n\t<td class=\"column-1\">M\u00e1rcio Fronza<\/td><td class=\"column-2\">Promoting the Rational Use of Medicinal Plants<\/td><td class=\"column-3\">2022 \u2013 2023<\/td><td class=\"column-4\"><\/td>\n<\/tr>\n<tr class=\"row-17\">\n\t<td class=\"column-1\">Maura da Cunha<\/td><td class=\"column-2\">The Importance of the Xylotheque in Teaching, Research and Extension in the North\/Northwest of Rio de Janeiro<\/td><td class=\"column-3\">2024 - current<\/td><td class=\"column-4\"><a href=\"https:\/\/www.instagram.com\/xilotecauenf\/\" rel=\"noopener noreferrer\" target=\"_blank\"><i class=\"fa fa-instagram fa-1x\"><\/i><\/a><\/td>\n<\/tr>\n<tr class=\"row-18\">\n\t<td class=\"column-1\">Maura da Cunha<\/td><td class=\"column-2\">Mangue Fundo Trail: Environmental Education in Restinga<\/td><td class=\"column-3\">2023 - current<\/td><td class=\"column-4\"><\/td>\n<\/tr>\n<tr class=\"row-19\">\n\t<td class=\"column-1\">Maura da Cunha<\/td><td class=\"column-2\">Extension Actions for UENF's Botanical Collections: Unveiling the Wood Collection (HUENFw Xylotheque) and<br \/>\nYour Job in Teaching, Research and Extension North\/Northwest Fluminense<\/td><td class=\"column-3\">2023 - current<\/td><td class=\"column-4\"><\/td>\n<\/tr>\n<tr class=\"row-20\">\n\t<td class=\"column-1\">Olga Lima Tavares Machado<\/td><td class=\"column-2\">Insertion of Experimental Environments and Training of Multiplier Agents to Improve Teaching at the University of Coimbra<br \/>\nCIEP 464 Admar Ferreira de Medeiros<\/td><td class=\"column-3\">2022 - current<\/td><td class=\"column-4\"><\/td>\n<\/tr>\n<tr class=\"row-21\">\n\t<td class=\"column-1\">Olga Lima Tavares Machado<\/td><td class=\"column-2\">Alternation? - Alternative Orientations in the Prevention of Anxiety Disorders<\/td><td class=\"column-3\">2020 - current<\/td><td class=\"column-4\"><\/td>\n<\/tr>\n<tr class=\"row-22\">\n\t<td class=\"column-1\">Vanildo Silveira<\/td><td class=\"column-2\">Biotech Trail<\/td><td class=\"column-3\">2024 - current<\/td><td class=\"column-4\"><a href=\"https:\/\/www.instagram.com\/reel\/DItg1CtJGh_\/\" rel=\"noopener noreferrer\" target=\"_blank\"><i class=\"fa fa-instagram fa-1x\"><\/i><\/a><\/td>\n<\/tr>\n<tr class=\"row-23\">\n\t<td class=\"column-1\">Vanildo Silveira<\/td><td class=\"column-2\">CBB: Science and Life, Spreading Science with Quality and Academic Responsibility<\/td><td class=\"column-3\">2020 - current<\/td><td class=\"column-4\"><a href=\"https:\/\/www.instagram.com\/cbbcienciavida\/\" rel=\"noopener noreferrer\" target=\"_blank\"><i class=\"fa fa-instagram fa-1x\"><\/i><\/a><\/td>\n<\/tr>\n<\/tbody>\n<\/table>\n<!-- #tablepress-38 from cache --><\/div>\n<\/div>\n<\/div>\n\n\n\n<div>&nbsp;<\/div>\n\n\n\n<p><\/p>","protected":false},"excerpt":{"rendered":"<p>Projetos de extens\u00e3o dos docentes Abaixo, a rela\u00e7\u00e3o de projetos de extens\u00e3o coordenados pelos docentes do PGBV, com descri\u00e7\u00e3o, per\u00edodo e links para redes sociais, destacando nossa contribui\u00e7\u00e3o social e impacto comunit\u00e1rio. &nbsp;<\/p>","protected":false},"author":1,"featured_media":0,"parent":0,"menu_order":0,"comment_status":"closed","ping_status":"closed","template":"","meta":{"footnotes":""},"class_list":["post-5241","page","type-page","status-publish","hentry"],"_links":{"self":[{"href":"https:\/\/pgbv.uenf.br\/en\/wp-json\/wp\/v2\/pages\/5241","targetHints":{"allow":["GET"]}}],"collection":[{"href":"https:\/\/pgbv.uenf.br\/en\/wp-json\/wp\/v2\/pages"}],"about":[{"href":"https:\/\/pgbv.uenf.br\/en\/wp-json\/wp\/v2\/types\/page"}],"author":[{"embeddable":true,"href":"https:\/\/pgbv.uenf.br\/en\/wp-json\/wp\/v2\/users\/1"}],"replies":[{"embeddable":true,"href":"https:\/\/pgbv.uenf.br\/en\/wp-json\/wp\/v2\/comments?post=5241"}],"version-history":[{"count":1,"href":"https:\/\/pgbv.uenf.br\/en\/wp-json\/wp\/v2\/pages\/5241\/revisions"}],"predecessor-version":[{"id":5242,"href":"https:\/\/pgbv.uenf.br\/en\/wp-json\/wp\/v2\/pages\/5241\/revisions\/5242"}],"wp:attachment":[{"href":"https:\/\/pgbv.uenf.br\/en\/wp-json\/wp\/v2\/media?parent=5241"}],"curies":[{"name":"wp","href":"https:\/\/api.w.org\/{rel}","templated":true}]}}