{"id":453,"date":"2020-04-15T17:22:44","date_gmt":"2020-04-15T20:22:44","guid":{"rendered":"https:\/\/pgbv.uenf.br\/?page_id=453"},"modified":"2022-04-12T19:30:07","modified_gmt":"2022-04-12T22:30:07","slug":"grade-de-disciplinas","status":"publish","type":"page","link":"https:\/\/pgbv.uenf.br\/en\/grade-de-disciplinas\/","title":{"rendered":"Course Schedule"},"content":{"rendered":"<div id=\"obrigatorias\">\n<div>\n<h3 style=\"text-align: center;\"><strong>Core Curriculum Courses<\/strong><\/h3>\n<\/div>\n<div class=\"datagrid\">\n<div>\n<table id=\"tablepress-6\" class=\"tablepress tablepress-id-6\">\n<thead>\n<tr class=\"row-1\">\n\t<th class=\"column-1\">Name<\/th><th class=\"column-2\">Code<\/th><th class=\"column-3\">Credits<\/th><th class=\"column-4\">Grade<\/th><th class=\"column-5\">Required<\/th><th class=\"column-6\">Syllabus<\/th>\n<\/tr>\n<\/thead>\n<tbody class=\"row-striping row-hover\">\n<tr class=\"row-2\">\n\t<td class=\"column-1\">Organization of Events in Plant Biotechnology<\/td><td class=\"column-2\">PBV2705<\/td><td class=\"column-3\">2<\/td><td class=\"column-4\">ABC<\/td><td class=\"column-5\">MS\/DS<\/td><td class=\"column-6\"><a href=\"https:\/\/pgbv.uenf.br\/wp-content\/uploads\/2025\/07\/programa_analitico_PBV2705_Organizacao-de-Eventos-em-Biotecnologia-Vegetal.pdf\"><i class=\"fa fa-arrow-circle-o-down fa-4.x\"><\/i><\/a><\/td>\n<\/tr>\n<tr class=\"row-3\">\n\t<td class=\"column-1\">Current Research Approaches in Plant Biotechnology-<em>(UVV)<\/em><\/td><td class=\"column-2\">BIO504<\/td><td class=\"column-3\">2<\/td><td class=\"column-4\">ABC<\/td><td class=\"column-5\">MS\/DS<\/td><td class=\"column-6\"><a href=\"https:\/\/pgbv.uenf.br\/wp-content\/uploads\/2020\/08\/Abordagens-Atuais-de-Pesquisa-em-Biotecnologia-Vegetal-UVV.pdf\"><i class=\"fa fa-arrow-circle-o-down fa-4.x\"><\/i><\/a><\/td>\n<\/tr>\n<tr class=\"row-4\">\n\t<td class=\"column-1\">Extension Activities I <\/td><td class=\"column-2\">PBV2706<\/td><td class=\"column-3\">1<\/td><td class=\"column-4\">ABC<\/td><td class=\"column-5\">MS\/DS<\/td><td class=\"column-6\"><a href=\"https:\/\/pgbv.uenf.br\/wp-content\/uploads\/2020\/11\/Atividades-de-Extensao-I-1.pdf\"><i class=\"fa fa-arrow-circle-o-down fa-4.x\"><\/i><\/a><\/td>\n<\/tr>\n<tr class=\"row-5\">\n\t<td class=\"column-1\">Extension Activities I-<em>(UVV)<\/em><\/td><td class=\"column-2\">BIO505<\/td><td class=\"column-3\">1<\/td><td class=\"column-4\">ABC<\/td><td class=\"column-5\">MS\/DS<\/td><td class=\"column-6\"><a href=\"https:\/\/pgbv.uenf.br\/wp-content\/uploads\/2020\/08\/Atividades-de-Extens\u00e3o-I-UVV.pdf\"><i class=\"fa fa-arrow-circle-o-down fa-4.x\"><\/i><\/a><\/td>\n<\/tr>\n<tr class=\"row-6\">\n\t<td class=\"column-1\">Extension Activities II<\/td><td class=\"column-2\">PBV2805<\/td><td class=\"column-3\">1<\/td><td class=\"column-4\">ABC<\/td><td class=\"column-5\">DS<\/td><td class=\"column-6\"><a href=\"https:\/\/pgbv.uenf.br\/wp-content\/uploads\/2020\/04\/Atividades-de-Extens\u00e3o-II.pdf\"><i class=\"fa fa-arrow-circle-o-down fa-4.x\"><\/i><\/a><\/td>\n<\/tr>\n<tr class=\"row-7\">\n\t<td class=\"column-1\">Extension Activities II-<em>(UVV)<\/em><\/td><td class=\"column-2\">BIO506<\/td><td class=\"column-3\">1<\/td><td class=\"column-4\">ABC<\/td><td class=\"column-5\">DS<\/td><td class=\"column-6\"><a href=\"https:\/\/pgbv.uenf.br\/wp-content\/uploads\/2020\/08\/Atividades-de-Extens\u00e3o-II-UVV.pdf\"><i class=\"fa fa-arrow-circle-o-down fa-4.x\"><\/i><\/a><\/td>\n<\/tr>\n<tr class=\"row-8\">\n\t<td class=\"column-1\">Biosafety and Bioethics-<em>(UVV)<\/em> <\/td><td class=\"column-2\">BIO3772<\/td><td class=\"column-3\">3<\/td><td class=\"column-4\">ABC<\/td><td class=\"column-5\">-<\/td><td class=\"column-6\"><a href=\"https:\/\/pgbv.uenf.br\/wp-content\/uploads\/2020\/08\/Biosseguran\u00e7a-e-Bio\u00e9tica.pdf\"><i class=\"fa fa-arrow-circle-o-down fa-4.x\"><\/i><\/a><\/td>\n<\/tr>\n<tr class=\"row-9\">\n\t<td class=\"column-1\">Plant Biotechnology I <\/td><td class=\"column-2\">PBV2703<\/td><td class=\"column-3\">4<\/td><td class=\"column-4\">ABC<\/td><td class=\"column-5\">DS<\/td><td class=\"column-6\"><a href=\"https:\/\/pgbv.uenf.br\/wp-content\/uploads\/2020\/11\/Biotecnologia-Vegetal-I.pdf\"><i class=\"fa fa-arrow-circle-o-down fa-4.x\"><\/i><\/a><\/td>\n<\/tr>\n<tr class=\"row-10\">\n\t<td class=\"column-1\">Experimental Design-<em>(UVV)<\/em><\/td><td class=\"column-2\">FAR510<\/td><td class=\"column-3\">2<\/td><td class=\"column-4\">ABC<\/td><td class=\"column-5\">-<\/td><td class=\"column-6\"><a href=\"https:\/\/pgbv.uenf.br\/wp-content\/uploads\/2020\/08\/Delineamento-Experimental-UVV.pdf\"><i class=\"fa fa-arrow-circle-o-down fa-4.x\"><\/i><\/a><\/td>\n<\/tr>\n<tr class=\"row-11\">\n\t<td class=\"column-1\">Preparing Biotechnology Research Projects <\/td><td class=\"column-2\">PBV2704<\/td><td class=\"column-3\">2<\/td><td class=\"column-4\">ABC<\/td><td class=\"column-5\">MS\/DS<\/td><td class=\"column-6\"><a href=\"https:\/\/pgbv.uenf.br\/wp-content\/uploads\/2020\/11\/Elaboracao-de-Projetos-de-Pesquisa-em-Biotecnologia.pdf\"><i class=\"fa fa-arrow-circle-o-down fa-4.x\"><\/i><\/a><\/td>\n<\/tr>\n<tr class=\"row-12\">\n\t<td class=\"column-1\">Entrepreneurship and project management <\/td><td class=\"column-2\">LBT2739<\/td><td class=\"column-3\">2<\/td><td class=\"column-4\">ABC<\/td><td class=\"column-5\">DS<\/td><td class=\"column-6\"><a href=\"https:\/\/pgbv.uenf.br\/wp-content\/uploads\/2020\/11\/Empreendedorismo-e-Gestao-de-Projetos.pdf\"><i class=\"fa fa-arrow-circle-o-down fa-4.x\"><\/i><\/a><\/td>\n<\/tr>\n<tr class=\"row-13\">\n\t<td class=\"column-1\">Teaching Internship I-<em>(UVV)<\/em><\/td><td class=\"column-2\">BIO510<\/td><td class=\"column-3\">1<\/td><td class=\"column-4\">H<\/td><td class=\"column-5\">MS\/DS<\/td><td class=\"column-6\"><a href=\"https:\/\/pgbv.uenf.br\/wp-content\/uploads\/2020\/08\/Est\u00e1gio-Docente-I-UVV.pdf\"><i class=\"fa fa-arrow-circle-o-down fa-4.x\"><\/i><\/a><\/td>\n<\/tr>\n<tr class=\"row-14\">\n\t<td class=\"column-1\">Teaching Internship II-<em>(UVV)<\/em><\/td><td class=\"column-2\">BIO511<\/td><td class=\"column-3\">1<\/td><td class=\"column-4\">H<\/td><td class=\"column-5\">DS<\/td><td class=\"column-6\"><a href=\"https:\/\/pgbv.uenf.br\/wp-content\/uploads\/2020\/08\/Est\u00e1gio-Docente-II-UVV.pdf\"><i class=\"fa fa-arrow-circle-o-down fa-4.x\"><\/i><\/a><\/td>\n<\/tr>\n<tr class=\"row-15\">\n\t<td class=\"column-1\">Teaching Internship I <\/td><td class=\"column-2\">PBV2702<\/td><td class=\"column-3\">1<\/td><td class=\"column-4\">H<\/td><td class=\"column-5\">MS\/DS<\/td><td class=\"column-6\"><a href=\"https:\/\/pgbv.uenf.br\/wp-content\/uploads\/2020\/11\/Estagio-em-Docencia-I.pdf\"><i class=\"fa fa-arrow-circle-o-down fa-4.x\"><\/i><\/a><\/td>\n<\/tr>\n<tr class=\"row-16\">\n\t<td class=\"column-1\">Teaching Internship II <\/td><td class=\"column-2\">PBV2802<\/td><td class=\"column-3\">1<\/td><td class=\"column-4\">H<\/td><td class=\"column-5\">DS<\/td><td class=\"column-6\"><a href=\"https:\/\/pgbv.uenf.br\/wp-content\/uploads\/2020\/11\/Estagio-em-Docencia-II.pdf\"><i class=\"fa fa-arrow-circle-o-down fa-4.x\"><\/i><\/a><\/td>\n<\/tr>\n<tr class=\"row-17\">\n\t<td class=\"column-1\">Guidance and Scientific Production-<em>(UVV)<\/em> <\/td><td class=\"column-2\">BIO000<\/td><td class=\"column-3\">2<\/td><td class=\"column-4\">H<\/td><td class=\"column-5\">-<\/td><td class=\"column-6\"><a href=\"https:\/\/pgbv.uenf.br\/wp-content\/uploads\/2020\/08\/Orienta\u00e7\u00e3o-e-Produ\u00e7\u00e3o-Cient\u00edfica-UVV.pdf\"><i class=\"fa fa-arrow-circle-o-down fa-4.x\"><\/i><\/a><\/td>\n<\/tr>\n<tr class=\"row-18\">\n\t<td class=\"column-1\">Dissertation Research <\/td><td class=\"column-2\">PBV2708<\/td><td class=\"column-3\">6<\/td><td class=\"column-4\">H<\/td><td class=\"column-5\">MS<\/td><td class=\"column-6\"><a href=\"https:\/\/pgbv.uenf.br\/wp-content\/uploads\/2020\/11\/Pesquisa-de-Dissertacao.pdf\"><i class=\"fa fa-arrow-circle-o-down fa-4.x\"><\/i><\/a><\/td>\n<\/tr>\n<tr class=\"row-19\">\n\t<td class=\"column-1\">Thesis Research <\/td><td class=\"column-2\">PBV2804<\/td><td class=\"column-3\">8<\/td><td class=\"column-4\">H<\/td><td class=\"column-5\">DS<\/td><td class=\"column-6\"><a href=\"https:\/\/pgbv.uenf.br\/wp-content\/uploads\/2020\/11\/Pesquisa-de-Tese.pdf\"><i class=\"fa fa-arrow-circle-o-down fa-4.x\"><\/i><\/a><\/td>\n<\/tr>\n<tr class=\"row-20\">\n\t<td class=\"column-1\">Intellectual Property and Technological Innovation <\/td><td class=\"column-2\">LBT2738<\/td><td class=\"column-3\">2<\/td><td class=\"column-4\">ABC<\/td><td class=\"column-5\">MS\/DS<\/td><td class=\"column-6\"><a href=\"https:\/\/pgbv.uenf.br\/wp-content\/uploads\/2020\/08\/Propriedade-Intelectual-e-Inova\u00e7\u00e3o-Tecnol\u00f3gica.pdf\"><i class=\"fa fa-arrow-circle-o-down fa-4.x\"><\/i><\/a><\/td>\n<\/tr>\n<tr class=\"row-21\">\n\t<td class=\"column-1\">Scientific Writing and Communication-<em>(UVV)<\/em><\/td><td class=\"column-2\">BIO622<\/td><td class=\"column-3\">3<\/td><td class=\"column-4\">-<\/td><td class=\"column-5\">-<\/td><td class=\"column-6\"><a href=\"https:\/\/pgbv.uenf.br\/wp-content\/uploads\/2020\/08\/Reda\u00e7\u00e3o-e-Comunica\u00e7\u00e3o-Cient\u00edfica-UVV.pdf\"><i class=\"fa fa-arrow-circle-o-down fa-4.x\"><\/i><\/a><\/td>\n<\/tr>\n<tr class=\"row-22\">\n\t<td class=\"column-1\">Plant Biotechnology Program Seminar I<\/td><td class=\"column-2\">PBV2700<\/td><td class=\"column-3\">1<\/td><td class=\"column-4\">H<\/td><td class=\"column-5\">MS\/DS<\/td><td class=\"column-6\"><a href=\"https:\/\/pgbv.uenf.br\/wp-content\/uploads\/2020\/11\/Seminario-do-Programa-de-Biotecnologia-Vegetal-I.pdf\"><i class=\"fa fa-arrow-circle-o-down fa-4.x\"><\/i><\/a><\/td>\n<\/tr>\n<tr class=\"row-23\">\n\t<td class=\"column-1\">Plant Biotechnology Program Seminar II <\/td><td class=\"column-2\">PBV2701<\/td><td class=\"column-3\">1<\/td><td class=\"column-4\">H<\/td><td class=\"column-5\">MS\/DS<\/td><td class=\"column-6\"><a href=\"https:\/\/pgbv.uenf.br\/wp-content\/uploads\/2020\/11\/Seminario-do-Programa-de-Biotecnologia-Vegetal-II.pdf\"><i class=\"fa fa-arrow-circle-o-down fa-4.x\"><\/i><\/a><\/td>\n<\/tr>\n<tr class=\"row-24\">\n\t<td class=\"column-1\">Plant Biotechnology Program Seminar III<\/td><td class=\"column-2\">PBV2800<\/td><td class=\"column-3\">1<\/td><td class=\"column-4\">H<\/td><td class=\"column-5\">DS<\/td><td class=\"column-6\"><a href=\"https:\/\/pgbv.uenf.br\/wp-content\/uploads\/2020\/11\/Seminario-do-Programa-de-Biotecnologia-Vegetal-III.pdf\"><i class=\"fa fa-arrow-circle-o-down fa-4.x\"><\/i><\/a><\/td>\n<\/tr>\n<tr class=\"row-25\">\n\t<td class=\"column-1\">Plant Biotechnology Program Seminar IV<\/td><td class=\"column-2\">PBV2801<\/td><td class=\"column-3\">1<\/td><td class=\"column-4\">H<\/td><td class=\"column-5\">DS<\/td><td class=\"column-6\"><a href=\"https:\/\/pgbv.uenf.br\/wp-content\/uploads\/2020\/11\/Seminario-do-Programa-de-Biotecnologia-Vegetal-IV.pdf\"><i class=\"fa fa-arrow-circle-o-down fa-4.x\"><\/i><\/a><\/td>\n<\/tr>\n<tr class=\"row-26\">\n\t<td class=\"column-1\">Seminar in Biotechnology I-<em>(UVV)<\/em><\/td><td class=\"column-2\">BIO500<\/td><td class=\"column-3\">1<\/td><td class=\"column-4\">H<\/td><td class=\"column-5\">MS\/DS<\/td><td class=\"column-6\"><a href=\"https:\/\/pgbv.uenf.br\/wp-content\/uploads\/2020\/08\/Semin\u00e1rio-em-Biotecnologia-I-UVV.pdf\"><i class=\"fa fa-arrow-circle-o-down fa-4.x\"><\/i><\/a><\/td>\n<\/tr>\n<tr class=\"row-27\">\n\t<td class=\"column-1\">Seminar in Biotechnology II-<em>(UVV)<\/em><\/td><td class=\"column-2\">BIO501<\/td><td class=\"column-3\">1<\/td><td class=\"column-4\">H<\/td><td class=\"column-5\">MS\/DS<\/td><td class=\"column-6\"><a href=\"https:\/\/pgbv.uenf.br\/wp-content\/uploads\/2020\/08\/Semin\u00e1rio-em-Biotecnologia-II-UVV.pdf\"><i class=\"fa fa-arrow-circle-o-down fa-4.x\"><\/i><\/a><\/td>\n<\/tr>\n<tr class=\"row-28\">\n\t<td class=\"column-1\">Seminar in Biotechnology III-<em>(UVV)<\/em><\/td><td class=\"column-2\">BIO555<\/td><td class=\"column-3\">1<\/td><td class=\"column-4\">H<\/td><td class=\"column-5\">DS<\/td><td class=\"column-6\"><a href=\"https:\/\/pgbv.uenf.br\/wp-content\/uploads\/2020\/08\/Semin\u00e1rio-em-Biotecnologia-III-UVV.pdf\"><i class=\"fa fa-arrow-circle-o-down fa-4.x\"><\/i><\/a><\/td>\n<\/tr>\n<tr class=\"row-29\">\n\t<td class=\"column-1\">Seminar in Biotechnology IV-<em>(UVV)<\/em><\/td><td class=\"column-2\">BIO503<\/td><td class=\"column-3\">1<\/td><td class=\"column-4\">H<\/td><td class=\"column-5\">DS<\/td><td class=\"column-6\"><a href=\"https:\/\/pgbv.uenf.br\/wp-content\/uploads\/2020\/08\/Semin\u00e1rio-em-Biotecnologia-IV-UVV.pdf\"><i class=\"fa fa-arrow-circle-o-down fa-4.x\"><\/i><\/a><\/td>\n<\/tr>\n<tr class=\"row-30\">\n\t<td class=\"column-1\">Interactive Communications In Plant Biotechnology<\/td><td class=\"column-2\">PBV2803<\/td><td class=\"column-3\">2<\/td><td class=\"column-4\">ABC<\/td><td class=\"column-5\">-<\/td><td class=\"column-6\"><a href=\"\"><i class=\"fa fa-arrow-circle-o-down fa-4.x\"><\/i><\/a><\/td>\n<\/tr>\n<\/tbody>\n<\/table>\n<!-- #tablepress-6 from cache --><\/div>\n<\/div>\n<\/div>\n<div id=\"optativas\">\n<div>\n<h3 style=\"text-align: center;\"><strong>Elective Courses by Research Line<\/strong><\/h3>\n<\/div>\n<p style=\"width: 95%; margin: auto; margin-bottom: 20px; margin-top: 20px;\">- <strong>Biotechnology Applied to Agriculture and the Environment<\/strong><\/p>\n<div class=\"datagrid\">\n<div>\n<table id=\"tablepress-7\" class=\"tablepress tablepress-id-7\">\n<thead>\n<tr class=\"row-1\">\n\t<th class=\"column-1\">Name<\/th><th class=\"column-2\">Code<\/th><th class=\"column-3\">Credits<\/th><th class=\"column-4\">Grade<\/th><th class=\"column-5\">Required<\/th><th class=\"column-6\">Syllabus<\/th>\n<\/tr>\n<\/thead>\n<tbody class=\"row-striping row-hover\">\n<tr class=\"row-2\">\n\t<td class=\"column-1\">Applications of Genetic Improvement in Plant Biotechnology<\/td><td class=\"column-2\">MGV3722<\/td><td class=\"column-3\">2<\/td><td class=\"column-4\">ABC<\/td><td class=\"column-5\">-<\/td><td class=\"column-6\"><a href=\"https:\/\/pgbv.uenf.br\/wp-content\/uploads\/2020\/04\/APLICA\u00c7\u00d5ES-DO-MELHORAMENTO-GEN\u00c9TICO-EM-BIOTECNOLOGIA-VEGETAL.pdf\"><i class=\"fa fa-arrow-circle-o-down fa-4.x\"><\/i><\/a><\/td>\n<\/tr>\n<tr class=\"row-3\">\n\t<td class=\"column-1\">Seed Biochemistry<\/td><td class=\"column-2\">QFP2620<\/td><td class=\"column-3\">3<\/td><td class=\"column-4\">ABC<\/td><td class=\"column-5\">-<\/td><td class=\"column-6\"><a href=\"https:\/\/pgbv.uenf.br\/wp-content\/uploads\/2020\/04\/Bioquimica-de-sementes.pdf\"><i class=\"fa fa-arrow-circle-o-down fa-4.x\"><\/i><\/a><\/td>\n<\/tr>\n<tr class=\"row-4\">\n\t<td class=\"column-1\">Biotechnology of Microorganism-Plant Interaction<\/td><td class=\"column-2\">LBC2736<\/td><td class=\"column-3\">2<\/td><td class=\"column-4\">ABC<\/td><td class=\"column-5\">-<\/td><td class=\"column-6\"><a href=\"https:\/\/pgbv.uenf.br\/wp-content\/uploads\/2020\/04\/BIOTECNOLOGIA-DA-INTERA\u00c7\u00c3O-MICRORGANISMOS-PLANTA.pdf\"><i class=\"fa fa-arrow-circle-o-down fa-4.x\"><\/i><\/a><\/td>\n<\/tr>\n<tr class=\"row-5\">\n\t<td class=\"column-1\">Plant Ecophysiology <\/td><td class=\"column-2\">MGV3711<\/td><td class=\"column-3\">4<\/td><td class=\"column-4\">ABC<\/td><td class=\"column-5\">-<\/td><td class=\"column-6\"><a href=\"https:\/\/pgbv.uenf.br\/wp-content\/uploads\/2020\/08\/MGV-3711-Ecofisiologia.pdf\"><i class=\"fa fa-arrow-circle-o-down fa-4.x\"><\/i><\/a><\/td>\n<\/tr>\n<tr class=\"row-6\">\n\t<td class=\"column-1\">Physiology and Biochemistry of Plant Development<\/td><td class=\"column-2\">LBC2731<\/td><td class=\"column-3\">3<\/td><td class=\"column-4\">ABC<\/td><td class=\"column-5\">-<\/td><td class=\"column-6\"><a href=\"https:\/\/pgbv.uenf.br\/wp-content\/uploads\/2020\/04\/FISIOLOGIA-E-BIOQU\u00cdMICA-DO-DESENVOLVIMENTO-VEGETAL.pdf\"><i class=\"fa fa-arrow-circle-o-down fa-4.x\"><\/i><\/a><\/td>\n<\/tr>\n<tr class=\"row-7\">\n\t<td class=\"column-1\">Fundamentals of Plant Cell Biology<\/td><td class=\"column-2\">LBC2737<\/td><td class=\"column-3\">2<\/td><td class=\"column-4\">ABC<\/td><td class=\"column-5\">-<\/td><td class=\"column-6\"><a href=\"https:\/\/pgbv.uenf.br\/wp-content\/uploads\/2020\/04\/FUNDAMENTOS-EM-BIOLOGIA-CELULAR-VEGETAL.pdf\"><i class=\"fa fa-arrow-circle-o-down fa-4.x\"><\/i><\/a><\/td>\n<\/tr>\n<tr class=\"row-8\">\n\t<td class=\"column-1\">Water Relations and Development Physiology<\/td><td class=\"column-2\">MGV3713<\/td><td class=\"column-3\">3<\/td><td class=\"column-4\">ABC<\/td><td class=\"column-5\">-<\/td><td class=\"column-6\"><a href=\"https:\/\/pgbv.uenf.br\/wp-content\/uploads\/2020\/08\/MGV-3713-Rela\u00e7\u00f5es-Hidricas-e-Fisiologia-do-Desenvolvimento-Eliemar.pdf\"><i class=\"fa fa-arrow-circle-o-down fa-4.x\"><\/i><\/a><\/td>\n<\/tr>\n<\/tbody>\n<\/table>\n<!-- #tablepress-7 from cache --><\/div>\n<\/div>\n<div style=\"margin-bottom: 20px;\">\u00a0<\/div>\n<p style=\"width: 95%; margin: auto; margin-bottom: 20px; margin-top: 50px;\">- <strong>Integrative Biology: Genomics, Proteomics, Metabolomics and Bioinformatics<\/strong><\/p>\n<div class=\"datagrid\">\n<div>\n<table id=\"tablepress-8\" class=\"tablepress tablepress-id-8\">\n<thead>\n<tr class=\"row-1\">\n\t<th class=\"column-1\">Name<\/th><th class=\"column-2\">Code<\/th><th class=\"column-3\">Credits<\/th><th class=\"column-4\">Grade<\/th><th class=\"column-5\">Required<\/th><th class=\"column-6\">Syllabus<\/th>\n<\/tr>\n<\/thead>\n<tbody class=\"row-striping row-hover\">\n<tr class=\"row-2\">\n\t<td class=\"column-1\">Tissue and Plant Cell Culture<\/td><td class=\"column-2\">LBT2708<\/td><td class=\"column-3\">2<\/td><td class=\"column-4\">ABC<\/td><td class=\"column-5\">-<\/td><td class=\"column-6\"><a href=\"https:\/\/pgbv.uenf.br\/wp-content\/uploads\/2022\/12\/Cultura-de-Tecidos-e-Celulas-Vegetais.pdf\"><i class=\"fa fa-arrow-circle-o-down fa-4.x\"><\/i><\/a><\/td>\n<\/tr>\n<tr class=\"row-3\">\n\t<td class=\"column-1\">Genetics and Molecular Biology<\/td><td class=\"column-2\">LBT2701<\/td><td class=\"column-3\">2<\/td><td class=\"column-4\">ABC<\/td><td class=\"column-5\">-<\/td><td class=\"column-6\"><a href=\"https:\/\/pgbv.uenf.br\/wp-content\/uploads\/2020\/04\/Gen\u00e9tica-e-Biologia-Molecular.pdf\"><i class=\"fa fa-arrow-circle-o-down fa-4.x\"><\/i><\/a><\/td>\n<\/tr>\n<tr class=\"row-4\">\n\t<td class=\"column-1\">Bacterial genomics<\/td><td class=\"column-2\">QFP2711<\/td><td class=\"column-3\">3<\/td><td class=\"column-4\">ABC<\/td><td class=\"column-5\">-<\/td><td class=\"column-6\"><a href=\"https:\/\/pgbv.uenf.br\/wp-content\/uploads\/2020\/08\/QFP-2711-Gen\u00f4mica-de-Bact\u00e9rias-Thiago.pdf\"><i class=\"fa fa-arrow-circle-o-down fa-4.x\"><\/i><\/a><\/td>\n<\/tr>\n<tr class=\"row-5\">\n\t<td class=\"column-1\">Genetic and Molecular Markers<\/td><td class=\"column-2\">PBV2707<\/td><td class=\"column-3\">2<\/td><td class=\"column-4\">ABC<\/td><td class=\"column-5\">-<\/td><td class=\"column-6\"><a href=\"https:\/\/pgbv.uenf.br\/wp-content\/uploads\/2020\/04\/MARCADORES-GEN\u00c9TICOS-E-MOLECULARES.pdf\"><i class=\"fa fa-arrow-circle-o-down fa-4.x\"><\/i><\/a><\/td>\n<\/tr>\n<tr class=\"row-6\">\n\t<td class=\"column-1\">Mechanisms of epigenetic regulation<\/td><td class=\"column-2\">QFP2708<\/td><td class=\"column-3\">2<\/td><td class=\"column-4\">ABC<\/td><td class=\"column-5\">-<\/td><td class=\"column-6\"><a href=\"https:\/\/pgbv.uenf.br\/wp-content\/uploads\/2020\/04\/MECANISMOS-DE-REGULA\u00c7\u00c3O-EPIGEN\u00c9TICA.pdf\"><i class=\"fa fa-arrow-circle-o-down fa-4.x\"><\/i><\/a><\/td>\n<\/tr>\n<tr class=\"row-7\">\n\t<td class=\"column-1\">Principles of Genetic Engineering<\/td><td class=\"column-2\">PBV2709<\/td><td class=\"column-3\">2<\/td><td class=\"column-4\">ABC<\/td><td class=\"column-5\">-<\/td><td class=\"column-6\"><a href=\"https:\/\/pgbv.uenf.br\/wp-content\/uploads\/2024\/06\/Plataforma-Sucupira_PBV2709_Prinipios-de-Engenharia-Genetica.pdf\"><i class=\"fa fa-arrow-circle-o-down fa-4.x\"><\/i><\/a><\/td>\n<\/tr>\n<tr class=\"row-8\">\n\t<td class=\"column-1\">Principles of Plant Proteomics<\/td><td class=\"column-2\">LBT2736<\/td><td class=\"column-3\">2<\/td><td class=\"column-4\">ABC<\/td><td class=\"column-5\">-<\/td><td class=\"column-6\"><a href=\"https:\/\/pgbv.uenf.br\/wp-content\/uploads\/2020\/04\/PRINC\u00cdPIOS-DE-PROTE\u00d4MICA-EM-PLANTAS.pdf\"><i class=\"fa fa-arrow-circle-o-down fa-4.x\"><\/i><\/a><\/td>\n<\/tr>\n<tr class=\"row-9\">\n\t<td class=\"column-1\">Functional Analysis of Proteomic and Transcriptomic Data<\/td><td class=\"column-2\">LBC2743<\/td><td class=\"column-3\">4<\/td><td class=\"column-4\">ABC<\/td><td class=\"column-5\">-<\/td><td class=\"column-6\"><a href=\"https:\/\/pgbv.uenf.br\/wp-content\/uploads\/2024\/06\/Plataforma-Sucupira_LBC2743_Analise-Funcional-de-Dados-Proteomicos-e-Transcriptomicos.pdf\"><i class=\"fa fa-arrow-circle-o-down fa-4.x\"><\/i><\/a><\/td>\n<\/tr>\n<tr class=\"row-10\">\n\t<td class=\"column-1\">Current topics in genomics and systems biology<\/td><td class=\"column-2\">QFP2707<\/td><td class=\"column-3\">2<\/td><td class=\"column-4\">ABC<\/td><td class=\"column-5\">-<\/td><td class=\"column-6\"><a href=\"https:\/\/pgbv.uenf.br\/wp-content\/uploads\/2020\/04\/T\u00d3PICOS-ATUAIS-EM-GEN\u00d4MICA-E-BIOLOGIA-SIST\u00caMICA-1.pdf\"><i class=\"fa fa-arrow-circle-o-down fa-4.x\"><\/i><\/a><\/td>\n<\/tr>\n<\/tbody>\n<\/table>\n<!-- #tablepress-8 from cache --><\/div>\n<\/div>\n<div style=\"margin-bottom: 20px;\">\u00a0<\/div>\n<p style=\"width: 95%; margin: auto; margin-bottom: 20px; margin-top: 50px;\">- <strong>Characterization of Plant Biodiversity and Bioprospecting for Bioactive Compounds<\/strong><\/p>\n<div class=\"datagrid\">\n<div>\n<table id=\"tablepress-9\" class=\"tablepress tablepress-id-9\">\n<thead>\n<tr class=\"row-1\">\n\t<th class=\"column-1\">Name<\/th><th class=\"column-2\">Code<\/th><th class=\"column-3\">Credits<\/th><th class=\"column-4\">Grade<\/th><th class=\"column-5\">Required<\/th><th class=\"column-6\">Syllabus<\/th>\n<\/tr>\n<\/thead>\n<tbody class=\"row-striping row-hover\">\n<tr class=\"row-2\">\n\t<td class=\"column-1\">Structural and Biochemical Bases of Plant Response to Biotic and Abiotic Stresses<\/td><td class=\"column-2\">LBC2720<\/td><td class=\"column-3\">3<\/td><td class=\"column-4\">ABC<\/td><td class=\"column-5\">-<\/td><td class=\"column-6\"><a href=\"https:\/\/pgbv.uenf.br\/wp-content\/uploads\/2020\/04\/BASES-ESTRUTURAIS-E-BIOQU\u00cdMICAS-DA-RESPOSTA-DE-PLANTAS-A-ESTRESSES-BI\u00d3TICOS-E-ABI\u00d3TICOS.pdf\"><i class=\"fa fa-arrow-circle-o-down fa-4.x\"><\/i><\/a><\/td>\n<\/tr>\n<tr class=\"row-3\">\n\t<td class=\"column-1\">Structural and Functional Botany applied to Biodiversity studies<\/td><td class=\"column-2\">LBC2735<\/td><td class=\"column-3\">3<\/td><td class=\"column-4\">ABC<\/td><td class=\"column-5\">-<\/td><td class=\"column-6\"><a href=\"https:\/\/pgbv.uenf.br\/wp-content\/uploads\/2020\/04\/BOT\u00c2NICA-ESTRUTURAL-E-FUNCIONAL-APLICADA-A-ESTUDOS-DE-BIODIVERSIDADE.pdf\"><i class=\"fa fa-arrow-circle-o-down fa-4.x\"><\/i><\/a><\/td>\n<\/tr>\n<tr class=\"row-4\">\n\t<td class=\"column-1\">Methods in Protein Biochemistry applied to Plant Biotechnology<\/td><td class=\"column-2\">QFP2710<\/td><td class=\"column-3\">3<\/td><td class=\"column-4\">ABC<\/td><td class=\"column-5\">-<\/td><td class=\"column-6\"><a href=\"https:\/\/pgbv.uenf.br\/wp-content\/uploads\/2020\/04\/M\u00c9TODOS-EM-BIOQU\u00cdMICA-DE-PROTE\u00cdNAS-APLICADOS-A-BIOTECNOLOGIA-VEGETAL.pdf\"><i class=\"fa fa-arrow-circle-o-down fa-4.x\"><\/i><\/a><\/td>\n<\/tr>\n<tr class=\"row-5\">\n\t<td class=\"column-1\">Animal experimentation using bioactive plant compounds -<em>(UVV)<\/em> <\/td><td class=\"column-2\">BIO0222<\/td><td class=\"column-3\">3<\/td><td class=\"column-4\">ABC<\/td><td class=\"column-5\">-<\/td><td class=\"column-6\"><a href=\"https:\/\/pgbv.uenf.br\/wp-content\/uploads\/2020\/08\/Experimenta\u00e7\u00e3o-Animal-utilizando-compostos-Bioativos-Vegetais-UVV.pdf\"><i class=\"fa fa-arrow-circle-o-down fa-4.x\"><\/i><\/a><\/td>\n<\/tr>\n<tr class=\"row-6\">\n\t<td class=\"column-1\">Plant Proteins Related to Pathogenesis - Pr<\/td><td class=\"column-2\">LFM2706<\/td><td class=\"column-3\">2<\/td><td class=\"column-4\">ABC<\/td><td class=\"column-5\">-<\/td><td class=\"column-6\"><a href=\"https:\/\/pgbv.uenf.br\/wp-content\/uploads\/2020\/08\/LFM2706-Prote\u00ednas-Vegetais-Relacionadas-a-Patogenese-PR.pdf\"><i class=\"fa fa-arrow-circle-o-down fa-4.x\"><\/i><\/a><\/td>\n<\/tr>\n<tr class=\"row-7\">\n\t<td class=\"column-1\">Special Topics in Advanced Plant Anatomy<\/td><td class=\"column-2\">LBC2734<\/td><td class=\"column-3\">2<\/td><td class=\"column-4\">ABC<\/td><td class=\"column-5\">-<\/td><td class=\"column-6\"><a href=\"https:\/\/pgbv.uenf.br\/wp-content\/uploads\/2020\/10\/LBC-2734Topicos-Especiais-em-Anatomia-Vegetal-Avancada-Prof.-Maura.pdf\"><i class=\"fa fa-arrow-circle-o-down fa-4.x\"><\/i><\/a><\/td>\n<\/tr>\n<tr class=\"row-8\">\n\t<td class=\"column-1\"><\/td><td class=\"column-2\"><\/td><td class=\"column-3\"><\/td><td class=\"column-4\"><\/td><td class=\"column-5\"><\/td><td class=\"column-6\"><\/td>\n<\/tr>\n<\/tbody>\n<\/table>\n<!-- #tablepress-9 from cache --><\/div>\n<\/div>\n<\/div>\n\n\n<p><\/p>","protected":false},"excerpt":{"rendered":"<p>Disciplinas do n\u00facleo de forma\u00e7\u00e3o geral Disciplinas optativas por linha de pesquisa \u2022 Biotecnologia Aplicada \u00e0 Agricultura e Meio Ambiente \u00a0 \u2022 Biologia Integrativa: Gen\u00f4mica, Prote\u00f4mica, Metabol\u00f4mica e Bioinform\u00e1tica \u00a0 \u2022 Caracteriza\u00e7\u00e3o da Biodiversidade Vegetal e Bioprospec\u00e7\u00e3o de Compostos Bioativos<\/p>","protected":false},"author":1,"featured_media":0,"parent":0,"menu_order":0,"comment_status":"closed","ping_status":"closed","template":"","meta":{"footnotes":""},"class_list":["post-453","page","type-page","status-publish","hentry"],"_links":{"self":[{"href":"https:\/\/pgbv.uenf.br\/en\/wp-json\/wp\/v2\/pages\/453","targetHints":{"allow":["GET"]}}],"collection":[{"href":"https:\/\/pgbv.uenf.br\/en\/wp-json\/wp\/v2\/pages"}],"about":[{"href":"https:\/\/pgbv.uenf.br\/en\/wp-json\/wp\/v2\/types\/page"}],"author":[{"embeddable":true,"href":"https:\/\/pgbv.uenf.br\/en\/wp-json\/wp\/v2\/users\/1"}],"replies":[{"embeddable":true,"href":"https:\/\/pgbv.uenf.br\/en\/wp-json\/wp\/v2\/comments?post=453"}],"version-history":[{"count":35,"href":"https:\/\/pgbv.uenf.br\/en\/wp-json\/wp\/v2\/pages\/453\/revisions"}],"predecessor-version":[{"id":2824,"href":"https:\/\/pgbv.uenf.br\/en\/wp-json\/wp\/v2\/pages\/453\/revisions\/2824"}],"wp:attachment":[{"href":"https:\/\/pgbv.uenf.br\/en\/wp-json\/wp\/v2\/media?parent=453"}],"curies":[{"name":"wp","href":"https:\/\/api.w.org\/{rel}","templated":true}]}}