{"id":3911,"date":"2023-07-17T10:00:52","date_gmt":"2023-07-17T13:00:52","guid":{"rendered":"https:\/\/pgbv.uenf.br\/?page_id=3911"},"modified":"2025-04-16T10:08:55","modified_gmt":"2025-04-16T13:08:55","slug":"calendario-comissao-coordenadora","status":"publish","type":"page","link":"https:\/\/pgbv.uenf.br\/en\/calendario-comissao-coordenadora\/","title":{"rendered":"Calendar of Meetings"},"content":{"rendered":"<div id=\"Oferta do semestre-atual\">\n<h3 class=\"has-text-align-center\"><span style=\"color: #ff0000;\"><strong>Coordination Committee Meeting Schedule<\/strong><\/span><\/h3>\n<\/div>\n\n\n<p class=\"has-text-align-center\"><strong>2025<\/strong><\/p>\n\n\n\n<p class=\"has-text-align-center\">Click on the panel below to access the calendar of meetings.<br><\/p>\n\n\n\n<iframe class=\"wonderplugin-pdf-iframe\" src=\"https:\/\/pgbv.uenf.br\/wp-content\/plugins\/wonderplugin-pdf-embed\/pdfjslight\/web\/viewer.html?v=2&file=https:\/\/pgbv.uenf.br\/wp-content\/uploads\/2025\/04\/Calendario-Reunioes-Colegiado-2025.pdf\" width=\"100%\" height=\"600px\" style=\"border:0;\"><\/iframe>\n\n\n\n<p><\/p>","protected":false},"excerpt":{"rendered":"<p>Calend\u00e1rio de reuni\u00f5es da Comiss\u00e3o Coordenadora 2025 Clique no painel abaixo, para acessar o calend\u00e1rio de reuni\u00f5es.<\/p>","protected":false},"author":1,"featured_media":0,"parent":0,"menu_order":0,"comment_status":"closed","ping_status":"closed","template":"","meta":{"footnotes":""},"class_list":["post-3911","page","type-page","status-publish","hentry"],"_links":{"self":[{"href":"https:\/\/pgbv.uenf.br\/en\/wp-json\/wp\/v2\/pages\/3911","targetHints":{"allow":["GET"]}}],"collection":[{"href":"https:\/\/pgbv.uenf.br\/en\/wp-json\/wp\/v2\/pages"}],"about":[{"href":"https:\/\/pgbv.uenf.br\/en\/wp-json\/wp\/v2\/types\/page"}],"author":[{"embeddable":true,"href":"https:\/\/pgbv.uenf.br\/en\/wp-json\/wp\/v2\/users\/1"}],"replies":[{"embeddable":true,"href":"https:\/\/pgbv.uenf.br\/en\/wp-json\/wp\/v2\/comments?post=3911"}],"version-history":[{"count":12,"href":"https:\/\/pgbv.uenf.br\/en\/wp-json\/wp\/v2\/pages\/3911\/revisions"}],"predecessor-version":[{"id":5120,"href":"https:\/\/pgbv.uenf.br\/en\/wp-json\/wp\/v2\/pages\/3911\/revisions\/5120"}],"wp:attachment":[{"href":"https:\/\/pgbv.uenf.br\/en\/wp-json\/wp\/v2\/media?parent=3911"}],"curies":[{"name":"wp","href":"https:\/\/api.w.org\/{rel}","templated":true}]}}