{"id":2796,"date":"2022-04-12T19:03:55","date_gmt":"2022-04-12T22:03:55","guid":{"rendered":"https:\/\/pgbv.uenf.br\/?page_id=2796"},"modified":"2025-07-28T15:40:14","modified_gmt":"2025-07-28T18:40:14","slug":"disciplinas-obrigatorias","status":"publish","type":"page","link":"https:\/\/pgbv.uenf.br\/en\/disciplinas-obrigatorias\/","title":{"rendered":"Mandatory Courses"},"content":{"rendered":"<p class=\"has-normal-font-size\"><strong><span style=\"color:#184554\" class=\"has-inline-color\">MASTER'S PROGRAM<\/span><\/strong><\/p>\n\n\n\n<p>To obtain the <strong>Master degree in Plant Biotechnology<\/strong> , the student must, in addition to other requirements, complete a <strong>minimum of 25 credits<\/strong>, including 8 H credits and 17 formal credits (with grades A, B, or C). Among these, the following <strong>mandatory courses<\/strong> must be completed: <\/p>\n\n\n\n<ul class=\"wp-block-list\">\n<li>Organization of Plant Biotechnology Events,<\/li>\n\n\n\n<li>\u25cf Extension Activities I,<\/li>\n\n\n\n<li>\u25cf Plant Biotechnology I,<\/li>\n\n\n\n<li>\u25cf Research Project Design in Biotechnology,<\/li>\n\n\n\n<li>\u25cf Teaching Internship I,<\/li>\n\n\n\n<li>\u25cf Intellectual Property and Technological Innovation,<\/li>\n\n\n\n<li>\u25cf Plant Biotechnology Program Seminar I<\/li>\n\n\n\n<li>\u25cf Plant Biotechnology Program Seminar II,<\/li>\n\n\n\n<li>\u25cf Dissertation Research.<\/li>\n<\/ul>\n\n\n\n<br><hr class=\"botm-line5\" \/>\n\n\n\n<p class=\"has-normal-font-size\"><br><strong><span style=\"color:#184554\" class=\"has-inline-color\">DOCTORAL PROGRAM<\/span><\/strong><\/p>\n\n\n\n<p>To obtain the <strong>Ph.D. degree in Plant Biotechnology<\/strong> , the student must, in addition to other requirements, complete a <strong>minimum of 35 credits<\/strong>, including 12 H credits and 23 formal credits (with grades A, B, or C). Among these, the following <strong>mandatory courses<\/strong> must be completed:<\/p>\n\n\n\n<ul class=\"wp-block-list\">\n<li>Organization of Plant Biotechnology Events,<\/li>\n\n\n\n<li>\u25cf Extension Activities I,<\/li>\n\n\n\n<li>\u25cf Extension Activities II,<\/li>\n\n\n\n<li>\u25cf Plant Biotechnology I,<\/li>\n\n\n\n<li>\u25cf Research Project Design in Biotechnology,<\/li>\n\n\n\n<li>\u25cf  Entrepreneurship and Project Management,<\/li>\n\n\n\n<li>\u25cf Teaching Internship I,<\/li>\n\n\n\n<li>\u25cf  Teaching Internship II,<\/li>\n\n\n\n<li>\u25cf Intellectual Property and Technological Innovation,<\/li>\n\n\n\n<li>\u25cf Plant Biotechnology Program Seminar I<\/li>\n\n\n\n<li>\u25cf Plant Biotechnology Program Seminar II,<\/li>\n\n\n\n<li>\u25cf Plant Biotechnology Program Seminar III, <\/li>\n\n\n\n<li>\u25cf Plant Biotechnology Program Seminar VI,<\/li>\n\n\n\n<li>\u25cf Thesis Research.<\/li>\n<\/ul>\n\n\n\n<br><hr class=\"botm-line5\" \/>","protected":false},"excerpt":{"rendered":"<p>MESTRADO Para obter o grau de Mestre em Biotecnologia Vegetal o discente precisa, al\u00e9m de outros requisitos, integralizar o n\u00famero m\u00ednimo de 25 cr\u00e9ditos, sendo 8 cr\u00e9ditos H e 17 cr\u00e9ditos formais (com conceito A,B,C), dentre estes, a realiza\u00e7\u00e3o de disciplinas obrigat\u00f3rias do programa: DOUTORADO Para obter o grau de Doutor em Biotecnologia Vegetal o [&hellip;]<\/p>\n","protected":false},"author":1,"featured_media":0,"parent":0,"menu_order":0,"comment_status":"closed","ping_status":"closed","template":"","meta":{"footnotes":""},"class_list":["post-2796","page","type-page","status-publish","hentry"],"_links":{"self":[{"href":"https:\/\/pgbv.uenf.br\/en\/wp-json\/wp\/v2\/pages\/2796","targetHints":{"allow":["GET"]}}],"collection":[{"href":"https:\/\/pgbv.uenf.br\/en\/wp-json\/wp\/v2\/pages"}],"about":[{"href":"https:\/\/pgbv.uenf.br\/en\/wp-json\/wp\/v2\/types\/page"}],"author":[{"embeddable":true,"href":"https:\/\/pgbv.uenf.br\/en\/wp-json\/wp\/v2\/users\/1"}],"replies":[{"embeddable":true,"href":"https:\/\/pgbv.uenf.br\/en\/wp-json\/wp\/v2\/comments?post=2796"}],"version-history":[{"count":26,"href":"https:\/\/pgbv.uenf.br\/en\/wp-json\/wp\/v2\/pages\/2796\/revisions"}],"predecessor-version":[{"id":5303,"href":"https:\/\/pgbv.uenf.br\/en\/wp-json\/wp\/v2\/pages\/2796\/revisions\/5303"}],"wp:attachment":[{"href":"https:\/\/pgbv.uenf.br\/en\/wp-json\/wp\/v2\/media?parent=2796"}],"curies":[{"name":"wp","href":"https:\/\/api.w.org\/{rel}","templated":true}]}}