{"id":2111,"date":"2021-04-08T10:17:43","date_gmt":"2021-04-08T13:17:43","guid":{"rendered":"http:\/\/pgbv.uenf.br\/?page_id=2111"},"modified":"2024-08-20T15:05:23","modified_gmt":"2024-08-20T18:05:23","slug":"produtividade-docente","status":"publish","type":"page","link":"https:\/\/pgbv.uenf.br\/en\/produtividade-docente\/","title":{"rendered":"Faculty Productivity"},"content":{"rendered":"<div id=\"produtividade\" class=\"container-fluid\" style=\"padding-bottom: 20px; border-radius: 10px;\">\n<h3 style=\"text-align: center; padding-bottom: 10px;\">\n<strong>Summary of faculty productivity between 2017 and 2020<\/strong><\/h3>\n<div class=\"column\" style=\"padding: 10px;\">\n<div class=\"datagrid\">\n<div>\n<table id=\"tablepress-34\" class=\"tablepress tablepress-id-34\">\n<thead>\n<tr class=\"row-1\">\n\t<th class=\"column-1\">Productions<\/th><th class=\"column-2\">Quantity<\/th>\n<\/tr>\n<\/thead>\n<tbody class=\"row-striping row-hover\">\n<tr class=\"row-2\">\n\t<td class=\"column-1\">Full articles published in journals:<\/td><td class=\"column-2\">365<\/td>\n<\/tr>\n<tr class=\"row-3\">\n\t<td class=\"column-1\">Patents filed:<\/td><td class=\"column-2\">01<\/td>\n<\/tr>\n<tr class=\"row-4\">\n\t<td class=\"column-1\">Social technologies developed:<\/td><td class=\"column-2\">03<\/td>\n<\/tr>\n<tr class=\"row-5\">\n\t<td class=\"column-1\">Registered cultivars:<\/td><td class=\"column-2\">17<\/td>\n<\/tr>\n<tr class=\"row-6\">\n\t<td class=\"column-1\">Startups created: <\/td><td class=\"column-2\">02<\/td>\n<\/tr>\n<tr class=\"row-7\">\n\t<td class=\"column-1\">Software or databases developed:<\/td><td class=\"column-2\">02<\/td>\n<\/tr>\n<tr class=\"row-8\">\n\t<td class=\"column-1\">Engagements with the productive sector and other segments of society:<\/td><td class=\"column-2\">16<\/td>\n<\/tr>\n<tr class=\"row-9\">\n\t<td class=\"column-1\">Book chapters published:<\/td><td class=\"column-2\">23<\/td>\n<\/tr>\n<tr class=\"row-10\">\n\t<td class=\"column-1\">Extension projects:<\/td><td class=\"column-2\">23<\/td>\n<\/tr>\n<tr class=\"row-11\">\n\t<td class=\"column-1\">Research projects:<\/td><td class=\"column-2\">51<\/td>\n<\/tr>\n<\/tbody>\n<\/table>\n<!-- #tablepress-34 from cache --><\/div>\n<\/div>\n<\/div>\n<div class=\"column\" style=\"padding: 10px;\">\n<div class=\"datagrid\">\n<div>\n<table id=\"tablepress-35\" class=\"tablepress tablepress-id-35\">\n<thead>\n<tr class=\"row-1\">\n\t<th class=\"column-1\">Guidelines<\/th><th class=\"column-2\">Quantity<\/th>\n<\/tr>\n<\/thead>\n<tbody class=\"row-striping row-hover\">\n<tr class=\"row-2\">\n\t<td class=\"column-1\">Doctoral theses:<\/td><td class=\"column-2\">66<\/td>\n<\/tr>\n<tr class=\"row-3\">\n\t<td class=\"column-1\">Master\u2019s dissertations: <\/td><td class=\"column-2\">95<\/td>\n<\/tr>\n<tr class=\"row-4\">\n\t<td class=\"column-1\">Undergraduate research projects:<\/td><td class=\"column-2\">61<\/td>\n<\/tr>\n<tr class=\"row-5\">\n\t<td class=\"column-1\">Other types of supervision:<\/td><td class=\"column-2\">15<\/td>\n<\/tr>\n<tr class=\"row-6\">\n\t<td class=\"column-1\">Undergraduate thesis projects:<\/td><td class=\"column-2\">37<\/td>\n<\/tr>\n<\/tbody>\n<\/table>\n<!-- #tablepress-35 from cache --><\/div>\n<\/div>\n<\/div>\n<\/div>\n\n<div class=\"wp-block-image\">\n<figure class=\"aligncenter size-large is-resized\"><img fetchpriority=\"high\" decoding=\"async\" width=\"900\" height=\"500\" src=\"https:\/\/pgbv.uenf.br\/wp-content\/uploads\/2021\/04\/Figura1-1.png\" alt=\"\" class=\"wp-image-2139\" style=\"width:611px;height:338px\" srcset=\"https:\/\/pgbv.uenf.br\/wp-content\/uploads\/2021\/04\/Figura1-1.png 900w, https:\/\/pgbv.uenf.br\/wp-content\/uploads\/2021\/04\/Figura1-1-300x167.png 300w, https:\/\/pgbv.uenf.br\/wp-content\/uploads\/2021\/04\/Figura1-1-768x427.png 768w\" sizes=\"(max-width: 900px) 100vw, 900px\" \/><figcaption class=\"wp-element-caption\"><strong>Figure 1<\/strong>Total number of journal publications by PPGBV faculty between 2017 and 2020.<\/figcaption><\/figure>\n<\/div>\n\n<div class=\"wp-block-image\">\n<figure class=\"aligncenter size-large is-resized\"><img decoding=\"async\" width=\"900\" height=\"500\" src=\"https:\/\/pgbv.uenf.br\/wp-content\/uploads\/2021\/04\/Figura2-1.png\" alt=\"\" class=\"wp-image-2141\" style=\"width:600px;height:332px\" srcset=\"https:\/\/pgbv.uenf.br\/wp-content\/uploads\/2021\/04\/Figura2-1.png 900w, https:\/\/pgbv.uenf.br\/wp-content\/uploads\/2021\/04\/Figura2-1-300x167.png 300w, https:\/\/pgbv.uenf.br\/wp-content\/uploads\/2021\/04\/Figura2-1-768x427.png 768w\" sizes=\"(max-width: 900px) 100vw, 900px\" \/><figcaption class=\"wp-element-caption\"><strong>Figure 2:<\/strong> Stratification of publications according to the preliminary Qualis Reference by CAPES.<\/figcaption><\/figure>\n<\/div>\n\n<div class=\"wp-block-image\">\n<figure class=\"aligncenter size-large is-resized\"><img decoding=\"async\" width=\"900\" height=\"500\" src=\"https:\/\/pgbv.uenf.br\/wp-content\/uploads\/2021\/04\/Figura3-1.png\" alt=\"\" class=\"wp-image-2140\" style=\"width:597px;height:332px\" srcset=\"https:\/\/pgbv.uenf.br\/wp-content\/uploads\/2021\/04\/Figura3-1.png 900w, https:\/\/pgbv.uenf.br\/wp-content\/uploads\/2021\/04\/Figura3-1-300x167.png 300w, https:\/\/pgbv.uenf.br\/wp-content\/uploads\/2021\/04\/Figura3-1-768x427.png 768w\" sizes=\"(max-width: 900px) 100vw, 900px\" \/><figcaption class=\"wp-element-caption\"><strong>Figure 3:<\/strong> Book chapters published by PPGBV faculty between 2017 and 2020.<\/figcaption><\/figure>\n<\/div>\n\n\n<div id=\"produtividade\" class=\"container-fluid\" style=\"padding-bottom: 20px; border-radius: 10px;\">\n<p style=\"text-align: justify; text-indent: 30px;\">The data presented on this page were generated through the semi-automated processing of the faculty members' Lattes r\u00e9sum\u00e9s, using the tool&nbsp;<a hef=\"https:\/\/rafatieppo.github.io\/post\/2019_03_13_lucylattes\/\" target=\"_blank\" rel=\"noreferrer noopener\">lucyLattes<\/a>. The information refers to the total faculty productivity during the 2017\u20132020 period, not only to productions associated with PPGBV.<\/p>\n<p style=\"text-align: justify; text-indent: 30px;\">The data were supplemented with information provided by the faculty to the coordination. Minor discrepancies may exist compared to the Plataforma Sucupira data, particularly due to the automated data processing and because some faculty members were not affiliated throughout the entire 2017\u20132020 period. \n\n\n<div id=\"produtividade\" class=\"container-fluid\" style=\"padding-bottom: 20px; border-radius: 10px;\">\u00a0<\/div>","protected":false},"excerpt":{"rendered":"<p>Resumo de produtividade dos docentes entre 2017 e 2020 Os dados informados nesta p\u00e1gina foram gerados do processamento semi-autom\u00e1tico dos curr\u00edculos lattes dos docentes, com aux\u00edlio da ferramenta&nbsp;lucyLattes. Os dados informados se referem \u00e0 produtividade docente total no per\u00edodo 2017-2020, n\u00e3o apenas \u00e0s produ\u00e7\u00f5es associadas ao PPGBV. As informa\u00e7\u00f5es foram complementadas com dados fornecidos pelos [&hellip;]<\/p>\n","protected":false},"author":1,"featured_media":0,"parent":0,"menu_order":0,"comment_status":"closed","ping_status":"closed","template":"","meta":{"footnotes":""},"class_list":["post-2111","page","type-page","status-publish","hentry"],"_links":{"self":[{"href":"https:\/\/pgbv.uenf.br\/en\/wp-json\/wp\/v2\/pages\/2111","targetHints":{"allow":["GET"]}}],"collection":[{"href":"https:\/\/pgbv.uenf.br\/en\/wp-json\/wp\/v2\/pages"}],"about":[{"href":"https:\/\/pgbv.uenf.br\/en\/wp-json\/wp\/v2\/types\/page"}],"author":[{"embeddable":true,"href":"https:\/\/pgbv.uenf.br\/en\/wp-json\/wp\/v2\/users\/1"}],"replies":[{"embeddable":true,"href":"https:\/\/pgbv.uenf.br\/en\/wp-json\/wp\/v2\/comments?post=2111"}],"version-history":[{"count":47,"href":"https:\/\/pgbv.uenf.br\/en\/wp-json\/wp\/v2\/pages\/2111\/revisions"}],"predecessor-version":[{"id":4519,"href":"https:\/\/pgbv.uenf.br\/en\/wp-json\/wp\/v2\/pages\/2111\/revisions\/4519"}],"wp:attachment":[{"href":"https:\/\/pgbv.uenf.br\/en\/wp-json\/wp\/v2\/media?parent=2111"}],"curies":[{"name":"wp","href":"https:\/\/api.w.org\/{rel}","templated":true}]}}