{"id":166,"date":"2025-04-15T16:02:14","date_gmt":"2025-04-15T19:02:14","guid":{"rendered":"https:\/\/pgbv.uenf.br\/?page_id=166"},"modified":"2025-10-16T17:58:39","modified_gmt":"2025-10-16T20:58:39","slug":"inscricao","status":"publish","type":"page","link":"https:\/\/pgbv.uenf.br\/en\/inscricao\/","title":{"rendered":"Application - SELECTION PROCESS"},"content":{"rendered":"<h2 class=\"wp-block-heading has-text-align-center\"><strong>GRADUATE PROGRAM IN PLANT BIOTECHNOLOGY<\/strong><\/h2>\n\n\n\n<p class=\"has-text-align-center\"><strong>FIRST HALF OF 2026<\/strong><\/p>\n\n\n\n<p class=\"has-text-align-center\"><strong><span style=\"background-color:rgba(0, 0, 0, 0)\" class=\"has-inline-color has-black-color\">C<\/span><\/strong><span style=\"background-color:rgba(0, 0, 0, 0)\" class=\"has-inline-color has-black-color\">lick on<\/span> <span style=\"background-color:rgba(0, 0, 0, 0)\" class=\"has-inline-color has-black-color\"><strong>NOTICE 2026.1 ( <a href=\"https:\/\/pgbv.uenf.br\/wp-content\/uploads\/2025\/09\/Edital-de-Selecao-PGBV-2026-1-Portugues-final.pdf\">PORTUGUESE VERSION <\/a>)<\/strong>, ( <strong><a href=\"https:\/\/pgbv.uenf.br\/wp-content\/uploads\/2025\/09\/Edital-de-Selecao-PGBV-2026-1-Ingles-final.pdf\">ENGLISH VERSION<\/a><\/strong> ) <\/span><strong><strong><span style=\"background-color:rgba(0, 0, 0, 0)\" class=\"has-inline-color has-black-color\">OR ( <a href=\"https:\/\/pgbv.uenf.br\/wp-content\/uploads\/2025\/09\/Edital-de-Selecao-PGBV-2026-1-Espanhol-final.pdf\">ESPA\u00d1OL VERSION<\/a> )<\/span><\/strong>  <\/strong><\/p>\n\n\n\n<p><\/p>\n\n\n\n<p><strong>APPLICATION PERIOD:&nbsp; <\/strong>from&nbsp;<strong>01\/10\/2025 a 31\/10\/2025<\/strong><\/p>\n\n\n\n<ul class=\"wp-block-list\">\n<li><strong>Announcement of results (PHASE 1)<\/strong>:<strong> <\/strong>until November 28, 2025.<\/li>\n\n\n\n<li><strong>Conducting interviews (PHASE 02)<\/strong>: 01 e 03\/12\/2025<\/li>\n\n\n\n<li><strong>Announcement of final results:&nbsp;<\/strong>until 09\/12\/2025, on the Program's website<strong>;<\/strong><\/li>\n\n\n\n<li><strong>Enrollment of selected candidates<\/strong>: to be defined;<\/li>\n\n\n\n<li><strong>Start of 1st semester 2026<\/strong>March 2026 (the date will be announced in due course).<\/li>\n<\/ul>\n\n\n\n<p>1) All applications accompanied by the documentation specified in item&nbsp;<strong>4.3 of the Selection Notice<\/strong>The following should be sent&nbsp;<strong>exclusively via e-mail: pgbv.secretaria@uenf.br,&nbsp;<\/strong>until the day&nbsp;<strong>31\/10\/2025 at 23:59 (Brasilia time)<\/strong>.<\/p>\n\n\n\n<p>For more details on the&nbsp;<strong>JOB PROFILE<\/strong>&nbsp;<strong>by RESEARCH THEME<\/strong>&nbsp;with the respective supervising professors, please access&nbsp;<strong>ANNEX 2<\/strong>&nbsp;(<strong><a href=\"https:\/\/pgbv.uenf.br\/wp-content\/uploads\/2025\/09\/Quadro_de_Vagas_Portugues_-PGBV_2026-1.pdf\">PORTUGUESE VERSION<\/a><\/strong>) ,&nbsp;<strong>ANNEX 2 (<a href=\"https:\/\/pgbv.uenf.br\/wp-content\/uploads\/2025\/09\/Quadro_de_Vagas_Ingles_-PGBV_2026-1.pdf\">ENGLISH VERSION<\/a>) OR ANNEX 2 (<a href=\"https:\/\/pgbv.uenf.br\/wp-content\/uploads\/2025\/09\/Quadro_de_Vagas_Espanhol_-PGBV_2026-1.pdf\">SPANISH VERSION<\/a><\/strong>).<\/p>\n\n\n\n<p><strong>NUMBER OF OPENINGS :<\/strong><\/p>\n\n\n\n<p>Master's degree: 20<\/p>\n\n\n\n<p>Doctorate: 13<\/p>\n\n\n\n<p><strong>Document Submission Procedures:<\/strong><\/p>\n\n\n\n<p>The PPGBV Coordination requests candidates to organize their documentation in PDF format for submission, sending it in separate compressed folders (Folder 1 and Folder 2).<\/p>\n\n\n\n<p><strong>Folder 1 - Registration documents<\/strong><\/p>\n\n\n\n<p>1.&nbsp;<a href=\"https:\/\/pgbv.uenf.br\/wp-content\/uploads\/2025\/04\/Fomulario-inscricao-Processo-seletivo_PG_atual-2025.24.docx\">Registration form<\/a><a href=\"https:\/\/pgbv.uenf.br\/wp-content\/uploads\/2024\/10\/Fomulario-inscricao-Processo-seletivo_PG_atual-2025.1.docx\">;<\/a><\/p>\n\n\n\n<p>2. Diploma (front and back) from university or equivalent document;<\/p>\n\n\n\n<p>3. (Final) academic transcript for Master's and Doctorate candidates;<\/p>\n\n\n\n<p>4. Degree certificate (front and back) of the Master\u2019s for Doctorate candidates;<\/p>\n\n\n\n<p>5. Master's degree transcripts (definitive) for PhD candidates;<\/p>\n\n\n\n<p>6. Two 3\u00d74 photos;<\/p>\n\n\n\n<p>7.&nbsp;<a href=\"https:\/\/pgbv.uenf.br\/wp-content\/uploads\/2024\/10\/Carta-de-referencia-Processo-seletivo_Carta.docx\">Reference letter<\/a>&nbsp;three people linked to their university education or professional activities (<strong>item 4.3 - h - of Notice 2026\/1)<\/strong>;<\/p>\n\n\n\n<p>8. Copy of Civil Identity Card, CPF, Civil Registration, Voter Registration Card and Military Document;<\/p>\n\n\n\n<p><strong>Folder 2 - Documents<\/strong>&nbsp;<strong>for Evaluation<\/strong>&nbsp;(<strong>PHASE 01<\/strong>)<\/p>\n\n\n\n<p>1.&nbsp;<a href=\"https:\/\/pgbv.uenf.br\/wp-content\/uploads\/2025\/04\/Proposta-de-Pesquisa_Versao-Portugues.docx\">Research Proposal (Portuguese Version)<\/a>&nbsp;- Annex 1 (dated and signed) , <a href=\"https:\/\/pgbv.uenf.br\/wp-content\/uploads\/2025\/04\/Proposta-de-Pesquisa_Versao-English.docx\">Research Proposal (English Version)<\/a> - Annex 1 (dated and signed),  <a href=\"https:\/\/pgbv.uenf.br\/wp-content\/uploads\/2025\/04\/Proposta-de-Pesquisa_Versao-Espanol.docx\">Research proposal (Spanish version)<\/a> - Annex 1 (closed and signed).<\/p>\n\n\n\n<p>2.&nbsp;<em>Curriculum Vitae<\/em>&nbsp;personalized containing only the items set out in the respective scoring tables for master's and\/or doctoral degrees in this notice<em>.<\/em><\/p>\n\n\n\n<p class=\"has-text-align-left\">3. Supporting documentation\u00a0<em>Curriculum Vitae<\/em>.\u00a0<em>A\u00a0<strong>supporting documentation must be in a SINGLE PDF FILE<\/strong>\u00a0(file name: candidate_proofsCV.pdf) and must be organized exactly in the order of the items provided in the respective scoring tables (<strong>ITEM 7.1 - PHASE 01<\/strong>\u00a0- table) for master's degree and or ( <strong>ITEM 7.2<\/strong> \u2013 <strong>PHASE 01 table<\/strong>) doctorate of this notice<\/em> (<a href=\"https:\/\/pgbv.uenf.br\/wp-content\/uploads\/2025\/09\/Edital-de-Selecao-PGBV-2026-1-Portugues-final.pdf\"><strong>Public Notice<\/strong> <strong>Portuguese version<\/strong><\/a>); (<strong><em>ITEM 6.1 - PHASE 01<\/em><\/strong> \u2013 <strong>table<\/strong>) for a master's degree and either (<em><strong>ITEM 6.2<\/strong> \u2013 <strong>PHASE 01 - table<\/strong><\/em>) <em>doctorate of this public notice<\/em> (<strong><a href=\"https:\/\/pgbv.uenf.br\/wp-content\/uploads\/2025\/09\/Edital-de-Selecao-PGBV-2026-1-Ingles-final.pdf\">English version<\/a><\/strong>) or (<em><strong>ARTICLE 6.1 - PHASE 01<\/strong>\u00a0\u2013 <strong>table<\/strong>) for a master's degree and either ( <strong>ARTICLE 6.2<\/strong> \u2013 <strong>PHASE 01 - table<\/strong>) doctorate of this notice<\/em> (<strong><a href=\"https:\/\/pgbv.uenf.br\/wp-content\/uploads\/2025\/09\/Edital-de-Selecao-PGBV-2026-1-Espanhol-final.pdf\">Edital Versi\u00f3n en Espa\u00f1ol<\/a><\/strong>).<\/p>\n\n\n\n<p><strong>Quota Openings Information:<\/strong><\/p>\n\n\n\n<p>-  The candidate for a quota must select the quota option on the application form.<\/p>\n\n\n\n<p>- If approved in Phases 1 and 2 of the selection process, the candidate for a quota position will be evaluated on socioeconomic criteria. For this purpose, after approval in the selection process, the candidate must complete the electronic form and attach the list of supporting documents:&nbsp;<a href=\"https:\/\/uenf.br\/posgraduacao\/avaliacao-socioeconomica-de-editais-da-pos-graduacao\/\">https:\/\/uenf.br\/posgraduacao\/avaliacao-socioeconomica-de-editais-da-pos-graduacao\/<\/a><\/p>\n\n\n\n<p><\/p>","protected":false},"excerpt":{"rendered":"<p>PROGRAMA DE P\u00d3S-GRADUA\u00c7\u00c3O EM BIOTECNOLOGIA VEGETAL PRIMEIRO SEMESTRE DE 2026 Clique no EDITAL 2026.1 ( VERS\u00c3O PORTUGU\u00caS ), ( VERS\u00c3O ENGLISH ) OU ( VERS\u00c3O ESPA\u00d1OL ) INSCRI\u00c7\u00d5ES:&nbsp; de&nbsp;01\/10\/2025 a 31\/10\/2025 1) Todas as inscri\u00e7\u00f5es acompanhadas da documenta\u00e7\u00e3o especificada no item&nbsp;4.3 do Edital de Sele\u00e7\u00e3o, dever\u00e3o ser enviadas&nbsp;exclusivamente atrav\u00e9s do e-mail:&nbsp;pgbv.secretaria@uenf.br,&nbsp;at\u00e9 o dia&nbsp;31\/10\/2025 \u00e0s 23:59 [&hellip;]<\/p>\n","protected":false},"author":1,"featured_media":0,"parent":0,"menu_order":0,"comment_status":"closed","ping_status":"closed","template":"","meta":{"footnotes":""},"class_list":["post-166","page","type-page","status-publish","hentry"],"_links":{"self":[{"href":"https:\/\/pgbv.uenf.br\/en\/wp-json\/wp\/v2\/pages\/166","targetHints":{"allow":["GET"]}}],"collection":[{"href":"https:\/\/pgbv.uenf.br\/en\/wp-json\/wp\/v2\/pages"}],"about":[{"href":"https:\/\/pgbv.uenf.br\/en\/wp-json\/wp\/v2\/types\/page"}],"author":[{"embeddable":true,"href":"https:\/\/pgbv.uenf.br\/en\/wp-json\/wp\/v2\/users\/1"}],"replies":[{"embeddable":true,"href":"https:\/\/pgbv.uenf.br\/en\/wp-json\/wp\/v2\/comments?post=166"}],"version-history":[{"count":370,"href":"https:\/\/pgbv.uenf.br\/en\/wp-json\/wp\/v2\/pages\/166\/revisions"}],"predecessor-version":[{"id":5405,"href":"https:\/\/pgbv.uenf.br\/en\/wp-json\/wp\/v2\/pages\/166\/revisions\/5405"}],"wp:attachment":[{"href":"https:\/\/pgbv.uenf.br\/en\/wp-json\/wp\/v2\/media?parent=166"}],"curies":[{"name":"wp","href":"https:\/\/api.w.org\/{rel}","templated":true}]}}