{"id":1083,"date":"2020-04-22T17:47:17","date_gmt":"2020-04-22T20:47:17","guid":{"rendered":"https:\/\/pgbv.uenf.br\/?page_id=1083"},"modified":"2025-04-08T21:26:19","modified_gmt":"2025-04-09T00:26:19","slug":"living-in-brazil","status":"publish","type":"page","link":"https:\/\/pgbv.uenf.br\/en\/living-in-brazil\/","title":{"rendered":"Living in Brazil"},"content":{"rendered":"<div id=\"inscricao\" class=\"container-fluid\" style=\"text-align: justify;\">\n<div class=\"col-md-4 col-sm-4\">\n<div class=\"carousel js-flickity\" data-flickity-options=\"{&quot;autoPlay&quot;:5500 }\">\n<div class=\"carousel-cell\"><img decoding=\"async\" src=\"https:\/\/pgbv.uenf.br\/wp-content\/uploads\/2020\/04\/1.png\" \/><\/div>\n<div class=\"carousel-cell\"><img decoding=\"async\" src=\"https:\/\/pgbv.uenf.br\/wp-content\/uploads\/2020\/04\/2.png\" \/><\/div>\n<div class=\"carousel-cell\"><img decoding=\"async\" src=\"https:\/\/pgbv.uenf.br\/wp-content\/uploads\/2020\/04\/3.png\" \/><\/div>\n<div class=\"carousel-cell\"><img decoding=\"async\" src=\"https:\/\/pgbv.uenf.br\/wp-content\/uploads\/2020\/04\/4.png\" \/><\/div>\n<\/div>\n<\/div>\n<div class=\"col-md-8 col-sm-8\" style=\"text-align: justify;\">\n<p style=\"text-transform: uppercase;\"><strong>Campos dos Goytacazes<\/strong><\/p>\n<p style=\"text-indent: 50px;\">Campos dos Goytacazes is the largest city in the state of Rio de Janeiro, with an area of 4,026,696 km\u00b2 and around 508,000 inhabitants. It is known nationally for its role in the oil and gas industry, which has a major impact on Brazil's economy and international markets. In the past, Campos was considered one of the country's main sugar cane production centers, a historical factor that has shaped our current society. Here you can find beaches and famous waterfalls, such as the Rio Preto and Imb\u00e9 waterfalls, as well as natural places for those who enjoy hiking or trekking. Campos dos Goytacazes is approximately 277 km from the state capital, R\u00edo de Janeiro. You can travel to R\u00edo de Janeiro by bus, which takes approximately 4 hours.<\/p>\n<\/div>\n<\/div>\n<div id=\"inscricao\" class=\"container-fluid\" style=\"text-align: justify;\">\n<hr class=\"botm-line5\" \/>\n<p style=\"text-transform: uppercase;\"><strong>Living Cost<\/strong><\/p>\n<p>The monthly cost of living in Campos dos Goytacazes is around R$ 1,000.00 per person, including house rent, bills and food. Typically, students live in a shared house or apartment near the University campus with 2 or more roommates who share their living expenses.<\/p>\n<hr class=\"botm-line5\" \/>\n<div>\n<p style=\"text-transform: uppercase;\"><strong>Meals<\/strong><\/p>\n<p>UENF maintains a restaurant that serves lunch and dinner from Monday to Friday for R$ 4.00. The menu includes options for vegetarian students, juices and desserts.<\/p>\n<\/div>\n<hr class=\"botm-line5\" \/>\n<div>\n<p style=\"text-transform: uppercase;\"><strong>Airport<\/strong><\/p>\n<p>Bartolomeu Lisandro Airport is a small airport in the city that offers only one flight per day to the city of S\u00e3o Paulo. For international flights or to other cities, students must travel to Rio de Janeiro by bus, where there are 2 airports: Santos Dumont Airport (for domestic flights) and Tom Jobim International Airport (for international flights).<\/p>\n<\/div>\n<\/div>","protected":false},"excerpt":{"rendered":"<p>Campos dos Goytacazes Campos dos Goytacazes \u00e9 a maior cidade do estado do Rio de Janeiro, com 4.026.696 km\u00b2 e cerca de 508.000 habitantes. \u00c9 conhecida nacionalmente por seu papel na ind\u00fastria de \u00f3leo e g\u00e1s, que tem grande impacto na economia brasileira e nos mercados de com\u00e9rcio internacional. No passado, Campos foi considerada um [&hellip;]<\/p>\n","protected":false},"author":1,"featured_media":0,"parent":0,"menu_order":0,"comment_status":"closed","ping_status":"closed","template":"","meta":{"footnotes":""},"class_list":["post-1083","page","type-page","status-publish","hentry"],"_links":{"self":[{"href":"https:\/\/pgbv.uenf.br\/en\/wp-json\/wp\/v2\/pages\/1083","targetHints":{"allow":["GET"]}}],"collection":[{"href":"https:\/\/pgbv.uenf.br\/en\/wp-json\/wp\/v2\/pages"}],"about":[{"href":"https:\/\/pgbv.uenf.br\/en\/wp-json\/wp\/v2\/types\/page"}],"author":[{"embeddable":true,"href":"https:\/\/pgbv.uenf.br\/en\/wp-json\/wp\/v2\/users\/1"}],"replies":[{"embeddable":true,"href":"https:\/\/pgbv.uenf.br\/en\/wp-json\/wp\/v2\/comments?post=1083"}],"version-history":[{"count":47,"href":"https:\/\/pgbv.uenf.br\/en\/wp-json\/wp\/v2\/pages\/1083\/revisions"}],"predecessor-version":[{"id":5052,"href":"https:\/\/pgbv.uenf.br\/en\/wp-json\/wp\/v2\/pages\/1083\/revisions\/5052"}],"wp:attachment":[{"href":"https:\/\/pgbv.uenf.br\/en\/wp-json\/wp\/v2\/media?parent=1083"}],"curies":[{"name":"wp","href":"https:\/\/api.w.org\/{rel}","templated":true}]}}