{"id":1019,"date":"2020-04-22T10:49:08","date_gmt":"2020-04-22T13:49:08","guid":{"rendered":"https:\/\/pgbv.uenf.br\/?page_id=1019"},"modified":"2026-02-11T11:18:31","modified_gmt":"2026-02-11T14:18:31","slug":"entrega-de-exemplar","status":"publish","type":"page","link":"https:\/\/pgbv.uenf.br\/en\/entrega-de-exemplar\/","title":{"rendered":"Copy delivery"},"content":{"rendered":"<p style=\"text-align: center;\"><strong>FOR SIGNING THE APPROVAL SHEET OF THE FINAL VERSION - DISSERTATIONS AND THESES<\/strong><\/p>\n<p style=\"text-align: center;\"><a href=\"https:\/\/pgbv.uenf.br\/wp-content\/uploads\/2024\/03\/RESOLUCAO-COLAC-No-33-DE-04-DE-MARCO-DE-2024_REVOGA-A-RESOLUCAO-COLAC-No-28-DE-2023.docx\">UENF COLAC RESOLUTION No. 33 OF MARCH 04, 2024 REPEALS COLAC RESOLUTION No. 28\/2023 - \"ESTABLISHES PROCEDURES FOR SIGNING APPROVAL MINUTES AND APPROVAL SHEETS FOR DISSERTATIONS AND THESIS AND PROVIDES OTHER PROVISIONS\"<\/a><\/p>\n<p>RESOLVE: Art. 1 - Within the scope of UENF, the advanced electronic signatures of members of the examining board on the approval sheet of the final version of the dissertations and theses that they use will be recognized and accepted, with presumption of legality, in accordance with art. 28 of State Decree No. 48.209\/2022:<\/p>\n<p>I-ICPEdu certificate, issued to members of the UENF university community with access to the Academic System;<\/p>\n<p>II - Gov.BR electronic signature, issued by the Gov.Br Electronic Signature Portal.<\/p>\n<p>Art.2 - If it is impossible for the board member to sign electronically, the chair of the board will issue a declaration using the SEI system.<\/p>\n<p>Chair of the board and students: attention \u00a72\u00ba For delivery of the final version of the dissertations and theses in article 2<\/p>\n<p><strong>Final version approval sheet <\/strong>- Paragraph 2 Art. 2 - \"For the delivery of the final version of dissertations and theses, the chair of the committee will issue a declaration using the SEI system containing in the text the expression \"I declare that the final version of the dissertation (student's name, level, and title of the dissertation or thesis) was approved by the member(s) (mention the full name of each member) of the committee unable to sign the document\". This declaration must be attached to the final printed and\/or digital version.\"<\/p>\n<p><strong>PROCEDURES:<\/strong><\/p>\n<ol>\n<li>1- The Chair of the board must issue the declaration via SEI to the PPGBV Coordination.<\/li>\n<li>2- Indicate in the SEI system declaration the name(s) of the board member(s) unable to sign the signature sheet.<\/li>\n<li>3 - This declaration must be attached to the final version of the dissertation and\/or thesis, on the back of the signature sheet;<\/li>\n<li>4 -The student has <strong>60 days<\/strong> to arrange for the original signatures of the members on the signature sheet of the final version. Get organized right after the defense to complete this procedure on time.<\/li>\n<li>5 - On the signature sheet, the chair of the board will sign with \"P\/\" in the field corresponding to the name of the board member unable to sign in person or unable to include an electronic signature as provided for in COLAC Resolution 33, via ICEPdu or Gov.BR.<\/li>\n<\/ol>\n<p>\u00a0<\/p>\n<p><strong>DELIVERY OF COPY OF DISSERTATION\/THESIS<\/strong><br \/><strong>THE DEADLINE FOR DELIVERY OF THE FINISHED COPY, ACCORDING TO THE CURRENT REGULATIONS, IS 60 DAYS, WHICH CANNOT BE EXTENDED<\/strong><\/p>\n<hr \/>\n<p><strong>PROCEDURES: (for all students who have defended)<\/strong><\/p>\n<p><strong>1<\/strong>. The student must send, by e-mail to pgbv.secretaria@uenf.br, the final PDF version (single file) and the Word version of their Thesis or Dissertation. <strong>A printed version of the final version will not be required, as approved by the members of the PPGBV Coordinating Committee.<\/strong><\/p>\n<p><strong>2<\/strong>. In the files sent, it is mandatory to include the cataloguing form and the sheet with the names of the members of the board, duly signed (<strong>complete file<\/strong>).<\/p>\n<p><strong>3. <\/strong>After collecting the in-person signatures of the board members, the student must organize the complete file of the Thesis\/Dissertation (including the catalog and signature sheet) and send it to the evaluators. Please note that the members who participated in person must sign the original sheet, <strong>while those who participated remotely will have to include their signature via GOV at a later date.<\/strong><\/p>\n<p><strong>4- <\/strong>The student, <strong>FAPERJ Fellow<\/strong>,In order to submit the Technical Report, please follow the Instructions for Submitting Scholarship Activity Reports via Sis Faperj (website: https:\/\/www.faperj.br\/?id=100.5.6). The Technical Report, IN PDF FORMAT (maximum file size: 10 Mb), must be sent by the project supervisor\/proponent.<\/p>\n<p><strong>5-<\/strong> Students must fill in the <strong>whether or not to publish the Thesis\/Dissertation<\/strong> through <strong>Authorization Form for electronic publication in the UENF Digital Library of Theses and Dissertations and the Authorization Form for publication of Thesis\/Dissertation on the PPGBV website and CAPES Database<\/strong> (available below) ;<\/p>\n<p><strong>Attention:<br \/><\/strong>Under Affiliation: (Author's place of employment): leave blank;<br \/>Under Funding Agency: Fill in the type of scholarship awarded. Ex: UENF Scholarship, FAPERJ Scholarship or CAPES Scholarship.<\/p>\n<p><b>6-<u>REGISTRATION OF THE THESIS\/DISSERTATION AT\u00a0<span class=\"il\">LIBRARY<\/span>\u00a0<span class=\"il\">NATIONAL<\/span><\/u><br \/><br \/><\/b>Registering a thesis or dissertation is a fundamental procedure for ensuring the visibility of the research carried out, as well as providing legal protection for the author. It also contributes to the body of knowledge available to society.<br \/>\u00a0A\u00a0<span class=\"il\">Library<\/span>\u00a0<span class=\"il\">National<\/span> offers the remote registration service via the link below. By clicking on the link, you will find all the information you need for the process.\u00a0<br \/>\u00a0At the end of the procedure, you will receive a proof of use of this service by e-mail, please send a copy to pgbv.secretaria@uenf.br.<b><br \/><span style=\"color: #000000;\">Attention:<\/span> The Thesis\/Dissertation should only be deposited in the National Library after it has been duly authorized on the Program page and registered on the Sucupira Platform, in accordance with the guidelines established for the procedure.<br \/><a href=\"https:\/\/www.gov.br\/pt-br\/servicos\/registrar-ou-averbar-direitos-autorais-na-biblioteca-nacional\" target=\"_blank\" rel=\"noopener\" data-saferedirecturl=\"https:\/\/www.google.com\/url?q=https:\/\/www.gov.br\/pt-br\/servicos\/registrar-ou-averbar-direitos-autorais-na-biblioteca-nacional&amp;source=gmail&amp;ust=1758287555901000&amp;usg=AOvVaw2kK_5Bc0DKWCuQxwV6xv5u\">https:\/\/www.gov.br\/pt-br\/<wbr \/>services\/registrar-or-averbar-<wbr \/>authorial-rights-in-<wbr \/><span class=\"il\">library<\/span>\u2013<span class=\"il\">national<\/span><\/a><br \/><br \/><\/b><strong>7-<\/strong> The supervisor must fill in the <strong>Thesis\/Dissertation Revision Statement<\/strong> (available on the form below).<\/p>\n<p>\u00a0<\/p>\n<p><strong>FORMS:<\/strong><\/p>\n\n<table id=\"tablepress-22\" class=\"tablepress tablepress-id-22\">\n<thead>\n<tr class=\"row-1\">\n\t<th class=\"column-1\">Document<\/th><th class=\"column-2\">Download<\/th>\n<\/tr>\n<\/thead>\n<tbody class=\"row-striping row-hover\">\n<tr class=\"row-2\">\n\t<td class=\"column-1\">Instructions for sending Scholarship Activity Reports via SIS FAPERJ<\/td><td class=\"column-2\"><a href=\"https:\/\/pgbv.uenf.br\/wp-content\/uploads\/2023\/05\/Instrucoes-para-envio-de-Relatorios-de-Atividades-de-Bolsas-via-Sis-Faperj.pdf\" rel=\"noopener noreferrer\" target=\"_blank\"><i class=\"fa fa-arrow-circle-o-down fa-4.x\"><\/i><\/a><\/td>\n<\/tr>\n<tr class=\"row-3\">\n\t<td class=\"column-1\">Thesis\/Dissertation Revision Statement<\/td><td class=\"column-2\"><a href=\"https:\/\/pgbv.uenf.br\/wp-content\/uploads\/2026\/02\/Declaracao-de-Revisao-da-Dissertacao-Tese-4.docx\" rel=\"noopener noreferrer\" target=\"_blank\"><i class=\"fa fa-arrow-circle-o-down fa-4.x\"><\/i><\/a><\/td>\n<\/tr>\n<tr class=\"row-4\">\n\t<td class=\"column-1\">Authorization Form for publication of Thesis\/Dissertation on the PPGBV website and CAPES Database<\/td><td class=\"column-2\"><a href=\"https:\/\/pgbv.uenf.br\/wp-content\/uploads\/2023\/08\/Formulario-Publicacao-de-tese.dissertacao-site-PGBV-e-Banco-de-dados-CAPES.docx\" rel=\"noopener noreferrer\" target=\"_blank\"><i class=\"fa fa-arrow-circle-o-down fa-4.x\"><\/i><\/a><\/td>\n<\/tr>\n<tr class=\"row-5\">\n\t<td class=\"column-1\"> Term of Authorization for electronic publication in the UENF Digital Library of Theses and Dissertations<\/td><td class=\"column-2\"><a href=\"https:\/\/pgbv.uenf.br\/wp-content\/uploads\/2020\/04\/Termo-de-autorizacao-divulga\u00e7\u00e3o-Tese.doc\" rel=\"noopener noreferrer\" target=\"_blank\"><i class=\"fa fa-arrow-circle-o-down fa-4.x\"><\/i><\/a><\/td>\n<\/tr>\n<\/tbody>\n<\/table>\n<!-- #tablepress-22 from cache -->\n\n\n<p><\/p>","protected":false},"excerpt":{"rendered":"<p>PARA ASSINATURA DA FOLHA DE APROVA\u00c7\u00c3O DA VERS\u00c3O FINAL \u2013 DISSERTA\u00c7\u00d5ES E TESES RESOLU\u00c7\u00c3O COLAC UENF No. 33 DE 04 DE MAR\u00c7O DE 2024 REVOGA A RESOLU\u00c7\u00c3O COLAC N\u00ba28\/2023 &#8211; \u201cESTABELECE OS PROCEDIMENTOS PARA ASSINATURA DE ATA DE APROVA\u00c7\u00c3O E FOLHA DE APROVA\u00c7\u00c3O DE DISSERTA\u00c7\u00c3O E TESE E D\u00c1 OUTRAS PROVID\u00caNCIAS\u201d RESOLVE:\u00a0Art. 1\u00ba \u2013 No [&hellip;]<\/p>\n","protected":false},"author":1,"featured_media":0,"parent":0,"menu_order":0,"comment_status":"closed","ping_status":"closed","template":"","meta":{"footnotes":""},"class_list":["post-1019","page","type-page","status-publish","hentry"],"_links":{"self":[{"href":"https:\/\/pgbv.uenf.br\/en\/wp-json\/wp\/v2\/pages\/1019","targetHints":{"allow":["GET"]}}],"collection":[{"href":"https:\/\/pgbv.uenf.br\/en\/wp-json\/wp\/v2\/pages"}],"about":[{"href":"https:\/\/pgbv.uenf.br\/en\/wp-json\/wp\/v2\/types\/page"}],"author":[{"embeddable":true,"href":"https:\/\/pgbv.uenf.br\/en\/wp-json\/wp\/v2\/users\/1"}],"replies":[{"embeddable":true,"href":"https:\/\/pgbv.uenf.br\/en\/wp-json\/wp\/v2\/comments?post=1019"}],"version-history":[{"count":55,"href":"https:\/\/pgbv.uenf.br\/en\/wp-json\/wp\/v2\/pages\/1019\/revisions"}],"predecessor-version":[{"id":5361,"href":"https:\/\/pgbv.uenf.br\/en\/wp-json\/wp\/v2\/pages\/1019\/revisions\/5361"}],"wp:attachment":[{"href":"https:\/\/pgbv.uenf.br\/en\/wp-json\/wp\/v2\/media?parent=1019"}],"curies":[{"name":"wp","href":"https:\/\/api.w.org\/{rel}","templated":true}]}}